{"id":586360,"date":"2023-01-30T21:23:38","date_gmt":"2023-01-30T19:23:38","guid":{"rendered":"https:\/\/planetdiablo.eu\/de\/?page_id=586360"},"modified":"2023-01-31T08:47:12","modified_gmt":"2023-01-31T06:47:12","slug":"der-hirtenstab","status":"publish","type":"page","link":"https:\/\/planetdiablo.eu\/de\/der-hirtenstab\/","title":{"rendered":"Der Hirtenstab \/ Staff of Herding"},"content":{"rendered":"\n<p>Den Hirtenstab \/ Staff of Herding zu bekommen kann eine sehr aufwendig Aufgabe werden, da hier der Zufall sehr stark mitspielt, wenn es um das Finden der einzelnen Gegenst\u00e4nde geht. Folgende Gegenst\u00e4nde m\u00fcsst ihr suchen, um den Stab zusammen bauen zu k\u00f6nnen:<\/p>\n\n\n\n<ul class=\"wp-block-list\">\n<li><a href=\"#Glocke\">Wirts Glocke<\/a> \/ Wirt&#8217;s Bell<\/li>\n\n\n\n<li><a href=\"#Pilz\">Schwarzer Pilz<\/a> \/ Black Mushroom<\/li>\n\n\n\n<li><a href=\"#Wasser\">Regenbogenwasser<\/a> \/ Liquid Rainbow<\/li>\n\n\n\n<li><a href=\"#Stein\">Kauderwelschstein<\/a> \/ Gibbering Gemstone<\/li>\n\n\n\n<li><a href=\"#Leorics\">Leorics Schienbein<\/a> \/ Leoric&#8217;s Shinbone<\/li>\n\n\n\n<li><a href=\"#Plan\">Plan Hirtenstab<\/a> \/ Staff of Herding<\/li>\n<\/ul>\n\n\n\n<hr class=\"wp-block-separator has-alpha-channel-opacity\"\/>\n\n\n\n<p>Nehmt daf\u00fcr auf jeden Fall einen Char, mit dem ihr flott unterwegs seid, denn es m\u00fcssen viele Kilometer zur\u00fcckgelegt werden, bis man alles Zutaten und den Plan findet. Der Schwierigkeitsgrad, auf dem man spielt, hat auf die Droprate der Gegenst\u00e4nde \u00fcbrigens keine Auswirkung. Man kann also durchaus einen schw\u00e4cheren Char nehmen und auf Normal spielen.<br>Sind alle Zutaten gesammelt, kann man den Stab beim Schmied zusammenbauen und damit ins &#8222;Ponylevel&#8220; in die Grafschaft Launebach reisen. Dazu in Akt I den Wegpunkt Die Alten Ruinen w\u00e4hlen und dann dem Weg nach Nordwesten folgen:<\/p>\n\n\n\n<figure class=\"wp-block-image size-full\"><img loading=\"lazy\" decoding=\"async\" width=\"501\" height=\"355\" src=\"https:\/\/planetdiablo.eu\/de\/wp-content\/uploads\/2023\/01\/Kuhkoenig.jpg\" alt=\"\" class=\"wp-image-586391\"\/><\/figure>\n\n\n\n<p>Dort stehe der Geist des Kuhk\u00f6nigs, mit dem ihr sprechen m\u00fcsst:<\/p>\n\n\n\n<figure class=\"wp-block-image size-full is-resized\"><img loading=\"lazy\" decoding=\"async\" src=\"https:\/\/planetdiablo.eu\/de\/wp-content\/uploads\/2023\/01\/Geist-des-Kuhkoenigs.jpg\" alt=\"\" class=\"wp-image-586389\" width=\"297\" height=\"272\"\/><\/figure>\n\n\n\n<p>Dieser \u00f6ffnet den Zugang in die Grafschaft Launebach aka Ponylevel:<\/p>\n\n\n\n<figure class=\"wp-block-image size-full is-resized\"><img loading=\"lazy\" decoding=\"async\" src=\"https:\/\/planetdiablo.eu\/de\/wp-content\/uploads\/2023\/01\/Grafschaft-Launebach.jpg\" alt=\"\" class=\"wp-image-586390\" width=\"482\" height=\"377\"\/><\/figure>\n\n\n\n<hr class=\"wp-block-separator has-alpha-channel-opacity\"\/>\n\n\n\n<p>Finden k\u00f6nnt ihr die eizelnen Zutaten f\u00fcr den Hirtenstab an folgenden Orten:<\/p>\n\n\n\n<p id=\"Glocke\">Wirts Glocke \/ Wirt&#8217;s Bell &#8211; Akt II &#8211;&gt; Kr\u00fcmelchen<\/p>\n\n\n\n<figure class=\"wp-block-image size-full\"><img loading=\"lazy\" decoding=\"async\" width=\"425\" height=\"309\" src=\"https:\/\/planetdiablo.eu\/de\/wp-content\/uploads\/2023\/01\/Wirts-Glocke.jpg\" alt=\"\" class=\"wp-image-586372\"\/><\/figure>\n\n\n\n<p>Die Glocke kann direkt bei Kr\u00fcmelchen im Versteckten Lager in Akt II f\u00fcr 100.000 Gold gekauft werden.<\/p>\n\n\n\n<hr class=\"wp-block-separator has-alpha-channel-opacity\"\/>\n\n\n\n<p id=\"Pilz\">Schwarzer Pilz \/ Black Mushroom &#8211; Akt I &#8211;&gt; Kathedrale Ebene 1<\/p>\n\n\n\n<figure class=\"wp-block-image size-full\"><img loading=\"lazy\" decoding=\"async\" width=\"425\" height=\"310\" src=\"https:\/\/planetdiablo.eu\/de\/wp-content\/uploads\/2023\/01\/Schwarzer-Pilz.jpg\" alt=\"\" class=\"wp-image-586371\"\/><\/figure>\n\n\n\n<p>Den Pilz kann man in Akt I in Ebene 1 der Kathedrale finden. Dazu muss man nach einem bestimmten Raum suchen, der nicht immer vorhanden ist:<\/p>\n\n\n\n<figure class=\"wp-block-image size-full is-resized\"><img loading=\"lazy\" decoding=\"async\" src=\"https:\/\/planetdiablo.eu\/de\/wp-content\/uploads\/2023\/01\/Pilz-Raum.jpg\" alt=\"\" class=\"wp-image-586382\" width=\"465\" height=\"440\" srcset=\"https:\/\/planetdiablo.eu\/de\/wp-content\/uploads\/2023\/01\/Pilz-Raum.jpg 691w, https:\/\/planetdiablo.eu\/de\/wp-content\/uploads\/2023\/01\/Pilz-Raum-428x405.jpg 428w\" sizes=\"auto, (max-width: 465px) 100vw, 465px\" \/><\/figure>\n\n\n\n<p>In diesem Raum k\u00f6nnen sich ein paar Schwarze Pilze auf dem Boden befinden. Klickt man diese an, f\u00e4llt einem einer davon vor die F\u00fc\u00dfe:<\/p>\n\n\n\n<figure class=\"wp-block-image size-full is-resized\"><img loading=\"lazy\" decoding=\"async\" src=\"https:\/\/planetdiablo.eu\/de\/wp-content\/uploads\/2023\/01\/Schwarze-Pilze.jpg\" alt=\"\" class=\"wp-image-586383\" width=\"459\" height=\"444\" srcset=\"https:\/\/planetdiablo.eu\/de\/wp-content\/uploads\/2023\/01\/Schwarze-Pilze.jpg 633w, https:\/\/planetdiablo.eu\/de\/wp-content\/uploads\/2023\/01\/Schwarze-Pilze-418x405.jpg 418w\" sizes=\"auto, (max-width: 459px) 100vw, 459px\" \/><\/figure>\n\n\n\n<hr class=\"wp-block-separator has-alpha-channel-opacity\"\/>\n\n\n\n<p id=\"Wasser\">Regenbogenwasser \/ Liquid Rainbow &#8211; Akt II &#8211;&gt; Oase von Dahlgur &#8211;&gt; Geheimnisvolle H\u00f6hle Eben 1 oder Ebene 2<\/p>\n\n\n\n<figure class=\"wp-block-image size-full\"><img loading=\"lazy\" decoding=\"async\" width=\"423\" height=\"272\" src=\"https:\/\/planetdiablo.eu\/de\/wp-content\/uploads\/2023\/01\/Regenbogenwasser.jpg\" alt=\"\" class=\"wp-image-586370\"\/><\/figure>\n\n\n\n<p>Das Regenbogenwasser findet man, indem man in der Oase von Dahlgur in Akt II nach der Geheimnisvollen H\u00f6hle sucht. Diese kann nur an zwei bestimmten Punkte auftauchen:<\/p>\n\n\n\n<figure class=\"wp-block-image size-full is-resized\"><img loading=\"lazy\" decoding=\"async\" src=\"https:\/\/planetdiablo.eu\/de\/wp-content\/uploads\/2023\/01\/Oase-von-Dahlgur.jpg\" alt=\"\" class=\"wp-image-586375\" width=\"433\" height=\"451\" srcset=\"https:\/\/planetdiablo.eu\/de\/wp-content\/uploads\/2023\/01\/Oase-von-Dahlgur.jpg 836w, https:\/\/planetdiablo.eu\/de\/wp-content\/uploads\/2023\/01\/Oase-von-Dahlgur-388x405.jpg 388w, https:\/\/planetdiablo.eu\/de\/wp-content\/uploads\/2023\/01\/Oase-von-Dahlgur-768x801.jpg 768w\" sizes=\"auto, (max-width: 433px) 100vw, 433px\" \/><\/figure>\n\n\n\n<p>Die H\u00f6he kann nur betreten werden, wenn ein NPC namens Zaven der Alchemist davor steht, der vor angreifenden Gegnern besch\u00fctzt werden soll (beim Kopfgeld &#8222;S\u00e4ubert die geheimnisvolle H\u00f6hle&#8220; im Abenteuermodus, ist die H\u00f6hle garantiert vorhanden):<\/p>\n\n\n\n<figure class=\"wp-block-image size-large\"><img loading=\"lazy\" decoding=\"async\" width=\"1024\" height=\"402\" src=\"https:\/\/planetdiablo.eu\/de\/wp-content\/uploads\/2023\/01\/Geheinisvolle-Hoehle-1024x402.jpg\" alt=\"\" class=\"wp-image-586379\" srcset=\"https:\/\/planetdiablo.eu\/de\/wp-content\/uploads\/2023\/01\/Geheinisvolle-Hoehle-1024x402.jpg 1024w, https:\/\/planetdiablo.eu\/de\/wp-content\/uploads\/2023\/01\/Geheinisvolle-Hoehle-720x282.jpg 720w, https:\/\/planetdiablo.eu\/de\/wp-content\/uploads\/2023\/01\/Geheinisvolle-Hoehle-768x301.jpg 768w, https:\/\/planetdiablo.eu\/de\/wp-content\/uploads\/2023\/01\/Geheinisvolle-Hoehle.jpg 1412w\" sizes=\"auto, (max-width: 1024px) 100vw, 1024px\" \/><\/figure>\n\n\n\n<p>Hat man dies erledigt, \u00f6ffnet der NPC die H\u00f6hle.<br>Nun muss man die H\u00f6hle nach einer Mysteri\u00f6sen Truhe absuchen, die sich in Ebene 1 oder Ebene 2 der H\u00f6hle befinden kann (also immer beide Ebenen absuchen!):<\/p>\n\n\n\n<figure class=\"wp-block-image size-full is-resized\"><img loading=\"lazy\" decoding=\"async\" src=\"https:\/\/planetdiablo.eu\/de\/wp-content\/uploads\/2023\/01\/Mysterioese-Truhe.jpg\" alt=\"\" class=\"wp-image-586380\" width=\"458\" height=\"368\" srcset=\"https:\/\/planetdiablo.eu\/de\/wp-content\/uploads\/2023\/01\/Mysterioese-Truhe.jpg 623w, https:\/\/planetdiablo.eu\/de\/wp-content\/uploads\/2023\/01\/Mysterioese-Truhe-503x405.jpg 503w\" sizes=\"auto, (max-width: 458px) 100vw, 458px\" \/><\/figure>\n\n\n\n<p>Dies kann einige Anl\u00e4ufe dauern, die Truhe ist nur selten vorhanden. In dieser Truhe befindet sich dann das Regenbogenwasser.<\/p>\n\n\n\n<hr class=\"wp-block-separator has-alpha-channel-opacity\"\/>\n\n\n\n<p id=\"Stein\">Kauderwelschedelstein \/ Gibbering Gemstone &#8211; Akt III &#8211;&gt; Die Br\u00fccke von Korsikk &#8211;&gt; Felder des Gemetzels &#8211;&gt; H\u00f6hlen des Frostis Ebene 2 &#8211;&gt; Drop von Chiltara (nicht garantiert)<\/p>\n\n\n\n<figure class=\"wp-block-image size-full\"><img loading=\"lazy\" decoding=\"async\" width=\"424\" height=\"254\" src=\"https:\/\/planetdiablo.eu\/de\/wp-content\/uploads\/2023\/01\/Kauderwelschedelstein.jpg\" alt=\"\" class=\"wp-image-586367\"\/><\/figure>\n\n\n\n<p>Die H\u00f6hle des Frosts befindet sich in Akt III in den Feldern des Gemetzels, die am besten \u00fcber den Wegpunkt Die Br\u00fccke von Korsikk erreicht werden.<br>Es ist immer entweder die H\u00f6hlen des Frosts oder die Eisschlagh\u00f6hlen vorhanden; solltet ihr also auf die Eisschlagh\u00f6hle sto\u00dfen, k\u00f6nnt ihr direkt ein neues Spiel aufmachen.<br>Habt ihr die H\u00f6hle des Frostes entdeckt, geht in die zweite Ebene davon und sucht dort nach Chiltara. Sie ist leider nicht immer zu Hause. Trifft man sie dann mal an und besiegt sie, hat man die Chance darauf, dass sie den Kauderwelschedelstein fallen l\u00e4\u00dft.<br>Man muss sich darauf einstellen, dass es sehr lange dauern kann, bis man den Kauderwelschedelstein findet (unter Umst\u00e4nden mehrere hundert Runs)!<\/p>\n\n\n\n<hr class=\"wp-block-separator has-alpha-channel-opacity\"\/>\n\n\n\n<p id=\"Leorics\">Leorics Schienbein \/ Leoric&#8217;s Shinbone &#8211; Akt I &#8211;&gt; Innenhof von Leorics Anwesen &#8211;&gt; Leorics Anwesen &#8211;&gt; Kamin (Schienbei nicht garantiert vorhanden!)<\/p>\n\n\n\n<figure class=\"wp-block-image size-full\"><img loading=\"lazy\" decoding=\"async\" width=\"424\" height=\"272\" src=\"https:\/\/planetdiablo.eu\/de\/wp-content\/uploads\/2023\/01\/Leorics-Schienbein.jpg\" alt=\"\" class=\"wp-image-586368\"\/><\/figure>\n\n\n\n<p>Um Leorics Schienbei zu finden, geht in Akt I zum Wegpunkt Innenhof von Leorics Anwesen und dann in Leorics Anwesen. Dann rechts halten und man steht vor einem Kamin, in dem mit ein bisschen Gl\u00fcck Holzscheite liegen:<\/p>\n\n\n\n<figure class=\"wp-block-image size-full is-resized\"><img loading=\"lazy\" decoding=\"async\" src=\"https:\/\/planetdiablo.eu\/de\/wp-content\/uploads\/2023\/01\/Kamin.jpg\" alt=\"\" class=\"wp-image-586386\" width=\"517\" height=\"422\"\/><\/figure>\n\n\n\n<p>Klickt man diese an, droppt Leorics Schienbein.<\/p>\n\n\n\n<hr class=\"wp-block-separator has-alpha-channel-opacity\"\/>\n\n\n\n<p id=\"Plan\">Plan Hirtenstab &#8211; Akt IV &#8211;&gt; Der Silberene Turm &#8211;&gt; Die Grosse Spanne &#8211;&gt; Drop von Izuael (nicht garantiert)<\/p>\n\n\n\n<figure class=\"wp-block-image size-full\"><img loading=\"lazy\" decoding=\"async\" width=\"424\" height=\"237\" src=\"https:\/\/planetdiablo.eu\/de\/wp-content\/uploads\/2023\/01\/Plan-Hirtenstab.jpg\" alt=\"\" class=\"wp-image-586396\"\/><\/figure>\n\n\n\n<p>Den Plan f\u00fcr den Hirtenstab bekommt man nach einigen Runs von Izuael in Akt IV. Geht zum Wegpunkt Der Silberne Turm und sucht dann die Gro\u00dfe Spanne. Dort h\u00e4lt sich Izuael f\u00fcr gew\u00f6hnlich auf. Den Plan hat er aber nicht immer dabei, daher sind auch hier teilweise viele Runs notwendig.<br>Das T\u00f6ten von Izuael kann als Kopfgeld vorkommen, dann ist die Wegsuche ein bisschen einfacher.<\/p>\n\n\n\n<hr class=\"wp-block-separator has-alpha-channel-opacity\"\/>\n\n\n\n<p>Stand: 31.01.2023  Autor: MrGracy<\/p>\n","protected":false},"excerpt":{"rendered":"<p>Den Hirtenstab \/ Staff of Herding zu bekommen kann eine sehr aufwendig Aufgabe werden, da hier der Zufall sehr stark mitspielt, wenn es um das Finden der einzelnen Gegenst\u00e4nde geht. Folgende Gegenst\u00e4nde m\u00fcsst ihr suchen, um den Stab zusammen bauen zu k\u00f6nnen: Nehmt daf\u00fcr auf jeden Fall einen Char, mit dem ihr flott unterwegs seid,&hellip; <a class=\"more-link\" href=\"https:\/\/planetdiablo.eu\/de\/der-hirtenstab\/\"><span class=\"screen-reader-text\">Der Hirtenstab \/ Staff of Herding<\/span> weiterlesen<\/a><\/p>\n","protected":false},"author":847,"featured_media":0,"parent":0,"menu_order":0,"comment_status":"closed","ping_status":"closed","template":"","meta":{"footnotes":""},"class_list":["post-586360","page","type-page","status-publish","hentry","entry"],"_links":{"self":[{"href":"https:\/\/planetdiablo.eu\/de\/wp-json\/wp\/v2\/pages\/586360","targetHints":{"allow":["GET"]}}],"collection":[{"href":"https:\/\/planetdiablo.eu\/de\/wp-json\/wp\/v2\/pages"}],"about":[{"href":"https:\/\/planetdiablo.eu\/de\/wp-json\/wp\/v2\/types\/page"}],"author":[{"embeddable":true,"href":"https:\/\/planetdiablo.eu\/de\/wp-json\/wp\/v2\/users\/847"}],"replies":[{"embeddable":true,"href":"https:\/\/planetdiablo.eu\/de\/wp-json\/wp\/v2\/comments?post=586360"}],"version-history":[{"count":14,"href":"https:\/\/planetdiablo.eu\/de\/wp-json\/wp\/v2\/pages\/586360\/revisions"}],"predecessor-version":[{"id":586401,"href":"https:\/\/planetdiablo.eu\/de\/wp-json\/wp\/v2\/pages\/586360\/revisions\/586401"}],"wp:attachment":[{"href":"https:\/\/planetdiablo.eu\/de\/wp-json\/wp\/v2\/media?parent=586360"}],"curies":[{"name":"wp","href":"https:\/\/api.w.org\/{rel}","templated":true}]}}