{"id":586480,"date":"2023-02-21T23:21:50","date_gmt":"2023-02-21T21:21:50","guid":{"rendered":"https:\/\/planetdiablo.eu\/de\/?page_id=586480"},"modified":"2023-03-26T22:56:20","modified_gmt":"2023-03-26T20:56:20","slug":"diablo-2-soeldner-in-d2resurrected","status":"publish","type":"page","link":"https:\/\/planetdiablo.eu\/de\/diablo-2\/npcs-nicht-spieler-charaktere\/diablo-2-soeldner-in-d2resurrected\/","title":{"rendered":"Diablo 2 S\u00f6ldner in D2Resurrected"},"content":{"rendered":"\n<h2 class=\"wp-block-heading\">Navigation:<\/h2>\n\n\n\n<ul class=\"wp-block-list\">\n<li><a href=\"#allgemeines\">Allgemeines<\/a><\/li>\n\n\n\n<li><a href=\"#jaegerinnen\">J\u00e4gerinnen Akt 1<\/a><\/li>\n\n\n\n<li><a href=\"#wuestensoehne\">W\u00fcstens\u00f6hne Akt 2<\/a><\/li>\n\n\n\n<li><a href=\"#eisenwoelfe\">Eisenw\u00f6lfe Akt 3<\/a><\/li>\n\n\n\n<li><a href=\"#barbaren\">Barbaren Akt 5<\/a><\/li>\n\n\n\n<li><a href=\"https:\/\/planetdiablo.eu\/de\/diablo-2\/npcs-nicht-spieler-charaktere\/soldner\/\" target=\"_blank\" rel=\"noreferrer noopener\">S\u00f6ldner in D2 Legacy<\/a><\/li>\n<\/ul>\n\n\n\n<h2 class=\"wp-block-heading\" id=\"allgemein\">Allgemeines zu den S\u00f6ldnern<\/h2>\n\n\n\n<p>Dies ist eine Einf\u00fchrung in die S\u00f6ldner von D2R. Wer eine sehr tiefgehende Betrachtung und eine Menge Zahlen und Statistik bevorzugt, ist bei <a rel=\"noreferrer noopener\" href=\"https:\/\/planetdiablo.eu\/forum\/threads\/guide-die-soeldner-in-d2-resurrected.1826342\/\" target=\"_blank\">dieser runderneuerten S\u00f6ldnerfibel<\/a> vom User <strong>LastCorpse<\/strong> bestens aufgehoben.<\/p>\n\n\n\n<p>Mit Diablo 2 Resurrected hat sich auch einiges bei den S\u00f6ldnern getan. Insbesondere ist es jetzt gleichg\u00fcltig WANN man den S\u00f6ldner oder die S\u00f6ldnerin der Wahl anheuert &#8211; sie sind beim Anheuern mittlerweile dran am Charakterlevel. Ausserdem gibt es keinen Malus mehr bei den Fertigkeiten der S\u00f6ldner wenn man sp\u00e4t welche anheuert &#8211; sie erreichen nun stets das ihrem Level entsprechende Fertigkeitenlevel. Je weiter Ihr selbst in der Entwicklung voranschreitet desto weiter schreitet auch der S\u00f6ldner \/ die S\u00f6ldnerin voran.<\/p>\n\n\n\n<p>S\u00f6ldner k\u00f6nnen bei speziellen NPC&#8217;s in den Akten 1,2,3 und 5 angeheuert werden. Manchmal muss man dazu vorher eine Quest erfolgreich abschlie\u00dfen.<\/p>\n\n\n\n<figure class=\"wp-block-table\"><table><tbody><tr><td>Akt <\/td><td>NPC<\/td><td>Quest?<\/td><\/tr><tr><td>1<\/td><td>Kashya<\/td><td>Q2 abgeschlossen <br>oder Charakterlevel 8<\/td><\/tr><tr><td>2<\/td><td>Greiz<\/td><td>&#8211;<\/td><\/tr><tr><td>3<\/td><td>Ashaera<\/td><td>&#8211; (Q2)<\/td><\/tr><tr><td>5<\/td><td>Qua-Kehk<\/td><td>Q2 abgeschlossen.<\/td><\/tr><\/tbody><\/table><figcaption class=\"wp-element-caption\">Tabelle der S\u00f6ldner-NPC&#8217;s<\/figcaption><\/figure>\n\n\n\n<p>In Akt 4 kann kein S\u00f6ldner angeheuert werden &#8211; <strong>Tyrael<\/strong> sorgt jedoch f\u00fcr eine Wiederbelebung falls notwendig.<\/p>\n\n\n\n<p>Sollte ein S\u00f6ldner oder eine S\u00f6ldnerin sterben, so k\u00f6nnen sie bei den NPC&#8217;s &#8211; je nach H\u00f6he des S\u00f6ldnerlevels- f\u00fcr bis zu 50.000 Gold wiederbelebt werden. Zur Vermeidung des Todes eines S\u00f6ldners kann man dieser\/diesem auch Heil- oder Regenerationsr\u00e4nke verabreichen. Entweder, wie \u00fcblich, mit der Shift+ G\u00fcrtelnummertaste in welcher sich der Trank befindet oder indem der Trank auf das S\u00f6ldnerbildnis links oben gezogen wird. Ausserdem profitieren S\u00f6lder von Heilbrunnen (Wells), aber nicht von Lebenspools oder Manapools. S\u00f6ldner profitieren ausserdem von Resistenztr\u00e4nken (Gift\/K\u00e4lte), deren Dauer sich auch bei ihnen stapeln kann.<\/p>\n\n\n\n<p>S\u00f6ldner lassen sich nicht direkt steuern. Ihre KI l\u00e4sst sie selbst\u00e4ndig handeln &#8211; oder auch nicht &#8230; Sollte sich ein S\u00f6ldner mehr als ein bis zwei Bildschirme vom Charakter entfernen (irgendwo h\u00e4ngen geblieben z.B.) dann teleportiert er\/sie sich zu Euch. Er folgte Euch auch direkt an den Zielort wenn Ihr selbst teleportiert.<\/p>\n\n\n\n<p>S\u00f6ldner k\u00f6nnen Euch durch Ausr\u00fcstung oder Fertigkeiten mit bis zu zwei Auren versorgen. Sollte ein S\u00f6ldner qua eigener Fertigkeiten und Ausr\u00fcstung \u00fcber mehr als zwei Auren verf\u00fcgen, werden die \u00fcberz\u00e4hligen deaktiviert. <\/p>\n\n\n\n<p>Besonders beliebt bei S\u00f6ldnern sind \u00e4therische Items da diese bei S\u00f6ldnern keine Haltbarkeit verlieren, aber die typischen Boni wie +Verteidigung oder + Schaden trotzdem mitgeben. Vorteilhaft ist auch, dass S\u00f6ldner R\u00fcstungen und Waffen mit <a rel=\"noreferrer noopener\" href=\"https:\/\/planetdiablo.eu\/d2dbneu\/itemdb\/runeword_index.php\" target=\"_blank\">Runenw\u00f6rtern<\/a> tragen k\u00f6nnen und deren Boni auf sie, ggf. den Char und die Party wirken k\u00f6nnen.<\/p>\n\n\n\n<p>Eine kleine Warnung: Solltet Ihr eine\/n neue S\u00f6ldnerIn anheuern wollen, dann nehmt dem alten S\u00f6ldner vorher die guten Sachen weg! Ist der neue S\u00f6ldner angeheuert sind die Items unwiederbringlich verloren!<\/p>\n\n\n<div class=\"wp-block-image\">\n<figure class=\"alignright\"><img loading=\"lazy\" decoding=\"async\" width=\"320\" height=\"374\" src=\"https:\/\/planetdiablo.eu\/de\/wp-content\/uploads\/2011\/07\/npcmercb.jpg\" alt=\"S\u00f6ldner Inventar\" class=\"wp-image-446061\"\/><\/figure>\n<\/div>\n\n\n<p><br>Im S\u00f6ldnerinventar, welches \u00fcber die Taste &#8222;O&#8220; erreichbar ist,  ist Platz f\u00fcr eine Ausr\u00fcstung aus Helm, R\u00fcstung, Waffe und evtl. Schild. Im unteren Teil des Inventars werden eigene Charakterwerte wie St\u00e4rke, Geschicklichkeit, Angriffswert und Verteidigung f\u00fcr den S\u00f6ldner angezeigt. <\/p>\n\n\n\n<h2 class=\"wp-block-heading\" id=\"jaegerinnen\">Die J\u00e4gerinnen vom verborgenen Auge<\/h2>\n\n\n<div class=\"wp-block-image\">\n<figure class=\"alignleft\"><img loading=\"lazy\" decoding=\"async\" width=\"75\" height=\"100\" src=\"https:\/\/planetdiablo.eu\/de\/wp-content\/uploads\/2011\/07\/merc_act11.gif\" alt=\"S\u00f6ldner J\u00e4gerin\" class=\"wp-image-446073\"\/><\/figure>\n<\/div>\n\n\n<p><strong>S\u00f6ldnerart:<\/strong> Fernk\u00e4mpfer<br><strong>Fertigkeiten:<\/strong> <br>K\u00e4ltevariante: K\u00e4ltepfeil, Frostpfeil, Innere Sicht<br>Feuervariante: Feuerpfeil, Explodierender Pfeil, Innere Sicht<\/p>\n\n\n\n<p>Die J\u00e4gerinnen nutzen <a rel=\"noreferrer noopener\" href=\"https:\/\/planetdiablo.eu\/d2dbneu\/calcs\/skills\/d2r\/index.php?lang=de&amp;char=ama\" target=\"_blank\">Skills der Amazone<\/a>. Sie profitieren von<a rel=\"noreferrer noopener\" href=\"https:\/\/planetdiablo.eu\/d2dbneu\/itemdb\/d2-lexikon.php#ilink\" target=\"_blank\"> IAS<\/a> von der Ausr\u00fcstung sowie von <a rel=\"noreferrer noopener\" href=\"https:\/\/planetdiablo.eu\/d2dbneu\/itemdb\/d2-lexikon.php#flink\" target=\"_blank\">FHR<\/a>. Die Fertigkeit &#8222;Innere Sicht&#8220; profitiert vom <a rel=\"noreferrer noopener\" href=\"https:\/\/planetdiablo.eu\/d2dbneu\/itemdb\/d2-lexikon.php#alink\" target=\"_blank\">AR<\/a> der J\u00e4gerin, nicht aber von <a rel=\"noreferrer noopener\" href=\"https:\/\/planetdiablo.eu\/d2dbneu\/itemdb\/d2-lexikon.php#flink\" target=\"_blank\">FCR<\/a>.<\/p>\n\n\n\n<p>Als Fernk\u00e4mpferin verwendet die J\u00e4gerin nur B\u00f6gen.  Die J\u00e4gerin hat einen unbegrenzten Vorrat an Pfeilen, welche nicht gesondert eingekauft werden m\u00fcssen. Au\u00dferdem benutzen die J\u00e4gerinnen regelm\u00e4ssig die Fertigkeit &#8222;Innere Sicht&#8220; um ihr Sichtfeld zu verbessern und die Verteidigung der Gegner zu senken. Es ist zu beachten, dass die J\u00e4gerinnen zwar nicht mit Amazonen gleichzusetzen sind aber seit D2R auch klasssenspezifische ( Amazonen-)B\u00f6gen tragen k\u00f6nnen sowie von +Skill-Boni amazonenspezifischer Ausr\u00fcstung profitieren k\u00f6nnen.<\/p>\n\n\n\n<h2 class=\"wp-block-heading\" id=\"wuestensoehne\">Die W\u00fcstens\u00f6hne aus Lut Gholein<\/h2>\n\n\n<div class=\"wp-block-image\">\n<figure class=\"alignleft\"><img loading=\"lazy\" decoding=\"async\" width=\"75\" height=\"100\" src=\"https:\/\/planetdiablo.eu\/de\/wp-content\/uploads\/2011\/07\/merc_akt2.gif\" alt=\"S\u00f6ldner W\u00fcstens\u00f6hne\" class=\"wp-image-446075\"\/><\/figure>\n<\/div>\n\n\n<p><strong>S\u00f6ldnerart:<\/strong> Nahk\u00e4mpfer<br><strong>Fertigkeiten:<\/strong> Auren, Sto\u00df<br>Schwierigkeitsgrad Normal: Gebet, Trotz, Gesegnete F\u00fchrung<br>Schwierigkeitsgrad Alptraum und H\u00f6lle: <strong>Zus\u00e4tzlich<\/strong> zur Auswahl: Macht, Dornen und Heiliger Frost.<\/p>\n\n\n\n<p><\/p>\n\n\n\n<p>Die W\u00fcstens\u00f6hne verwenden als Nahkampffertigkeit den &#8222;<a rel=\"noreferrer noopener\" href=\"https:\/\/planetdiablo.eu\/d2dbneu\/calcs\/skills\/d2r\/index.php?lang=de&amp;char=ama\" target=\"_blank\">Stoss<\/a>&#8220; der Amazone und f\u00fcr ihre Aurenfertigkeiten jene des <a rel=\"noreferrer noopener\" href=\"https:\/\/planetdiablo.eu\/d2dbneu\/calcs\/skills\/d2r\/index.php?lang=de&amp;char=pal&amp;lang=de\" target=\"_blank\">Paladins<\/a>.  Sie profitieren von<a rel=\"noreferrer noopener\" href=\"https:\/\/planetdiablo.eu\/d2dbneu\/itemdb\/d2-lexikon.php#ilink\" target=\"_blank\"> IAS<\/a> von der Ausr\u00fcstung sowie von <a rel=\"noreferrer noopener\" href=\"https:\/\/planetdiablo.eu\/d2dbneu\/itemdb\/d2-lexikon.php#flink\" target=\"_blank\">FHR<\/a>. Zumindest der &#8222;Dornen-&#8222;S\u00f6ldner profitiert zudem von erheblichen Buffs welcher der Fertigkeit mit D2R zuteil wurde.<\/p>\n\n\n\n<p>Sie wurden von Jerhyn beauftragt, um die Stadt zu sichern. Ihr k\u00f6nnt euch jederzeit bei Griez einen der W\u00fcstens\u00f6hne mieten. Diese S\u00f6ldner sind sehr partyfreundlich, da sie mit ihren Auren die gesamte Party verbessern. Die Art der Aura ist von dem S\u00f6ldner vorgegeben. In ihrem Inventar ist wie \u00fcblich Platz f\u00fcr Helm und R\u00fcstung, au\u00dferdem k\u00f6nnen die W\u00fcstens\u00f6hne f\u00fcr den Nahkampfangriff  Speere, Wurfspeere oder Stangenwaffen verwenden. Der W\u00fcstens\u00f6ldner hat keine Zauberfertigkeit und blockt auch nicht. Daf\u00fcr ist er als Blocker \u00fcberwiegend im Nahkampf. Es ist also sinnvoll ihm gute defensive Items mitzugeben und, wenn er genug physischen Schaden macht, auch Items mit LL (Lebensabsaugung).<\/p>\n\n\n\n<p><\/p>\n\n\n\n<h2 class=\"wp-block-heading\" id=\"eisenwoelfe\">Die Eisenw\u00f6lfe aus Kurast<\/h2>\n\n\n<div class=\"wp-block-image\">\n<figure class=\"alignleft\"><img loading=\"lazy\" decoding=\"async\" width=\"75\" height=\"100\" src=\"https:\/\/planetdiablo.eu\/de\/wp-content\/uploads\/2011\/07\/merc_akt31.gif\" alt=\"S\u00f6ldner Eisenw\u00f6lfe\" class=\"wp-image-446077\"\/><\/figure>\n<\/div>\n\n\n<p><strong>S\u00f6ldnerart:<\/strong> Zauberer \/ Nahk\u00e4mpfer<br><strong>Fertigkeiten:<\/strong> Eis,- Feuer,- und Blitzzauber.<\/p>\n\n\n\n<p>Die S\u00f6ldner des dritten Aktes sind die Eisenw\u00f6lfe.<\/p>\n\n\n\n<p><\/p>\n\n\n\n<p>Sie sind magiebegabt, k\u00f6nnen sich jedoch auch im Nahkampf selbst verteidigen. Blocken k\u00f6nnen Sie freilich ebensowenig wie ihre Kollegen aus Akt 1 oder Akt 2. Sie profitieren von <a rel=\"noreferrer noopener\" href=\"https:\/\/planetdiablo.eu\/d2dbneu\/itemdb\/d2-lexikon.php#flink\" target=\"_blank\">FCR<\/a> von der Ausr\u00fcstung sowie von <a rel=\"noreferrer noopener\" href=\"https:\/\/planetdiablo.eu\/d2dbneu\/itemdb\/d2-lexikon.php#flink\" target=\"_blank\">FHR<\/a>.<\/p>\n\n\n\n<p>Sie k\u00f6nnen ein Schwert tragen &#8211; trotzdem liegt ihr Schwerpunkt ganz eindeutig auf den Zaubern welche sie aus dem <a rel=\"noreferrer noopener\" href=\"https:\/\/planetdiablo.eu\/d2dbneu\/calcs\/skills\/d2r\/index.php?lang=de&amp;char=sor&amp;lang=de\" target=\"_blank\">Skillpool<\/a> der Zauberin nehmen. Es bietet sich also an bei der Itemwahl darauf R\u00fccksicht zu nehmen, zumal die &#8222;besseren&#8220; weil h\u00f6heren Zauber vermehrt gecastet werden wenn das Skilllevel des S\u00f6ldners ansteigt. Items mit + zu Skills sind also n\u00fctzlich.<\/p>\n\n\n\n<p>Die Eisenw\u00f6lfe gibt es in drei Variationen, n\u00e4mlich als Feuer-, Eis- oder Blitz-Zauberer. Jeder S\u00f6ldner hat verschiedene Zauber auf Lager. <\/p>\n\n\n\n<p><br>Der <strong>Eis-S\u00f6ldner<\/strong> verf\u00fcgt \u00fcber die Skills Frostr\u00fcstung sowie Gletschernadel welche einen kleinen Buff erhalten hat. Fr\u00fcher wegen des Crowd-Control-Effekts recht beliebt, fristet er nun ein Schattendasein, denn die beiden anderen Zaubers\u00f6ldner haben kr\u00e4ftige Buffs erhalten. <\/p>\n\n\n\n<p>Der <strong>Blitz-S\u00f6ldner<\/strong> setzt als Zauber den Combo-Blitz, das Statikfeld sowie den Blitzschlag ein, was ihn zu einer validen Option f\u00fcr manche Builds macht. <\/p>\n\n\n\n<p>Der Nachteil am Combo-Blitz ist, dass er am besten auf nahe Distanz wirkt und die KI was Zauberauswahl betrifft nicht gaaanz so toll ist. (Man kann auch grottig sagen) Das selbe Problem hat &#8211; nun entsch\u00e4rft- der Feuer-S\u00f6ldner, da dieser \u00fcber Singletargetspells wie Feuerblitz und moderate AoE Effekte mit Feuerball verf\u00fcgt aber sich dabei \u00f6fters mal falsch entscheidet.<\/p>\n\n\n\n<p>Der Feuer-S\u00f6ldner nutzt neben Feuerblitz und Feuerball (verbesserte Castchance&#8230;) nun auch Verzaubern was ihm und der Party erheblich verbessertes Attackrating und auch ein wenig Feuerschaden gibt.  Vor allem das bessere <a href=\"https:\/\/planetdiablo.eu\/d2dbneu\/itemdb\/d2-lexikon.php#alink\" target=\"_blank\" rel=\"noreferrer noopener\">AR<\/a> kann manchen Builds gegen die Ubers helfen &#8211; wenn der S\u00f6ldner \u00fcberlebt \ud83d\ude09<\/p>\n\n\n\n<h2 class=\"wp-block-heading\" id=\"barbaren\">Die Barbaren des Berges Arreat<\/h2>\n\n\n<div class=\"wp-block-image\">\n<figure class=\"alignleft\"><img loading=\"lazy\" decoding=\"async\" width=\"56\" height=\"80\" src=\"https:\/\/planetdiablo.eu\/de\/wp-content\/uploads\/2011\/07\/merc_akt5.gif\" alt=\"S\u00f6ldner Barbaren\" class=\"wp-image-446079\"\/><\/figure>\n<\/div>\n\n\n<p><strong>S\u00f6ldnerart:<\/strong> Nahk\u00e4mpfer<br><strong>Fertigkeiten:<\/strong> Hieb, L\u00e4hmen, Raserei, Eisenhaut, Schlachtruf, Hohn<\/p>\n\n\n\n<p>Was gibt es in der Hochburg der Barbaren wohl f\u00fcr S\u00f6ldner? Richtig, Barbaren! Diese S\u00f6ldner k\u00f6nnen erst angeheuert werden, wenn die 2. Quest erledigt wurde und ihr mit Qua-Kehk gesprochen habt. Sie verwenden nat\u00fcrlich die <a rel=\"noreferrer noopener\" href=\"https:\/\/planetdiablo.eu\/d2dbneu\/calcs\/skills\/d2r\/index.php?lang=de&amp;char=bar&amp;lang=de\" target=\"_blank\">Skills<\/a> der Barbaren und profitieren von<a href=\"https:\/\/planetdiablo.eu\/d2dbneu\/itemdb\/d2-lexikon.php#ilink\" target=\"_blank\" rel=\"noreferrer noopener\"> IAS<\/a> und <a href=\"https:\/\/planetdiablo.eu\/d2dbneu\/itemdb\/d2-lexikon.php#flink\" target=\"_blank\" rel=\"noreferrer noopener\">FHR<\/a>-Boni. Obwohl auch sie nicht blocken k\u00f6nnen, verf\u00fcgen sie \u00fcber Fertigkeiten den Schaden der Monster oder deren Verteidigung zu verringern. <\/p>\n\n\n\n<p>Die Barbaren sind reine Nahk\u00e4mpfer und haben als Spezial-Fertigkeit L\u00e4hmen und den Hieb (Wegsto\u00dfung) sowie seit D2R auch Raserei, Schlachtruf sowie Hohn. Die Barbaren sind wirklich <strong>echte<\/strong> Barbaren, was bedeutet, dass sie klassenspezifische Gegenst\u00e4nde tragen k\u00f6nnen und von +Skills zu Barbarenfertigkeiten ( so sie diese selbst aus\u00fcben k\u00f6nnen) profitieren. <\/p>\n\n\n\n<p>Die S\u00f6ldner k\u00f6nnen mit R\u00fcstung, Helm sowie einem Schwert oder 2 1H-Schwertern ausger\u00fcstet werden. Die Barbaren sind die st\u00e4rksten Nahkampfs\u00f6ldner und verf\u00fcgen \u00fcber die besten Lebens- und Verteidigungswerte aller S\u00f6ldner in D2R. Gew\u00f6hnlich werden sie als Schadensbringer f\u00fcr zaubernde Chars genutzt, k\u00f6nnen aber seit D2R wegen Schlachtruf und Hohn auch in einer Party sinnvoll verwendet werden. <\/p>\n\n\n\n<p>Dabei sollte man aber zwei Dinge beachten: Kriegsschreie sind eine Art Fl\u00fcche und k\u00f6nnen eben solche des Totenbeschw\u00f6rers \u00fcberschreiben was nicht immer gew\u00fcnscht ist sollte ein Totenbeschw\u00f6rer in der Party sein. Naturgem\u00e4ss sind die Barbarens\u00f6ldner deshalb auch bestenfalls vierte Wahl f\u00fcr einen Totenbeschw\u00f6rer als Boss&#8230;<br><\/p>\n\n\n\n<p><\/p>\n\n\n\n<hr class=\"wp-block-separator has-alpha-channel-opacity\"\/>\n\n\n\n<p>[<a href=\"https:\/\/planetdiablo.eu\/diablo-2\/npcs-nicht-spieler-charaktere\/\">Einleitung<\/a>] [<a href=\"https:\/\/planetdiablo.eu\/diablo-2\/npcs-nicht-spieler-charaktere\/npcs-aus-akt-1\/\">Akt 1<\/a>] [<a href=\"https:\/\/planetdiablo.eu\/diablo-2\/npcs-nicht-spieler-charaktere\/npcs-aus-akt-2\/\">Akt 2<\/a>] [<a href=\"https:\/\/planetdiablo.eu\/diablo-2\/npcs-nicht-spieler-charaktere\/npcs-aus-akt-3\/\">Akt 3<\/a>] [<a href=\"https:\/\/planetdiablo.eu\/diablo-2\/npcs-nicht-spieler-charaktere\/npcs-aus-akt-4\/\">Akt 4<\/a>] [<a href=\"https:\/\/planetdiablo.eu\/diablo-2\/npcs-nicht-spieler-charaktere\/npcs-aus-akt-5\/\">Akt 5<\/a><a href=\"https:\/\/planetdiablo.eu\/de\/diablo-2\/npcs-nicht-spieler-charaktere\/soldner\/\">] [S\u00f6ldner D2 Legacy<\/a>]<\/p>\n\n\n\n<hr class=\"wp-block-separator has-alpha-channel-opacity\"\/>\n\n\n\n<p><\/p>\n\n\n\n<p><\/p>\n","protected":false},"excerpt":{"rendered":"<p>Navigation: Allgemeines zu den S\u00f6ldnern Dies ist eine Einf\u00fchrung in die S\u00f6ldner von D2R. Wer eine sehr tiefgehende Betrachtung und eine Menge Zahlen und Statistik bevorzugt, ist bei dieser runderneuerten S\u00f6ldnerfibel vom User LastCorpse bestens aufgehoben. Mit Diablo 2 Resurrected hat sich auch einiges bei den S\u00f6ldnern getan. Insbesondere ist es jetzt gleichg\u00fcltig WANN man&hellip; <a class=\"more-link\" href=\"https:\/\/planetdiablo.eu\/de\/diablo-2\/npcs-nicht-spieler-charaktere\/diablo-2-soeldner-in-d2resurrected\/\"><span class=\"screen-reader-text\">Diablo 2 S\u00f6ldner in D2Resurrected<\/span> weiterlesen<\/a><\/p>\n","protected":false},"author":762,"featured_media":585492,"parent":445815,"menu_order":0,"comment_status":"closed","ping_status":"closed","template":"","meta":{"footnotes":""},"class_list":["post-586480","page","type-page","status-publish","has-post-thumbnail","hentry","entry"],"_links":{"self":[{"href":"https:\/\/planetdiablo.eu\/de\/wp-json\/wp\/v2\/pages\/586480","targetHints":{"allow":["GET"]}}],"collection":[{"href":"https:\/\/planetdiablo.eu\/de\/wp-json\/wp\/v2\/pages"}],"about":[{"href":"https:\/\/planetdiablo.eu\/de\/wp-json\/wp\/v2\/types\/page"}],"author":[{"embeddable":true,"href":"https:\/\/planetdiablo.eu\/de\/wp-json\/wp\/v2\/users\/762"}],"replies":[{"embeddable":true,"href":"https:\/\/planetdiablo.eu\/de\/wp-json\/wp\/v2\/comments?post=586480"}],"version-history":[{"count":41,"href":"https:\/\/planetdiablo.eu\/de\/wp-json\/wp\/v2\/pages\/586480\/revisions"}],"predecessor-version":[{"id":587401,"href":"https:\/\/planetdiablo.eu\/de\/wp-json\/wp\/v2\/pages\/586480\/revisions\/587401"}],"up":[{"embeddable":true,"href":"https:\/\/planetdiablo.eu\/de\/wp-json\/wp\/v2\/pages\/445815"}],"wp:featuredmedia":[{"embeddable":true,"href":"https:\/\/planetdiablo.eu\/de\/wp-json\/wp\/v2\/media\/585492"}],"wp:attachment":[{"href":"https:\/\/planetdiablo.eu\/de\/wp-json\/wp\/v2\/media?parent=586480"}],"curies":[{"name":"wp","href":"https:\/\/api.w.org\/{rel}","templated":true}]}}