{"id":586987,"date":"2023-03-12T21:40:29","date_gmt":"2023-03-12T19:40:29","guid":{"rendered":"https:\/\/planetdiablo.eu\/de\/?page_id=586987"},"modified":"2023-03-13T10:47:42","modified_gmt":"2023-03-13T08:47:42","slug":"diablo-4-regionen-von-sanktuario","status":"publish","type":"page","link":"https:\/\/planetdiablo.eu\/de\/diablo-4-2\/diablo-4-regionen-von-sanktuario\/","title":{"rendered":"Diablo 4 Regionen von Sanktuario"},"content":{"rendered":"\n<p>Sanktuario<br><a href=\"#scos\">Scosglen<\/a><br><a href=\"#zer\">Zersplitterte Gipfel \/ Fractured Peaks<\/a><br><a href=\"#dry\">Verdorrte Steppen \/ The Dry Steppes<\/a><br><a href=\"#keh\">Kehjistan<\/a><br><a href=\"#haw\">Hawezar<\/a><br><\/p>\n\n\n\n<h2 class=\"wp-block-heading\" id=\"sank\">Sanktuario<\/h2>\n\n\n\n<figure class=\"wp-block-image size-full\"><img loading=\"lazy\" decoding=\"async\" width=\"900\" height=\"686\" src=\"https:\/\/planetdiablo.eu\/de\/wp-content\/uploads\/2023\/03\/sanctuario-world-map-klein.webp\" alt=\"Diablo 4 Karte von Sanktuario\" class=\"wp-image-586992\" srcset=\"https:\/\/planetdiablo.eu\/de\/wp-content\/uploads\/2023\/03\/sanctuario-world-map-klein.webp 900w, https:\/\/planetdiablo.eu\/de\/wp-content\/uploads\/2023\/03\/sanctuario-world-map-klein-531x405.webp 531w, https:\/\/planetdiablo.eu\/de\/wp-content\/uploads\/2023\/03\/sanctuario-world-map-klein-768x585.webp 768w\" sizes=\"auto, (max-width: 900px) 100vw, 900px\" \/><figcaption class=\"wp-element-caption\"> Heutige Karte von Sanktuario<\/figcaption><\/figure>\n\n\n\n<p>Die Welt von Diablo ist nat\u00fcrlich Sanktuario. \u00dcber Jahrtausende alte K\u00e4mpfe und Intrigen sorgen f\u00fcr eine reiche, wenn auch f\u00fcr die meisten t\u00f6dliche Geschichte.<\/p>\n\n\n\n<p>Zwei grosse Landmassen finden sich hier. Die westliche H\u00e4lfte enth\u00e4lt im Norden etwas was heute als &#8222;Die schrecklichen Lande&#8220; bekannt ist,, eine zerst\u00f6rte, nunmehr w\u00fcste und zerkl\u00fcftete Landschaft. Ursache war die Zerst\u00f6rung des Weltensteins auf dem Berg Arreat (Teil der Geschichte von Diablo 2). Dies machte aus den vorherigen N\u00f6rdlichen Steppen &#8211; Heimat der Barbaren rund um den Berg Arreat-  eben jene schrecklichen Lande und spaltete und zerst\u00f6rte die Landmasse bis tief in den Grund.<\/p>\n\n\n\n<figure class=\"wp-block-image size-full\"><img loading=\"lazy\" decoding=\"async\" width=\"847\" height=\"657\" src=\"https:\/\/planetdiablo.eu\/de\/wp-content\/uploads\/2023\/03\/sanktuario-vor-weltenstein.webp\" alt=\"\" class=\"wp-image-586998\" srcset=\"https:\/\/planetdiablo.eu\/de\/wp-content\/uploads\/2023\/03\/sanktuario-vor-weltenstein.webp 847w, https:\/\/planetdiablo.eu\/de\/wp-content\/uploads\/2023\/03\/sanktuario-vor-weltenstein-522x405.webp 522w, https:\/\/planetdiablo.eu\/de\/wp-content\/uploads\/2023\/03\/sanktuario-vor-weltenstein-768x596.webp 768w\" sizes=\"auto, (max-width: 847px) 100vw, 847px\" \/><figcaption class=\"wp-element-caption\">-Sanktuario vor der Zerst\u00f6rung des Weltensteins-<br>Quelle: Diablo 2 (c) Blizzard Entertainment<\/figcaption><\/figure>\n\n\n\n<p>S\u00fcdlich davon befindet sich Entsteig und noch weiter s\u00fcdlich Westmark, w\u00e4hrend die \u00f6stliche Seite dieser Landmasse mehrheitlich trocken und d\u00fcnn besiedelt ist. <\/p>\n\n\n\n<p>F\u00fcr Diablo 4 sind zun\u00e4chst f\u00fcnf Gebiete auf der \u00f6stlichen Seite des Doppelkontinents  zur Erkundung vorgesehen welche wir in den Links hier n\u00e4her beschreiben.<\/p>\n\n\n\n<h2 class=\"wp-block-heading\" id=\"scos\">Scosglen<\/h2>\n\n\n\n<p>Im obersten Nordosten von Sanktuario liegt Scosglen, die Heimat der Druiden.<br>Link zur Region <a href=\"https:\/\/planetdiablo.eu\/de\/diablo-4-2\/diablo-4-regionen-von-sanktuario\/scosglen\/\"><strong>Scosglen<\/strong><\/a><\/p>\n\n\n\n<h2 class=\"wp-block-heading\" id=\"zer\">Zersplitterte Gipfel<\/h2>\n\n\n\n<p>Wenn man nur ein Wort zur Beschreibung dieser Gegend h\u00e4tte, w\u00e4re es vielleicht &#8222;eisig&#8220;.<\/p>\n\n\n\n<p>Link zur Region <strong><a href=\"https:\/\/planetdiablo.eu\/de\/diablo-4-2\/diablo-4-regionen-von-sanktuario\/zersplitterte-gipfel\/\">Zersplitterte Gipfel<\/a><\/strong><\/p>\n\n\n\n<h2 class=\"wp-block-heading\" id=\"dry\">Verdorrte Steppen<\/h2>\n\n\n\n<p id=\"dry\">Ein anderes Wort daf\u00fcr w\u00e4re vermutlich &#8222;staubig&#8220;.<br>Link zur Region <a href=\"https:\/\/planetdiablo.eu\/de\/diablo-4-2\/diablo-4-regionen-von-sanktuario\/verdorrte-steppen\/\"><strong>Verdorrte Steppe<\/strong>n<\/a><\/p>\n\n\n\n<h2 class=\"wp-block-heading\" id=\"keh\">Kehjistan<\/h2>\n\n\n\n<p>Viel Geschichte, viel Tod, W\u00fcste und Regenwald.<br>Link zur Region <strong><a href=\"https:\/\/planetdiablo.eu\/de\/diablo-4-2\/diablo-4-regionen-von-sanktuario\/kehjistan\/\">Kehjistan<\/a><\/strong><\/p>\n\n\n\n<h2 class=\"wp-block-heading\" id=\"haw\">Hawezar<\/h2>\n\n\n\n<p id=\"haw\">Ihr m\u00f6chtet nicht wirklich in dieses faulige Sumpfland, oder?<br>Link zur Region <strong><a href=\"https:\/\/planetdiablo.eu\/de\/diablo-4-2\/diablo-4-regionen-von-sanktuario\/hawezar\/\">Hawezar<\/a><\/strong><\/p>\n","protected":false},"excerpt":{"rendered":"<p>SanktuarioScosglenZersplitterte Gipfel \/ Fractured PeaksVerdorrte Steppen \/ The Dry SteppesKehjistanHawezar Sanktuario Die Welt von Diablo ist nat\u00fcrlich Sanktuario. \u00dcber Jahrtausende alte K\u00e4mpfe und Intrigen sorgen f\u00fcr eine reiche, wenn auch f\u00fcr die meisten t\u00f6dliche Geschichte. Zwei grosse Landmassen finden sich hier. Die westliche H\u00e4lfte enth\u00e4lt im Norden etwas was heute als &#8222;Die schrecklichen Lande&#8220; bekannt&hellip; <a class=\"more-link\" href=\"https:\/\/planetdiablo.eu\/de\/diablo-4-2\/diablo-4-regionen-von-sanktuario\/\"><span class=\"screen-reader-text\">Diablo 4 Regionen von Sanktuario<\/span> weiterlesen<\/a><\/p>\n","protected":false},"author":762,"featured_media":586997,"parent":580439,"menu_order":7,"comment_status":"closed","ping_status":"closed","template":"","meta":{"footnotes":""},"class_list":["post-586987","page","type-page","status-publish","has-post-thumbnail","hentry","entry"],"_links":{"self":[{"href":"https:\/\/planetdiablo.eu\/de\/wp-json\/wp\/v2\/pages\/586987","targetHints":{"allow":["GET"]}}],"collection":[{"href":"https:\/\/planetdiablo.eu\/de\/wp-json\/wp\/v2\/pages"}],"about":[{"href":"https:\/\/planetdiablo.eu\/de\/wp-json\/wp\/v2\/types\/page"}],"author":[{"embeddable":true,"href":"https:\/\/planetdiablo.eu\/de\/wp-json\/wp\/v2\/users\/762"}],"replies":[{"embeddable":true,"href":"https:\/\/planetdiablo.eu\/de\/wp-json\/wp\/v2\/comments?post=586987"}],"version-history":[{"count":17,"href":"https:\/\/planetdiablo.eu\/de\/wp-json\/wp\/v2\/pages\/586987\/revisions"}],"predecessor-version":[{"id":587150,"href":"https:\/\/planetdiablo.eu\/de\/wp-json\/wp\/v2\/pages\/586987\/revisions\/587150"}],"up":[{"embeddable":true,"href":"https:\/\/planetdiablo.eu\/de\/wp-json\/wp\/v2\/pages\/580439"}],"wp:featuredmedia":[{"embeddable":true,"href":"https:\/\/planetdiablo.eu\/de\/wp-json\/wp\/v2\/media\/586997"}],"wp:attachment":[{"href":"https:\/\/planetdiablo.eu\/de\/wp-json\/wp\/v2\/media?parent=586987"}],"curies":[{"name":"wp","href":"https:\/\/api.w.org\/{rel}","templated":true}]}}