{"id":587065,"date":"2023-03-12T21:30:59","date_gmt":"2023-03-12T19:30:59","guid":{"rendered":"https:\/\/planetdiablo.eu\/de\/?page_id=587065"},"modified":"2023-03-15T12:00:34","modified_gmt":"2023-03-15T10:00:34","slug":"hawezar","status":"publish","type":"page","link":"https:\/\/planetdiablo.eu\/de\/diablo-4-2\/diablo-4-regionen-von-sanktuario\/hawezar\/","title":{"rendered":"Hawezar"},"content":{"rendered":"\n<p>Wenig ist bekannt \u00fcber diese sumpfige Landschaft denn wer dort hingeht handelt mit dem Tod oder findet ihn dort \u2026 Hawezar ist auch als \u201eDie Faulmarschen\u201c bekannt und befallen von Gift, Seuchen und Verzweiflung. Kaum jemand anderes als Halsabschneider und Diebe, Assassinen&nbsp; und Sumpfhexen leben dort mit Ausnahme einiger h\u00e4ngen gebliebener Mitglieder des Ordens der Zakarum, deren alte Forts nun im Schlamm versinken.<\/p>\n\n\n\n<figure class=\"wp-block-image size-large\"><img loading=\"lazy\" decoding=\"async\" width=\"1024\" height=\"576\" src=\"https:\/\/planetdiablo.eu\/de\/wp-content\/uploads\/2023\/03\/hawezar_03-1024x576.webp\" alt=\"\" class=\"wp-image-587070\" srcset=\"https:\/\/planetdiablo.eu\/de\/wp-content\/uploads\/2023\/03\/hawezar_03-1024x576.webp 1024w, https:\/\/planetdiablo.eu\/de\/wp-content\/uploads\/2023\/03\/hawezar_03-720x405.webp 720w, https:\/\/planetdiablo.eu\/de\/wp-content\/uploads\/2023\/03\/hawezar_03-768x432.webp 768w, https:\/\/planetdiablo.eu\/de\/wp-content\/uploads\/2023\/03\/hawezar_03.webp 1044w\" sizes=\"auto, (max-width: 1024px) 100vw, 1024px\" \/><figcaption class=\"wp-element-caption\">Die Sumpflande von Hawezar, Diablo 4<\/figcaption><\/figure>\n\n\n\n<p>Manche Hexen bieten ihre Dienste an \u2013 ob ihr den sehr hohen Preis zahlen wollt?&nbsp; Nehmt Euch in Acht vor menschenfressenden Pflanzen und vor den zuhauf vorkommenden giftigen Spinnen welche Eure Lebenskraft binnen Sekunden aussagen k\u00f6nnen.<\/p>\n\n\n\n<p>Eisige Str\u00f6me aus den Zersplitterten Gipfeln sorgen daf\u00fcr dass diese verwunschenen S\u00fcmpfe nicht austrocknen k\u00f6nnen. Andererseits, ist das eisige Wasser nicht vielleicht von Tod und Verderbnis vergiftet? Es ist sonst kaum erkl\u00e4rbar dass ausgerechnet diese Region so feindlich zu Besuchern und ihren Bewohnern ist.<\/p>\n\n\n\n<h2 class=\"wp-block-heading\">Bekannte Orte<\/h2>\n\n\n\n<p><strong>Witchwater \/ Hexenwasser<\/strong> (Dungeon)<\/p>\n\n\n\n<h2 class=\"wp-block-heading\">Ressourcen<\/h2>\n\n\n\n<p>In Hawezar ist die Ressource &#8222;Verderbensschatten&#8220; zu finden, ausserdem Gallowvine und &#8222;Atem der Engel&#8220;.<\/p>\n\n\n\n<h2 class=\"wp-block-heading\">Medien<\/h2>\n\n\n\n<p>Bilder von Hawezar<\/p>\n\n\n\n<figure class=\"wp-block-gallery has-nested-images columns-default is-cropped wp-block-gallery-1 is-layout-flex wp-block-gallery-is-layout-flex\">\n<figure class=\"wp-block-image size-large\"><img loading=\"lazy\" decoding=\"async\" width=\"1024\" height=\"576\" data-id=\"587072\" src=\"https:\/\/planetdiablo.eu\/de\/wp-content\/uploads\/2023\/03\/hawezar_04_klein-1024x576.webp\" alt=\"\" class=\"wp-image-587072\" srcset=\"https:\/\/planetdiablo.eu\/de\/wp-content\/uploads\/2023\/03\/hawezar_04_klein-1024x576.webp 1024w, https:\/\/planetdiablo.eu\/de\/wp-content\/uploads\/2023\/03\/hawezar_04_klein-720x405.webp 720w, https:\/\/planetdiablo.eu\/de\/wp-content\/uploads\/2023\/03\/hawezar_04_klein-768x432.webp 768w, https:\/\/planetdiablo.eu\/de\/wp-content\/uploads\/2023\/03\/hawezar_04_klein.webp 1200w\" sizes=\"auto, (max-width: 1024px) 100vw, 1024px\" \/><figcaption class=\"wp-element-caption\">Dort, &#8230;<\/figcaption><\/figure>\n\n\n\n<figure class=\"wp-block-image size-large\"><img loading=\"lazy\" decoding=\"async\" width=\"1024\" height=\"576\" data-id=\"587069\" src=\"https:\/\/planetdiablo.eu\/de\/wp-content\/uploads\/2023\/03\/hawezar_02_klein-1024x576.webp\" alt=\"\" class=\"wp-image-587069\" srcset=\"https:\/\/planetdiablo.eu\/de\/wp-content\/uploads\/2023\/03\/hawezar_02_klein-1024x576.webp 1024w, https:\/\/planetdiablo.eu\/de\/wp-content\/uploads\/2023\/03\/hawezar_02_klein-720x405.webp 720w, https:\/\/planetdiablo.eu\/de\/wp-content\/uploads\/2023\/03\/hawezar_02_klein-768x432.webp 768w, https:\/\/planetdiablo.eu\/de\/wp-content\/uploads\/2023\/03\/hawezar_02_klein.webp 1200w\" sizes=\"auto, (max-width: 1024px) 100vw, 1024px\" \/><figcaption class=\"wp-element-caption\">Irgendwo im Dunkeln<\/figcaption><\/figure>\n\n\n\n<figure class=\"wp-block-image size-large\"><img loading=\"lazy\" decoding=\"async\" width=\"1024\" height=\"455\" data-id=\"587067\" src=\"https:\/\/planetdiablo.eu\/de\/wp-content\/uploads\/2023\/03\/hawezar_01_klein-1024x455.webp\" alt=\"\" class=\"wp-image-587067\" srcset=\"https:\/\/planetdiablo.eu\/de\/wp-content\/uploads\/2023\/03\/hawezar_01_klein-1024x455.webp 1024w, https:\/\/planetdiablo.eu\/de\/wp-content\/uploads\/2023\/03\/hawezar_01_klein-720x320.webp 720w, https:\/\/planetdiablo.eu\/de\/wp-content\/uploads\/2023\/03\/hawezar_01_klein-768x341.webp 768w, https:\/\/planetdiablo.eu\/de\/wp-content\/uploads\/2023\/03\/hawezar_01_klein.webp 1200w\" sizes=\"auto, (max-width: 1024px) 100vw, 1024px\" \/><figcaption class=\"wp-element-caption\">riecht es giftig<\/figcaption><\/figure>\n<\/figure>\n\n\n\n<p>(Mit Rechtsklick gr\u00f6ssere Version \u00f6ffnen)<\/p>\n\n\n\n<h2 class=\"wp-block-heading\">Weitere Gebiete in Sanktuario:<\/h2>\n\n\n\n<p><a href=\"https:\/\/planetdiablo.eu\/de\/diablo-4-2\/diablo-4-regionen-von-sanktuario\/zersplitterte-gipfel\/\">Zersplitterte Gipfel<\/a><br><a href=\"https:\/\/planetdiablo.eu\/de\/diablo-4-2\/diablo-4-regionen-von-sanktuario\/verdorrte-steppen\/\">Verdorrte Steppen<\/a><br><a href=\"https:\/\/planetdiablo.eu\/de\/diablo-4-2\/diablo-4-regionen-von-sanktuario\/scosglen\/\">Scosglen<\/a><br><a href=\"https:\/\/planetdiablo.eu\/de\/diablo-4-2\/diablo-4-regionen-von-sanktuario\/kehjistan\/\">Kehjistan<\/a><br><\/p>\n\n\n\n<p><a href=\"https:\/\/planetdiablo.eu\/de\/diablo-4-2\/diablo-4-regionen-von-sanktuario\/\">Sanktuario (\u00dcbersicht)<\/a><\/p>\n","protected":false},"excerpt":{"rendered":"<p>Wenig ist bekannt \u00fcber diese sumpfige Landschaft denn wer dort hingeht handelt mit dem Tod oder findet ihn dort \u2026 Hawezar ist auch als \u201eDie Faulmarschen\u201c bekannt und befallen von Gift, Seuchen und Verzweiflung. Kaum jemand anderes als Halsabschneider und Diebe, Assassinen&nbsp; und Sumpfhexen leben dort mit Ausnahme einiger h\u00e4ngen gebliebener Mitglieder des Ordens der&hellip; <a class=\"more-link\" href=\"https:\/\/planetdiablo.eu\/de\/diablo-4-2\/diablo-4-regionen-von-sanktuario\/hawezar\/\"><span class=\"screen-reader-text\">Hawezar<\/span> weiterlesen<\/a><\/p>\n","protected":false},"author":762,"featured_media":586979,"parent":586987,"menu_order":2,"comment_status":"closed","ping_status":"closed","template":"","meta":{"footnotes":""},"class_list":["post-587065","page","type-page","status-publish","has-post-thumbnail","hentry","entry"],"_links":{"self":[{"href":"https:\/\/planetdiablo.eu\/de\/wp-json\/wp\/v2\/pages\/587065","targetHints":{"allow":["GET"]}}],"collection":[{"href":"https:\/\/planetdiablo.eu\/de\/wp-json\/wp\/v2\/pages"}],"about":[{"href":"https:\/\/planetdiablo.eu\/de\/wp-json\/wp\/v2\/types\/page"}],"author":[{"embeddable":true,"href":"https:\/\/planetdiablo.eu\/de\/wp-json\/wp\/v2\/users\/762"}],"replies":[{"embeddable":true,"href":"https:\/\/planetdiablo.eu\/de\/wp-json\/wp\/v2\/comments?post=587065"}],"version-history":[{"count":9,"href":"https:\/\/planetdiablo.eu\/de\/wp-json\/wp\/v2\/pages\/587065\/revisions"}],"predecessor-version":[{"id":587277,"href":"https:\/\/planetdiablo.eu\/de\/wp-json\/wp\/v2\/pages\/587065\/revisions\/587277"}],"up":[{"embeddable":true,"href":"https:\/\/planetdiablo.eu\/de\/wp-json\/wp\/v2\/pages\/586987"}],"wp:featuredmedia":[{"embeddable":true,"href":"https:\/\/planetdiablo.eu\/de\/wp-json\/wp\/v2\/media\/586979"}],"wp:attachment":[{"href":"https:\/\/planetdiablo.eu\/de\/wp-json\/wp\/v2\/media?parent=587065"}],"curies":[{"name":"wp","href":"https:\/\/api.w.org\/{rel}","templated":true}]}}