{"id":587113,"date":"2023-03-13T09:34:43","date_gmt":"2023-03-13T07:34:43","guid":{"rendered":"https:\/\/planetdiablo.eu\/de\/?page_id=587113"},"modified":"2023-07-23T22:48:31","modified_gmt":"2023-07-23T20:48:31","slug":"primaerstats-der-charakterklassen","status":"publish","type":"page","link":"https:\/\/planetdiablo.eu\/de\/diablo-4-2\/primaerstats-der-charakterklassen\/","title":{"rendered":"Prim\u00e4rstats der Charakterklassen"},"content":{"rendered":"\n<p>Prim\u00e4r- oder Corestats werden auch bei Diablo 4 durch Levelanstieg der Charaktere ( Charakterlevel oder Paragonlevel) gesteigert oder durch das Anlegen von Items wie hier:<\/p>\n\n\n\n<figure class=\"wp-block-image size-large is-resized\"><img loading=\"lazy\" decoding=\"async\" src=\"https:\/\/planetdiablo.eu\/de\/wp-content\/uploads\/2023\/07\/itembeispiel-485x1024.webp\" alt=\"\" class=\"wp-image-588448\" width=\"272\" height=\"574\" srcset=\"https:\/\/planetdiablo.eu\/de\/wp-content\/uploads\/2023\/07\/itembeispiel-485x1024.webp 485w, https:\/\/planetdiablo.eu\/de\/wp-content\/uploads\/2023\/07\/itembeispiel-192x405.webp 192w, https:\/\/planetdiablo.eu\/de\/wp-content\/uploads\/2023\/07\/itembeispiel.webp 511w\" sizes=\"auto, (max-width: 272px) 100vw, 272px\" \/><\/figure>\n\n\n\n<p>Diese Prim\u00e4r- oder Core-Stats werden gerne \u00fcber- oder untersch\u00e4tzt. Sie sind als Basic der Basics der Charakterentwicklung einfach immer da und irgendwas werden sie schon machen, denken wir. Damit wir nicht alle in diesem \u201eIrgendwas-\u201c Stadium stecken bleiben: Ein bisschen Futter f\u00fcr Eure Hirne.<\/p>\n\n\n\n<p>Wenig \u00fcberraschend sind Prim\u00e4rstats jene, die wir bereits so oder so \u00e4hnlich aus anderen Teilen von Diablo kennen, n\u00e4mlich, St\u00e4rke (Str) , Geschicklichkeit (Dex), Willenskraft (WP) und Intelligenz (Int).<\/p>\n\n\n\n<p>Jeder Charakter im Spiel beginnt mit einer gewissen Grundausstattung:<\/p>\n\n\n\n<figure class=\"wp-block-table\"><table><thead><tr><th>Charakterklasse<\/th><th>Str<\/th><th>Dex<\/th><th>WP<\/th><th>Int<\/th><\/tr><\/thead><tbody><tr><td><strong>Barbar<\/strong><\/td><td>10<\/td><td>8<\/td><td>7<\/td><td>7<\/td><\/tr><tr><td><strong>Rogues\/J\u00e4gerInnen<\/strong><\/td><td>8<\/td><td>10<\/td><td>8<\/td><td>7<\/td><\/tr><tr><td><strong>Zauberer<\/strong><\/td><td>7<\/td><td>7<\/td><td>8<\/td><td>10<\/td><\/tr><tr><td><strong>DruidInnen<\/strong><\/td><td>8<\/td><td>10<\/td><td>8<\/td><td>7<\/td><\/tr><tr><td><strong>NekromantInnen<\/strong><\/td><td>8<\/td><td>10<\/td><td>8<\/td><td>7<\/td><\/tr><\/tbody><\/table><figcaption class=\"wp-element-caption\">Startwerte der Charakterklassen<\/figcaption><\/figure>\n\n\n\n<p>Bei jedem Level-Up kommt ein Prim\u00e4rstatpunkt aller Arten dazu. Weitere dieser Prim\u00e4rstats k\u00f6nnen wie gesagt \u00fcber die Ausr\u00fcstung gewonnen werden sowie durch Entdeckung der Alt\u00e4re von Lilith wo im Schnitt zwei Prim\u00e4rstatpunkte je Altar warten &#8211; und das accountweit.<\/p>\n\n\n\n<p>Diese Prim\u00e4rstats geben <strong>allen <\/strong>Charakteren folgende Boni:<\/p>\n\n\n\n<figure class=\"wp-block-table\"><table><thead><tr><th>Prim\u00e4rstat je<br>Statpunkt<\/th><th>Bonus f\u00fcr alle<\/th><\/tr><\/thead><tbody><tr><td>St\u00e4rke<\/td><td>+1 R\u00fcstung<\/td><\/tr><tr><td>Geschicklichkeit<\/td><td>+ 0,025% Ausweichchance<\/td><\/tr><tr><td>Intelligenz<\/td><td>+ 0,05% Widerstand gegen Alles<\/td><\/tr><tr><td>Willenskraft<\/td><td>+ 0.1% Heilung sowie<br> +0.25% erh\u00f6hter \u00dcberw\u00e4ltigungsschaden<\/td><\/tr><\/tbody><\/table><figcaption class=\"wp-element-caption\">Prim\u00e4re Stats: Eher defensive Boni f\u00fcr alle Charaktere in Diablo 4<\/figcaption><\/figure>\n\n\n\n<p>Was den Schaden angeht, hat jeder Prim\u00e4rstat bei den unterschiedlichen Charakteren auch unterschiedliche Auswirkungen:<\/p>\n\n\n\n<figure class=\"wp-block-table\"><table><tbody><tr><td><strong>Prim\u00e4rstat je<\/strong><br><strong>Statpunkt<\/strong><\/td><td><strong>Barbaren<\/strong><\/td><td><strong>J\u00e4ger<\/strong><\/td><td><strong>Zauberer<br>Totenbeschw\u00f6rer<\/strong><\/td><td><strong>Druiden<\/strong><\/td><\/tr><tr><td><strong>St\u00e4rke<\/strong><\/td><td>+0,1% <br>F\u00e4higkeits-<br>schaden<\/td><td>+0,1%<br>Ressourcen-<br>erzeugung<\/td><td>&nbsp;<\/td><td><\/td><\/tr><tr><td><strong>Willenskraft<\/strong><\/td><td>+0,1%<br>Ressourcen-<br>erzeugung<\/td><td>&nbsp;<\/td><td>+0,1 %<br>Ressourcen-<br>erzeugung<\/td><td>+0,1% <br>F\u00e4higkeits-<br>schaden<\/td><\/tr><tr><td><strong>Intelligenz<\/strong><\/td><td>&nbsp;<\/td><td>+0,025%<br>kritische<br>Trefferchance<\/td><td>+0,1 %<br>F\u00e4higkeits-<br>schaden<\/td><td>+0,1%<br>Ressour-cenerzeug.<\/td><\/tr><tr><td><strong>Geschicklichkeit<\/strong><\/td><td>+0,025 %<br>kritische <br>Trefferchance<\/td><td>+0,1 %<br>F\u00e4higkeits-<br>schaden<\/td><td>+0,025 %<br>kritische<br>Trefferchance<\/td><td>+0,025 %<br>kritische<br>Treffer<br>chance<\/td><\/tr><\/tbody><\/table><figcaption class=\"wp-element-caption\">Charstats: Auswirkungen auf den Schaden (Diablo 4)<\/figcaption><\/figure>\n\n\n\n<p>Neben diesen eher \u201elinearen\u201c Steigerungen gibt es zus\u00e4tzlich auch Breakpoints der Stats welche diverse Boni freischalten wie hier zum Beispiel:<\/p>\n\n\n\n<figure class=\"wp-block-image size-full\"><img loading=\"lazy\" decoding=\"async\" width=\"599\" height=\"553\" src=\"https:\/\/planetdiablo.eu\/de\/wp-content\/uploads\/2023\/07\/nodes.webp\" alt=\"\" class=\"wp-image-588446\" srcset=\"https:\/\/planetdiablo.eu\/de\/wp-content\/uploads\/2023\/07\/nodes.webp 599w, https:\/\/planetdiablo.eu\/de\/wp-content\/uploads\/2023\/07\/nodes-439x405.webp 439w\" sizes=\"auto, (max-width: 599px) 100vw, 599px\" \/><\/figure>\n\n\n\n<p>Dies geschieht \u00fcber das Paragonboard wo man sich verschiedene Knoten \/ Nodes nach und nach erschliessen kann um eben jene Boni zu erhalten.<\/p>\n\n\n\n<p class=\"has-text-color\" style=\"color:#a92314\"><\/p>\n","protected":false},"excerpt":{"rendered":"<p>Prim\u00e4r- oder Corestats werden auch bei Diablo 4 durch Levelanstieg der Charaktere ( Charakterlevel oder Paragonlevel) gesteigert oder durch das Anlegen von Items wie hier: Diese Prim\u00e4r- oder Core-Stats werden gerne \u00fcber- oder untersch\u00e4tzt. Sie sind als Basic der Basics der Charakterentwicklung einfach immer da und irgendwas werden sie schon machen, denken wir. Damit wir&hellip; <a class=\"more-link\" href=\"https:\/\/planetdiablo.eu\/de\/diablo-4-2\/primaerstats-der-charakterklassen\/\"><span class=\"screen-reader-text\">Prim\u00e4rstats der Charakterklassen<\/span> weiterlesen<\/a><\/p>\n","protected":false},"author":762,"featured_media":580075,"parent":580439,"menu_order":7,"comment_status":"closed","ping_status":"closed","template":"","meta":{"footnotes":""},"class_list":["post-587113","page","type-page","status-publish","has-post-thumbnail","hentry","entry"],"_links":{"self":[{"href":"https:\/\/planetdiablo.eu\/de\/wp-json\/wp\/v2\/pages\/587113","targetHints":{"allow":["GET"]}}],"collection":[{"href":"https:\/\/planetdiablo.eu\/de\/wp-json\/wp\/v2\/pages"}],"about":[{"href":"https:\/\/planetdiablo.eu\/de\/wp-json\/wp\/v2\/types\/page"}],"author":[{"embeddable":true,"href":"https:\/\/planetdiablo.eu\/de\/wp-json\/wp\/v2\/users\/762"}],"replies":[{"embeddable":true,"href":"https:\/\/planetdiablo.eu\/de\/wp-json\/wp\/v2\/comments?post=587113"}],"version-history":[{"count":21,"href":"https:\/\/planetdiablo.eu\/de\/wp-json\/wp\/v2\/pages\/587113\/revisions"}],"predecessor-version":[{"id":588449,"href":"https:\/\/planetdiablo.eu\/de\/wp-json\/wp\/v2\/pages\/587113\/revisions\/588449"}],"up":[{"embeddable":true,"href":"https:\/\/planetdiablo.eu\/de\/wp-json\/wp\/v2\/pages\/580439"}],"wp:featuredmedia":[{"embeddable":true,"href":"https:\/\/planetdiablo.eu\/de\/wp-json\/wp\/v2\/media\/580075"}],"wp:attachment":[{"href":"https:\/\/planetdiablo.eu\/de\/wp-json\/wp\/v2\/media?parent=587113"}],"curies":[{"name":"wp","href":"https:\/\/api.w.org\/{rel}","templated":true}]}}