{"id":587132,"date":"2023-03-16T10:24:06","date_gmt":"2023-03-16T08:24:06","guid":{"rendered":"https:\/\/planetdiablo.eu\/de\/?page_id=587132"},"modified":"2023-07-23T22:13:45","modified_gmt":"2023-07-23T20:13:45","slug":"handel-in-diablo-4","status":"publish","type":"page","link":"https:\/\/planetdiablo.eu\/de\/diablo-4-2\/handel-in-diablo-4\/","title":{"rendered":"Handel in Diablo 4"},"content":{"rendered":"\n<p>Ist Handeln in Diablo 4 m\u00f6glich?&nbsp; Ja \u2013 mit Einschr\u00e4nkungen.<br>Ein Handelssystem wie in Diablo 2 gibt es nicht, gleiches gilt f\u00fcr ein Auktionshaus \u00e4hnlich wie in D3. Also: Welche Items k\u00f6nnen wie gehandelt werden?<\/p>\n\n\n\n<p>(<a href=\"#zus\">Zusammenfassung<\/a> f\u00fcr Eilige)<\/p>\n\n\n\n<h2 class=\"wp-block-heading\">Itemtypen die gehandelt werden k\u00f6nnen<\/h2>\n\n\n\n<p>Blizzard hat sich entschieden entschieden einen Mittelweg zu gehen: Manche Items sind handelbar, andere aber nicht. Im Detailsieht es so aus, ganz \u00e4hnlich wie bereits vor Release angek\u00fcndigt:<\/p>\n\n\n\n<p>David Kim, der zun\u00e4chst t\u00e4tige Lead Designer f\u00fcr D4, meinte dazu:<\/p>\n\n\n\n<blockquote class=\"wp-block-quote is-layout-flow wp-block-quote-is-layout-flow\">\n<p>\u201eWe want to make sure there is trading in Diablo 4, but not completely open-ended trading, so that players can&#8217;t get all of the best items by not even playing the game.&#8220;<\/p>\n<cite>David Kim<\/cite><\/blockquote>\n\n\n\n<p><\/p>\n\n\n\n<p>Im Dezember 2022 hatte der Streamer und Youtuber Rhykker ein Interview mit Teilen des Entwicklerteams und traf dort folgende Aussage<br><a href=\"https:\/\/youtu.be\/vLdukedZy8g?t=1715\">https:\/\/youtu.be\/vLdukedZy8g?t=1715<\/a><\/p>\n\n\n\n<blockquote class=\"wp-block-quote is-layout-flow wp-block-quote-is-layout-flow\">\n<p><br>\u201eLegend\u00e4re Essenzen, legend\u00e4re und einzigartige Items sowie Items die vom Okkultisten verzaubert wurden k\u00f6nnen nicht gehandelt werden.\u201c <\/p>\n<\/blockquote>\n\n\n\n<p>Erg\u00e4nzend sei hinzugef\u00fcgt dass dies auch f\u00fcr Quest-Items gilt. Nat\u00fcrlich sind aber genau das die Gegenst\u00e4nde des gr\u00f6ssten Interesses, oder nicht?<\/p>\n\n\n\n<p>Mit der M\u00f6glichkeit, aus seltenen Gegenst\u00e4nden mittels einer legend\u00e4ren Essenz ein legend\u00e4res Item zu machen, \u00e4ndert sich das Bild: Ab da werden auch seltene Items wertvoll da man sie zu legend\u00e4ren Items aufwerten kann.<\/p>\n\n\n\n<p>Das sehen wohl auch die Entwickler so: High-End Rares werden zu begehrten Handelsobjekten. Diese und alle anderen Items darunter sowie Materialien sind handelbar<br><br>Joel Shely sagte \u00c4hnliches in einem YouTube-Interview:<br><\/p>\n\n\n\n<figure class=\"wp-block-embed is-type-video is-provider-youtube wp-block-embed-youtube wp-embed-aspect-16-9 wp-has-aspect-ratio\"><div class=\"wp-block-embed__wrapper\">\n<iframe loading=\"lazy\" title=\"DIABLO IV Q&amp;A with LEAD GAME DESIGNER Joe Shelly\" width=\"750\" height=\"422\" src=\"https:\/\/www.youtube.com\/embed\/bZc-ZrW14pA?start=635&#038;feature=oembed\" frameborder=\"0\" allow=\"accelerometer; autoplay; clipboard-write; encrypted-media; gyroscope; picture-in-picture; web-share\" allowfullscreen><\/iframe>\n<\/div><\/figure>\n\n\n\n<p>Eventuell k\u00f6nnten die Handelsm\u00f6glichkeiten mit Clankameraden in Zukunft etwas gr\u00f6sser sein: In diese Richtung \u00e4usserte sich Luis Barriga, der ehemalige Game Director von D4:<br><\/p>\n\n\n\n<figure class=\"wp-block-embed is-type-video is-provider-youtube wp-block-embed-youtube wp-embed-aspect-16-9 wp-has-aspect-ratio\"><div class=\"wp-block-embed__wrapper\">\n<iframe loading=\"lazy\" title=\"BlizzConline 2021 - Diablo Q&amp;A\" width=\"750\" height=\"422\" src=\"https:\/\/www.youtube.com\/embed\/wqmiv0uuGPg?feature=oembed\" frameborder=\"0\" allow=\"accelerometer; autoplay; clipboard-write; encrypted-media; gyroscope; picture-in-picture; web-share\" allowfullscreen><\/iframe>\n<\/div><\/figure>\n\n\n\n<blockquote class=\"wp-block-quote is-layout-flow wp-block-quote-is-layout-flow\">\n<p>&#8222;We want Diablo 4 to be social, and the shared world is something we&#8217;re leaning on. We do want that opportunity for players to say: &#8222;I can&#8217;t believe you have that item. Let me barter with you.&#8220; We&#8217;re still figuring out the limitations on trading. We&#8217;ll have player-to-player and with your clan via the clan bank.&#8220;<\/p>\n<\/blockquote>\n\n\n\n<p>Diese M\u00f6glichkeit ist tats\u00e4chlich nicht von der Hand zu weisen. In Diablo:Immortal ist es z.B. so, dass Clankameraden sich Items \u00fcber ein bestimmtes internes System gegenseitig \u201eausleihen\u201c k\u00f6nnen. Wenn man dann aus dem Clan austritt, f\u00e4llt das \u201egeliehene\u201c Item an den Clan zur\u00fcck.<\/p>\n\n\n\n<p>Das ist zwar kein ausgesprochenes Trade-Feature, erh\u00f6ht aber die Nutzbarkeit von Gegenst\u00e4nden sowie die Akzeptanz von Clans. M\u00f6glich w\u00e4re zudem, dass wertvolle Items intern getradet werden k\u00f6nnen, der Deal aber mit Ausscheiden eines der beiden Tradepartner r\u00fcckg\u00e4ngig gemacht wird.<\/p>\n\n\n\n<h2 class=\"wp-block-heading\" id=\"zus\">Zusammenfassung<\/h2>\n\n\n\n<p>Am Ende sieht es so aus:<br><strong>Handelbare Items sind:<\/strong><br><br>Gew\u00f6hnliche, magische und seltene Gegenst\u00e4nde <br>Normale Verbrauchsmaterialien wie Craftingsachen, Edelsteine und Elixiere<br><\/p>\n\n\n\n<p><strong>Nicht zu handeln sind:<\/strong><br><br>Legend\u00e4re Items und Aspekte, Einzigartige Items,  verzauberte Items, Quest Items und kosmetische Items.<\/p>\n","protected":false},"excerpt":{"rendered":"<p>Ist Handeln in Diablo 4 m\u00f6glich?&nbsp; Ja \u2013 mit Einschr\u00e4nkungen.Ein Handelssystem wie in Diablo 2 gibt es nicht, gleiches gilt f\u00fcr ein Auktionshaus \u00e4hnlich wie in D3. Also: Welche Items k\u00f6nnen wie gehandelt werden? (Zusammenfassung f\u00fcr Eilige) Itemtypen die gehandelt werden k\u00f6nnen Blizzard hat sich entschieden entschieden einen Mittelweg zu gehen: Manche Items sind handelbar,&hellip; <a class=\"more-link\" href=\"https:\/\/planetdiablo.eu\/de\/diablo-4-2\/handel-in-diablo-4\/\"><span class=\"screen-reader-text\">Handel in Diablo 4<\/span> weiterlesen<\/a><\/p>\n","protected":false},"author":762,"featured_media":587140,"parent":580439,"menu_order":2,"comment_status":"closed","ping_status":"closed","template":"","meta":{"footnotes":""},"class_list":["post-587132","page","type-page","status-publish","has-post-thumbnail","hentry","entry"],"_links":{"self":[{"href":"https:\/\/planetdiablo.eu\/de\/wp-json\/wp\/v2\/pages\/587132","targetHints":{"allow":["GET"]}}],"collection":[{"href":"https:\/\/planetdiablo.eu\/de\/wp-json\/wp\/v2\/pages"}],"about":[{"href":"https:\/\/planetdiablo.eu\/de\/wp-json\/wp\/v2\/types\/page"}],"author":[{"embeddable":true,"href":"https:\/\/planetdiablo.eu\/de\/wp-json\/wp\/v2\/users\/762"}],"replies":[{"embeddable":true,"href":"https:\/\/planetdiablo.eu\/de\/wp-json\/wp\/v2\/comments?post=587132"}],"version-history":[{"count":11,"href":"https:\/\/planetdiablo.eu\/de\/wp-json\/wp\/v2\/pages\/587132\/revisions"}],"predecessor-version":[{"id":588439,"href":"https:\/\/planetdiablo.eu\/de\/wp-json\/wp\/v2\/pages\/587132\/revisions\/588439"}],"up":[{"embeddable":true,"href":"https:\/\/planetdiablo.eu\/de\/wp-json\/wp\/v2\/pages\/580439"}],"wp:featuredmedia":[{"embeddable":true,"href":"https:\/\/planetdiablo.eu\/de\/wp-json\/wp\/v2\/media\/587140"}],"wp:attachment":[{"href":"https:\/\/planetdiablo.eu\/de\/wp-json\/wp\/v2\/media?parent=587132"}],"curies":[{"name":"wp","href":"https:\/\/api.w.org\/{rel}","templated":true}]}}