{"id":587151,"date":"2023-03-16T15:16:26","date_gmt":"2023-03-16T13:16:26","guid":{"rendered":"https:\/\/planetdiablo.eu\/de\/?page_id=587151"},"modified":"2023-03-27T12:28:02","modified_gmt":"2023-03-27T10:28:02","slug":"diablo-4-npcs","status":"publish","type":"page","link":"https:\/\/planetdiablo.eu\/de\/diablo-4-2\/diablo-4-npcs\/","title":{"rendered":"Diablo 4 H\u00e4ndler und andere  NPCs"},"content":{"rendered":"\n<p>In Diablo 4 gibt es mehrere Nicht-Spieler-Charakter (NPC) die uns bei der Bew\u00e4ltigung unserer Missionen helfen, insbesondere unsere gesammelten Materialien verwerten k\u00f6nnen oder gegen Gold oder andere wertvolle Sachen Dienstleistungen erbringen.<br><br><a href=\"#soell\">S\u00f6ldner etc.<\/a><br><a href=\"#kamp\">Begleiter \/ Kampagne<\/a><br><a href=\"#shop\">Shoppingtouren<\/a><br><a href=\"#schm\">Schmied<\/a><br><a href=\"#juwe\">Juwelier<\/a><br><a href=\"#alch\">Alchemist<\/a><br><a href=\"#okku\">Okkultist<\/a><br><a href=\"#lief\">Lieferant &#8230;<\/a><\/p>\n\n\n\n<h2 class=\"wp-block-heading\" id=\"soell\">S\u00f6ldner oder Begleiter <\/h2>\n\n\n\n<p>In Diablo 2 und Diablo 3 sehr hilfreich, sind diese Art von Helfern zun\u00e4chst nicht f\u00fcr Diablo 4 vorgesehen. Ob wir sie tats\u00e4chlich ben\u00f6tigen kann daher bezweifelt werden. F\u00fcr Caster-Chars freilich eher unangenehm da ein Blocker fehlt &#8230;<\/p>\n\n\n\n<h2 class=\"wp-block-heading\" id=\"kamp\">Kampagne<\/h2>\n\n\n\n<p>Innerhalb der von den SpielerInnen zu spielenden Kamapgne wird es aber NPCs geben die uns ein St\u00fcck weit begleiten und uns helfen oder wichtige Quests geben wie z.B. die Chieftain Nora Corse in Corbach. Freilich nicht die ganze Zeit, sondern nur f\u00fcr die wichtigeren Momente einer Kampagne.<\/p>\n\n\n\n<h2 class=\"wp-block-heading\" id=\"shop\">Shoppingtouren?<\/h2>\n\n\n\n<p>Nicht in jeder, aber jeder gr\u00f6sseren Stadt gibt es Gelegenheit Waffen oder R\u00fcstung zu kaufen.  Diese H\u00e4ndler sind auf der Karte ersichtlich mit einem Waffen- bzw. R\u00fcstungssymbol. Solltet Ihr aber auf den Gedanken kommen eine kleine Shoppingtour durch die St\u00e4dte zu machen um zu sehen was es alles Brauchbares gibt &#8211; lasst es.<br>Das Angebot ist \u00fcberall gleich &#8211; ebenso der Reset-Timer der einen neues Angebot verspricht.<\/p>\n\n\n\n<h2 class=\"wp-block-heading\" id=\"schm\">Die Schmiede<\/h2>\n\n\n\n<p>Schmiedefertigkeiten d\u00fcrfen in einem ARPG nat\u00fcrlich nicht fehlen. Wer repariert einem das schartige Schwert oder den angebrochenen Bogen? Nat\u00fcrlich der Schmied.<br>Dem ersten begegnen wir ab Level 10. Mittels kleinerer Aufgaben m\u00fcssen wir ihn freischalten.<br><br><a href=\"https:\/\/planetdiablo.eu\/de\/diablo-4-2\/diablo-4-npcs\/der-schmied\/\">Zum Schmied<\/a> <\/p>\n\n\n\n<h2 class=\"wp-block-heading\" id=\"juwe\">Der Juwelierladen<\/h2>\n\n\n\n<p>F\u00fcr die etwas feineren Arbeiten sind dann die Juweliere zust\u00e4ndig. So wird er unsere Edelsteine aufwerten und Sockel in unsere Items fabrizieren. Auch hier m\u00fcssen wir eine Kleinigkeit machen um den Juwelier freizuschalten. Dies aber erst ab Stufe 20.<br><br><a href=\"https:\/\/planetdiablo.eu\/de\/diablo-4-2\/diablo-4-npcs\/der-juwelier\/\">Zum Juwelier<\/a><\/p>\n\n\n\n<h2 class=\"wp-block-heading\" id=\"alch\">Der Alchemist <\/h2>\n\n\n\n<p>Ein Tausendsassa der f\u00fcr uns sehr n\u00fctzlich sein wird. Er wertet unsere Heiltr\u00e4nke auf, nimmt unsere gesammelten Kr\u00e4uter entgegen und bietet uns neue an. Ausserdem stellt er f\u00fcr uns Elixiere her die uns zeitlich begrenzte Boni bieten. Angeblich soll er auch R\u00e4ucherst\u00e4bchen produzieren k\u00f6nnen. F\u00fcr was weiss allerdings noch keiner.<br><br><a href=\"https:\/\/planetdiablo.eu\/de\/diablo-4-2\/diablo-4-npcs\/der-alchemist\/\">Zum Alchemisten<\/a><\/p>\n\n\n\n<h2 class=\"wp-block-heading\" id=\"okku\">Der Okkultist <\/h2>\n\n\n\n<p>Er ist erste Wahl wenn es um neue Eigenschaften auf unseren Items geht. Ob es Verzauberungen sind oder das Einpr\u00e4gen legend\u00e4rer Aspekte auf seltenen oder legend\u00e4ren Items. G\u00fcnstig ist er erst einmal nicht.<br><br><a href=\"https:\/\/planetdiablo.eu\/de\/diablo-4-2\/diablo-4-npcs\/der-okkultist\/\">Zum Okkultisten<\/a><\/p>\n\n\n\n<h2 class=\"wp-block-heading\" id=\"lief\">Der &#8222;Lieferant&#8220;<\/h2>\n\n\n\n<p>Mit dieser bescheidenen Bezeichnung liefert uns dieser Mann alles was wir wollen&#8230; naja, fast alles. Wir d\u00fcrfen den Itemtyp w\u00e4hlen, die Qualit\u00e4t bestimmt er. Kurz: Unsere Anlaufstelle f\u00fcrs <strong>Gamblen<\/strong>!<\/p>\n\n\n\n<p><a href=\"https:\/\/planetdiablo.eu\/de\/diablo-4-2\/diablo-4-npcs\/der-lieferant-der-kuriositaeten\/\">Zum Lieferanten<\/a><\/p>\n","protected":false},"excerpt":{"rendered":"<p>In Diablo 4 gibt es mehrere Nicht-Spieler-Charakter (NPC) die uns bei der Bew\u00e4ltigung unserer Missionen helfen, insbesondere unsere gesammelten Materialien verwerten k\u00f6nnen oder gegen Gold oder andere wertvolle Sachen Dienstleistungen erbringen. S\u00f6ldner etc.Begleiter \/ KampagneShoppingtourenSchmiedJuwelierAlchemistOkkultistLieferant &#8230; S\u00f6ldner oder Begleiter In Diablo 2 und Diablo 3 sehr hilfreich, sind diese Art von Helfern zun\u00e4chst nicht f\u00fcr&hellip; <a class=\"more-link\" href=\"https:\/\/planetdiablo.eu\/de\/diablo-4-2\/diablo-4-npcs\/\"><span class=\"screen-reader-text\">Diablo 4 H\u00e4ndler und andere  NPCs<\/span> weiterlesen<\/a><\/p>\n","protected":false},"author":762,"featured_media":587072,"parent":580439,"menu_order":0,"comment_status":"closed","ping_status":"closed","template":"","meta":{"footnotes":""},"class_list":["post-587151","page","type-page","status-publish","has-post-thumbnail","hentry","entry"],"_links":{"self":[{"href":"https:\/\/planetdiablo.eu\/de\/wp-json\/wp\/v2\/pages\/587151","targetHints":{"allow":["GET"]}}],"collection":[{"href":"https:\/\/planetdiablo.eu\/de\/wp-json\/wp\/v2\/pages"}],"about":[{"href":"https:\/\/planetdiablo.eu\/de\/wp-json\/wp\/v2\/types\/page"}],"author":[{"embeddable":true,"href":"https:\/\/planetdiablo.eu\/de\/wp-json\/wp\/v2\/users\/762"}],"replies":[{"embeddable":true,"href":"https:\/\/planetdiablo.eu\/de\/wp-json\/wp\/v2\/comments?post=587151"}],"version-history":[{"count":12,"href":"https:\/\/planetdiablo.eu\/de\/wp-json\/wp\/v2\/pages\/587151\/revisions"}],"predecessor-version":[{"id":587403,"href":"https:\/\/planetdiablo.eu\/de\/wp-json\/wp\/v2\/pages\/587151\/revisions\/587403"}],"up":[{"embeddable":true,"href":"https:\/\/planetdiablo.eu\/de\/wp-json\/wp\/v2\/pages\/580439"}],"wp:featuredmedia":[{"embeddable":true,"href":"https:\/\/planetdiablo.eu\/de\/wp-json\/wp\/v2\/media\/587072"}],"wp:attachment":[{"href":"https:\/\/planetdiablo.eu\/de\/wp-json\/wp\/v2\/media?parent=587151"}],"curies":[{"name":"wp","href":"https:\/\/api.w.org\/{rel}","templated":true}]}}