{"id":587161,"date":"2023-03-16T15:29:40","date_gmt":"2023-03-16T13:29:40","guid":{"rendered":"https:\/\/planetdiablo.eu\/de\/?page_id=587161"},"modified":"2023-03-21T10:45:28","modified_gmt":"2023-03-21T08:45:28","slug":"der-alchemist","status":"publish","type":"page","link":"https:\/\/planetdiablo.eu\/de\/diablo-4-2\/diablo-4-npcs\/der-alchemist\/","title":{"rendered":"Die Alchemisten"},"content":{"rendered":"\n<p>Die Alchemisten sind unsere Anlaufstelle f\u00fcr Tr\u00e4nke und Elixiere. Wir bezahlen teilweise in Naturalien wie bestimmten Kr\u00e4utern und auch in Gold.<\/p>\n\n\n\n<p><a href=\"#frei\">Freischaltung<\/a><br><a href=\"#aufw\">Aufwertung von Heiltr\u00e4nken<\/a><br><a href=\"#ress\">Ressourcen veredeln<\/a><br><a href=\"http:\/\/elix\">Elixiere herstellen<\/a><br><a href=\"#weih\">Weihrauch herstellen<\/a><br><\/p>\n\n\n\n<h2 class=\"wp-block-heading\" id=\"frei\">Freischaltung der Alchemisten<\/h2>\n\n\n\n<p>Sie stehen uns nicht vor Level 10 zur Verf\u00fcgung. Ab da bekommen wir eine vorrangige Aufgabe die letztlich nur lautet, den Alchemisten in <a href=\"https:\/\/planetdiablo.eu\/de\/diablo-4-2\/diablo-4-regionen-von-sanktuario\/zersplitterte-gipfel\/\">Kyovashad <\/a>aufzusuchen und unsren schwachen Starter-Heiltrank in einen etwas besseren aufzuwerten. Ab da erfahren wir mehr \u00fcber die Alchemisten und ihreF\u00e4higkeiten (und was es uns kostet). Die Alchemisten finden wir dann auch in jeder Stadt.<\/p>\n\n\n\n<h2 class=\"wp-block-heading\">Aufwertung von Heiltr\u00e4nken<\/h2>\n\n\n\n<p>Das ist ein zentraler Task der Alchemisten und sie stehen uns daf\u00fcr alle 10 Level bis Level 90 zur Verf\u00fcgung.  Alle 10 Charakterlevel k\u00f6nnen wir also unsere Heiltr\u00e4nke in sp\u00fcrbar bessere aufwerten &#8211; was wir dann auch ben\u00f6tigen werden.<\/p>\n\n\n\n<h2 class=\"wp-block-heading\">Kosten der Aufwertung von Heiltr\u00e4nken<\/h2>\n\n\n\n<p><\/p>\n\n\n\n<figure class=\"wp-block-table\"><table><thead><tr><th>Rezept<\/th><th>Kosten<\/th><th>Ergebnis<\/th><\/tr><\/thead><tbody><tr><td>Schwacher<br>Heiltrank<br>CLvl: 1<br><\/td><td>Galgenrebe x 8<br>250 Gold<br><\/td><td>Heilt 17 Lebenspunkte sofort<br>und weitere 35% der maximalen <br>Lebenspunkte binnen 3 Sekunden<\/td><\/tr><tr><td>Winziger<br>Heiltrank<br>CLvl: 10<\/td><td>Galgenrebe x 15<br>Beissbeere  x15<br>400 Gold<\/td><td>Heilt 48 Lebenspunkte sofort<br>und weitere 35% der maximalen <br>Lebenspunkte binnen 3 Sekunden<\/td><\/tr><tr><td>Geringer <br>Heiltrank<br>CLvl: 20<\/td><td>Galgenrebe x20<br>Beissbeere x10<br>Zermahlene Tierknochen x5<br>470 Gold<\/td><td>Heilt 80 Lebenspunkte sofort<br>und weitere 35% der maximalen <br>Lebenspunkte binnen 3 Sekunden<\/td><\/tr><tr><td>Leichter<br>Heiltrank<br>CLvl: 30<\/td><td>Galgenrebe x20<br>Heulermoos x12<br>D\u00e4monenherz x5<br>900 Gold<\/td><td>Heilt 141 Lebenspunkte sofort<br>und weitere 35% der maximalen <br>Lebenspunkte binnen 3 Sekunden<\/td><\/tr><tr><td>Mittlerer<br>Heiltrank<br>CLvl: 45<\/td><td>Galgenrebe x27<br>Rotamin x15<br>Fahlzunge x5<br>1,700 Gold<\/td><td>Heilt 255 Lebenspunkte sofort<br>und weitere 35% der maximalen <br>Lebenspunkte binnen 3 Sekunden<\/td><\/tr><tr><td>Starker<br>Heiltrank<br>CLvl: 60<\/td><td>Pestschatten x36<br>Lebenshut x18<br>Grabstaub x5<br>Engelshauch  x5<br>2,500 Gold<\/td><td>Heilt 378 Lebenspunkte sofort<br>und weitere 35% der maximalen <br>Lebenspunkte binnen 3 Sekunden<\/td><\/tr><tr><td>Gro\u00dfer<br>Heiltrank<br>CLvl: 70<\/td><td>Engelshauch x10<br>Rotamin x27<br>Beissbeere x27<br>Pestschatten x27<br>Lebenshut x27<br>Heulermoos  x27<br>Teufelsrose x5<br>5,000 Gold<\/td><td>Heilt 559 Lebenspunkte sofort<br>und weitere 35% der maximalen <br>Lebenspunkte binnen 3 Sekunden<\/td><\/tr><tr><td>Erheblicher<br>Heiltrank<br>CLvl: 80<\/td><td>Vergessene Seele  x10<br>Engelshauch x20<br>Teufelsrose  x10<br>Grabstaub x20<br>Pestschatten x36<br>D\u00e4monenherz x20<br>Heulermoos x36<br>12,500 Gold<\/td><td>Heilt 827 Lebenspunkte sofort<br>und weitere 35% der maximalen <br>Lebenspunkte binnen 3 Sekunden<\/td><\/tr><tr><td>\u00dcberragender<br>Heiltrank<br>CLvl: 90<\/td><td>Vergessene Seele  x10<br>Engelshauch x20<br>Teufelsrose  x10<br>Grabstaub x20<br>Pestschatten x36<br>D\u00e4monenherz x20<br>Heulermoos x36<br>12,500 Gold<\/td><td>Heilt 1274 Lebenspunkte sofort<br>und weitere 35% der maximalen <br>Lebenspunkte binnen 3 Sekunden<\/td><\/tr><\/tbody><\/table><\/figure>\n\n\n\n<p>Ganz billig wirds also nicht obwohl das jeweils Einmalkosten sind. Falls uns das eine oder andere Material fehlt, bietet die Alchemisten aber an uns mindere Materialien abzunehmen und gegen bessere zu tauschen. <\/p>\n\n\n\n<h2 class=\"wp-block-heading\">Ressourcen veredeln<\/h2>\n\n\n\n<p>Perfekt. Damit sind aufgesammelte Materialien immer was wert und noch besser: Man kann wertvollere Materialien auch in weniger wertvolle umwandeln! &#8230; Allerdings: Letzteres ist eher ein schlechtes Gesch\u00e4ft und man sollte es nur durchziehen wenn man es sehr sehr eilig hat. Nun, wie ist der Wechselkurs?<\/p>\n\n\n\n<figure class=\"wp-block-table\"><table><thead><tr><th>Resource<\/th><th>Kosten zur Herstellung<\/th><\/tr><\/thead><tbody><tr><td>Silbererz<\/td><td>Eisenbrocken x10<br>200 Gold<\/td><\/tr><tr><td>Beissbeere<\/td><td>Galgenrebe x5<br>200 Gold<\/td><\/tr><tr><td>Heulermoos <\/td><td>Galgenrebe x5<br>200 Gold<\/td><\/tr><tr><td>Lebenshut<\/td><td>Galgenrebe x5<br>200 Gold<\/td><\/tr><tr><td>Rotamin<\/td><td>Galgenrebe x5<br>200 Gold<\/td><\/tr><tr><td>Pestschatten<\/td><td>Galgenrebe x5<br>200 Gold<\/td><\/tr><tr><td>Galgenrebe<\/td><td>Beissbeere x1<br>oder Heulermoos  x1<br>oder Lebenshut x1<br>oder Rotamin x1<br>oder Pestschatten x1<br>200 Gold<\/td><\/tr><tr><td>\u00dcberragendes Leder<\/td><td>Rohleder x 5<br>200 Gold<\/td><\/tr><\/tbody><\/table><\/figure>\n\n\n\n<p>Es gibt \u00fcbrigens noch mehr Rohstoffe bzw. Kr\u00e4uter. Aber f\u00fcr Alchemisten z\u00e4hlen erst einmal nur diese.<\/p>\n\n\n\n<h2 class=\"wp-block-heading\" id=\"elix\">Elixiere herstellen<\/h2>\n\n\n\n<p>Elixiere k\u00f6nnen m\u00e4chtige F\u00e4higkeiten vermitteln und eine Dauer von bis zu 30 Minuten haben. Die uns bisher bekannten Rezepte sind folgende:<\/p>\n\n\n\n<figure class=\"wp-block-table\"><table><thead><tr><th>Rezept<\/th><th>Kosten<\/th><th>Ergebnis<\/th><\/tr><\/thead><tbody><tr><td>Schwaches Elixier des Eisenstachels<\/td><td>Galgenrebe x5<br>Beissbeere x5<br>1,000 Gold<\/td><td>Erh\u00f6ht die R\u00fcstung um 100, Dornen um 50 und die Erfahrung um 3% f\u00fcr 30 Minuten. Setzt Clvl 5 voraus.<\/td><\/tr><tr><td>Schwaches Elixier des dritten Auges<br><\/td><td>Galgenrebe x8<br>Heulermoos x5<br>1,000 Gold<\/td><td>Erh\u00f6ht die Ausweichchance um 5% und <br>die Erfahrung um 3% f\u00fcr 30 Minuten.<br>Setzt Clvl 10 voraus.<\/td><\/tr><tr><td>Schwaches Elixier des<br>K\u00e4ltewiderstands<br><\/td><td>Galgenrebe x10<br>Beissbeere x6<br>1,000 Gold<\/td><td>Erh\u00f6ht die K\u00e4lteresistenz um 15% und <br>die Erfahrung um 3% f\u00fcr 30 Minuten.<br>Setzt Clvl 15 voraus.<\/td><\/tr><tr><td>Schwaches Elixier der Feuerresistenz<br><\/td><td>Galgenrebe x10<br>Lebenshut x6<br>1,000 Gold<\/td><td>Erh\u00f6ht die Feuerresistenz um 15% und <br>die Erfahrung um 3% f\u00fcr 30 Minuten.<br>Setzt Clvl 15 voraus.<\/td><\/tr><tr><td>Schwaches Elixier der Giftresistenz<br><\/td><td>Galgenrebe x10<br>Heulermoos x6<br>1,000 Gold<\/td><td>Erh\u00f6ht die Giftresistenz um 15% und <br>die Erfahrung um 3% f\u00fcr 30 Minuten.<br>Setzt Clvl 15 voraus.<\/td><\/tr><tr><td>Schwaches Elixier der Schattenresistenz<br><\/td><td>Galgenrebe x10<br>Pestschatten x6<br>2,500 Gold<\/td><td>Erh\u00f6ht die Giftresistenz um 15% und <br>die Erfahrung um 3% f\u00fcr 30 Minuten.<br>Setzt Clvl 15 voraus.<\/td><\/tr><tr><td>Schwaches Elixier des Blitzwiderstands<br><\/td><td>Galgenrebe x10<br>Rotamin x6<br>1,000 Gold<\/td><td>Erh\u00f6ht die Blitzresistenz um 15% und <br>die Erfahrung um 3% f\u00fcr 30 Minuten.<br>Setzt Clvl 20 voraus.<\/td><\/tr><tr><td>Schwaches Elixier des Angriffs<br><\/td><td>Galgenrebe x12<br>Lebenshut x6<br>1,000 Gold<\/td><td>Erh\u00f6ht die Angriffs-geschwindigkeit um 7% und die Erfahrung um 3% f\u00fcr 30 Minuten. <br>Setzt Clvl 20 voraus.<\/td><\/tr><\/tbody><\/table><\/figure>\n\n\n\n<h2 class=\"wp-block-heading\" id=\"weih\">R\u00e4ucherwerk herstellen<\/h2>\n\n\n\n<p>Hier m\u00fcssen wir sehen wozu dieser Tab eigentlich da ist &#8211; bisher war hier\u00fcber nichts zu erfahren.<\/p>\n\n\n\n<p><a href=\"https:\/\/planetdiablo.eu\/de\/diablo-4-2\/diablo-4-npcs\/\">Zur Diablo 4 NPC \u00dcbersicht<\/a><\/p>\n","protected":false},"excerpt":{"rendered":"<p>Die Alchemisten sind unsere Anlaufstelle f\u00fcr Tr\u00e4nke und Elixiere. Wir bezahlen teilweise in Naturalien wie bestimmten Kr\u00e4utern und auch in Gold. FreischaltungAufwertung von Heiltr\u00e4nkenRessourcen veredelnElixiere herstellenWeihrauch herstellen Freischaltung der Alchemisten Sie stehen uns nicht vor Level 10 zur Verf\u00fcgung. Ab da bekommen wir eine vorrangige Aufgabe die letztlich nur lautet, den Alchemisten in Kyovashad aufzusuchen&hellip; <a class=\"more-link\" href=\"https:\/\/planetdiablo.eu\/de\/diablo-4-2\/diablo-4-npcs\/der-alchemist\/\"><span class=\"screen-reader-text\">Die Alchemisten<\/span> weiterlesen<\/a><\/p>\n","protected":false},"author":762,"featured_media":587332,"parent":587151,"menu_order":0,"comment_status":"closed","ping_status":"closed","template":"","meta":{"footnotes":""},"class_list":["post-587161","page","type-page","status-publish","has-post-thumbnail","hentry","entry"],"_links":{"self":[{"href":"https:\/\/planetdiablo.eu\/de\/wp-json\/wp\/v2\/pages\/587161","targetHints":{"allow":["GET"]}}],"collection":[{"href":"https:\/\/planetdiablo.eu\/de\/wp-json\/wp\/v2\/pages"}],"about":[{"href":"https:\/\/planetdiablo.eu\/de\/wp-json\/wp\/v2\/types\/page"}],"author":[{"embeddable":true,"href":"https:\/\/planetdiablo.eu\/de\/wp-json\/wp\/v2\/users\/762"}],"replies":[{"embeddable":true,"href":"https:\/\/planetdiablo.eu\/de\/wp-json\/wp\/v2\/comments?post=587161"}],"version-history":[{"count":34,"href":"https:\/\/planetdiablo.eu\/de\/wp-json\/wp\/v2\/pages\/587161\/revisions"}],"predecessor-version":[{"id":587335,"href":"https:\/\/planetdiablo.eu\/de\/wp-json\/wp\/v2\/pages\/587161\/revisions\/587335"}],"up":[{"embeddable":true,"href":"https:\/\/planetdiablo.eu\/de\/wp-json\/wp\/v2\/pages\/587151"}],"wp:featuredmedia":[{"embeddable":true,"href":"https:\/\/planetdiablo.eu\/de\/wp-json\/wp\/v2\/media\/587332"}],"wp:attachment":[{"href":"https:\/\/planetdiablo.eu\/de\/wp-json\/wp\/v2\/media?parent=587161"}],"curies":[{"name":"wp","href":"https:\/\/api.w.org\/{rel}","templated":true}]}}