{"id":587203,"date":"2023-03-16T15:31:16","date_gmt":"2023-03-16T13:31:16","guid":{"rendered":"https:\/\/planetdiablo.eu\/de\/?page_id=587203"},"modified":"2023-03-16T15:31:16","modified_gmt":"2023-03-16T13:31:16","slug":"der-schmied","status":"publish","type":"page","link":"https:\/\/planetdiablo.eu\/de\/diablo-4-2\/diablo-4-npcs\/der-schmied\/","title":{"rendered":"Der Schmied"},"content":{"rendered":"\n<p>Zivek heisst der Schmied den wir in Diablo 4 zuerst in Kyovashad treffen. Wir werden vermutlich viel Zeit bei ihm verbringen.<\/p>\n\n\n\n<p><a href=\"#frei\">Freischaltung<\/a><br><a href=\"#repa\">Reparieren<\/a><br><a href=\"#verw\">Verwertung<\/a><br><a href=\"#aufw\">Aufwerten<\/a><\/p>\n\n\n\n<p><\/p>\n\n\n\n<h2 class=\"wp-block-heading\" id=\"frei\">Freischaltung des Schmieds<\/h2>\n\n\n\n<p>Wir erhalten mit Level 10 den Auftrag nach Kyovashad zu gehen um beim Schmied einen Gegenstand aufzuwerten. Praktischerweise k\u00f6nnen wir das vor oder nach einem Besuch beim Alchemisten machen den wir mit Lvl 10 n\u00e4mlich auch besuchen m\u00fcssen. <br><br>Nachdem wir einen Gegenstand aufgewertet haben erhalten wir Erfahrung und finden den Schmied nahezu \u00fcberall an befriedeten Orten in Sanktuario so dass wir nicht immer nach Kyovashad zur\u00fcck m\u00fcssen.<\/p>\n\n\n\n<h2 class=\"wp-block-heading\" id=\"repa\">Reparieren<\/h2>\n\n\n\n<p>Jeder Tod eines Charakters (mit anschliessender wundersamer Wiederauferstehung) kosten 10% Haltbarkeit Eurer Gegenst\u00e4nde. Wie bisher inD2 und D3 auch verlieren Eure angelegten Items teilweise ihre Attribute wenn sie kaputt sind und m\u00fcssen sp\u00e4testens dann repariert werden. Je kaputter ein Item um so teurer wird die Reparatur und je besser ein Item, genauso. Qualit\u00e4t muss man sich leisten k\u00f6nnen \ud83d\ude09<\/p>\n\n\n\n<h2 class=\"wp-block-heading\" id=\"verw\">Verwertung \/ Salvaging<\/h2>\n\n\n\n<p>Der Schmied ist unsere Anlaufstelle wenn wir gefundene Items verwerten wollen, denn diese bringen Craftingmaterialien. Ausserdem schalten wir durch das Verwerten eines Itemtyps bzw. Items auch das entsprechende Transmog frei.<\/p>\n\n\n\n<p>Folgende Items bringen folgende Materialien:<br><\/p>\n\n\n\n<figure class=\"wp-block-table\"><table><thead><tr><th>Itemtyp<\/th><th>Erhaltenes Material<\/th><\/tr><\/thead><tbody><tr><td>Normale oder magische Waffen<\/td><td>Eisenklumpen x 1-2<br>Silbererz x 1<\/td><\/tr><tr><td>Seltene Waffen<\/td><td>Eisenklumpen x 1-2<br>Tr\u00fcber Kristall<br><\/td><\/tr><tr><td>Legend\u00e4re Waffen<\/td><td>Eisenklumpen x 1-2<br>Tr\u00fcber Kristall<br>Verderbliches Fragment<\/td><\/tr><tr><td>Unique Waffen<\/td><td>Eisenklumpen x 1-2<br>Unbekannt<\/td><\/tr><tr><td>Normale oder magische R\u00fcstung<\/td><td>Rohleder x 1-2<br>Gutes Leder x 1<\/td><\/tr><tr><td>Seltene R\u00fcstung<\/td><td>Rohleder x 1-2<br>Tr\u00fcber Kristall<br><\/td><\/tr><tr><td>Legend\u00e4re R\u00fcstung<\/td><td>Rohleder x 1-2<br>Tr\u00fcber Kristall<br>Gewundener Schutz<\/td><\/tr><tr><td>Unique R\u00fcstung<\/td><td>Rohleder x 1-2<br>Unbekannt<\/td><\/tr><tr><td>Normale oder magische Juwelen<\/td><td>Eisenklumpen x 1-2<\/td><\/tr><tr><td>Seltene Juwelen<\/td><td>Eisenklumpen x 1-2<br>Tr\u00fcber Kristall<br><\/td><\/tr><tr><td>Legend\u00e4re Juwelen<\/td><td>Eisenklumpen x 1-2<br>Abstruses Siegel<\/td><\/tr><tr><td>Unique Juwelen<\/td><td>Eisenklumpen x 1-2<br>Abstruses Siegel<\/td><\/tr><\/tbody><\/table><\/figure>\n\n\n\n<h2 class=\"wp-block-heading\" id=\"aufw\">Aufwerten<\/h2>\n\n\n\n<p>Einer der voraussichtlich wichtigsten Funktionen des Schmieds wird das Aufwerten von Gegenst\u00e4nden sein. Diese k\u00f6nnen in ihrer Itempower in F\u00fcnfer-Schritten aufgewertet werden &#8211; damit nicht genug, damit steigen auch die meisten Affixe, Verteidigung oder Schaden!<\/p>\n\n\n\n<p><br>Das Aufwerten kann verschiedene Male durchgef\u00fchrt werden, abh\u00e4ngig von der Seltenheit bzw. Wertigkeit des Items und des Geldbeutels und Materiallagers des Besitzes &#8211; denn jedesmal wird es teurer. Also sucht Euch die Items die Ihr aufwerten wollt gut aus, denn unendlich Gold und Mats hat man nicht wirklich.<\/p>\n\n\n\n<p>Folgende Materialien (neben Gold) werden voraussichtlich f\u00fcr das Aufwerten ben\u00f6tigt:<\/p>\n\n\n\n<p><\/p>\n\n\n\n<figure class=\"wp-block-table\"><table><thead><tr><th>Material<\/th><th>Stufe + Aufzuwertende Items<\/th><\/tr><\/thead><tbody><tr><td>Eisenklumpen<\/td><td>Stufe 1, Waffen und Juwelen<\/td><\/tr><tr><td>Rohleder<\/td><td>Stufe 1, R\u00fcstung<\/td><\/tr><tr><td>Silbererz<\/td><td>Stufe 2, Waffen und Juwelen<\/td><\/tr><tr><td>Gutes Leder<\/td><td>Stufe 2, R\u00fcstung<\/td><\/tr><tr><td>Tr\u00fcber Kristall<\/td><td>Stufe 3, Waffen, Juwelen, R\u00fcstung<\/td><\/tr><tr><td>Verderbliches Fragment<\/td><td>Stufe 4, Waffe<\/td><\/tr><tr><td>Gewundener Schutz<\/td><td>Stufe 4, R\u00fcstung<\/td><\/tr><tr><td>Abstruses Siegel<\/td><td>Stufe 4, Juwelen<\/td><\/tr><tr><td>Vergessene Seele<\/td><td>Stufe 5, Waffen, R\u00fcstung, Juwelen<\/td><\/tr><\/tbody><\/table><\/figure>\n\n\n\n<p><a href=\"https:\/\/planetdiablo.eu\/de\/diablo-4-2\/diablo-4-npcs\/\">Zur\u00fcck zur Diablo 4 NPC \u00dcbersicht<\/a><\/p>\n","protected":false},"excerpt":{"rendered":"<p>Zivek heisst der Schmied den wir in Diablo 4 zuerst in Kyovashad treffen. Wir werden vermutlich viel Zeit bei ihm verbringen. FreischaltungReparierenVerwertungAufwerten Freischaltung des Schmieds Wir erhalten mit Level 10 den Auftrag nach Kyovashad zu gehen um beim Schmied einen Gegenstand aufzuwerten. Praktischerweise k\u00f6nnen wir das vor oder nach einem Besuch beim Alchemisten machen den&hellip; <a class=\"more-link\" href=\"https:\/\/planetdiablo.eu\/de\/diablo-4-2\/diablo-4-npcs\/der-schmied\/\"><span class=\"screen-reader-text\">Der Schmied<\/span> weiterlesen<\/a><\/p>\n","protected":false},"author":762,"featured_media":587204,"parent":587151,"menu_order":0,"comment_status":"closed","ping_status":"closed","template":"","meta":{"footnotes":""},"class_list":["post-587203","page","type-page","status-publish","has-post-thumbnail","hentry","entry"],"_links":{"self":[{"href":"https:\/\/planetdiablo.eu\/de\/wp-json\/wp\/v2\/pages\/587203","targetHints":{"allow":["GET"]}}],"collection":[{"href":"https:\/\/planetdiablo.eu\/de\/wp-json\/wp\/v2\/pages"}],"about":[{"href":"https:\/\/planetdiablo.eu\/de\/wp-json\/wp\/v2\/types\/page"}],"author":[{"embeddable":true,"href":"https:\/\/planetdiablo.eu\/de\/wp-json\/wp\/v2\/users\/762"}],"replies":[{"embeddable":true,"href":"https:\/\/planetdiablo.eu\/de\/wp-json\/wp\/v2\/comments?post=587203"}],"version-history":[{"count":14,"href":"https:\/\/planetdiablo.eu\/de\/wp-json\/wp\/v2\/pages\/587203\/revisions"}],"predecessor-version":[{"id":587302,"href":"https:\/\/planetdiablo.eu\/de\/wp-json\/wp\/v2\/pages\/587203\/revisions\/587302"}],"up":[{"embeddable":true,"href":"https:\/\/planetdiablo.eu\/de\/wp-json\/wp\/v2\/pages\/587151"}],"wp:featuredmedia":[{"embeddable":true,"href":"https:\/\/planetdiablo.eu\/de\/wp-json\/wp\/v2\/media\/587204"}],"wp:attachment":[{"href":"https:\/\/planetdiablo.eu\/de\/wp-json\/wp\/v2\/media?parent=587203"}],"curies":[{"name":"wp","href":"https:\/\/api.w.org\/{rel}","templated":true}]}}