{"id":587226,"date":"2023-03-16T15:30:17","date_gmt":"2023-03-16T13:30:17","guid":{"rendered":"https:\/\/planetdiablo.eu\/de\/?page_id=587226"},"modified":"2023-03-16T15:30:17","modified_gmt":"2023-03-16T13:30:17","slug":"der-juwelier","status":"publish","type":"page","link":"https:\/\/planetdiablo.eu\/de\/diablo-4-2\/diablo-4-npcs\/der-juwelier\/","title":{"rendered":"Der Juwelier"},"content":{"rendered":"\n<p>Was w\u00e4re die Welt ohne Glitter und Glanz? Nun, der Juwelier bedient unsere viel bodenst\u00e4ndigeren Bed\u00fcrfnisse nach st\u00e4rkeren Waffen und Schmuck &#8211; auf seine Weise.<\/p>\n\n\n\n<p><a href=\"#frei\">Freischaltung<\/a> <br><a href=\"#itemup\">Aufwerten von Gegenst\u00e4nden<\/a><br><a href=\"#gemup\">Aufwerten von Edelsteinen<\/a><br><a href=\"#ausw\">Eigenschaften von Edelsteinen<\/a><br><a href=\"#sockeln\">Sockeln und Entsockeln<\/a><\/p>\n\n\n\n<h2 class=\"wp-block-heading\" id=\"frei\">Freischaltung<\/h2>\n\n\n\n<p>Wenn unser CharCLvl 20 erreicht hat bekommen wir wieder eine Aufgabe und reisen deswegen nach Kyovashad. Dort verwenden wir drei rohe Rubine und ein bisschen Gold und stellen einen l\u00e4dierten Rubin her.<\/p>\n\n\n\n<p>Damit fangen wir freilich nur etwas an wenn wir auch ein Item mit mindestens einem Sockel haben. Ein Sockel ist eine Vorrichtung in die wir Edelsteine oder Juwelen einf\u00fcgen k\u00f6nnen, ggf. sp\u00e4ter auch mehr.<\/p>\n\n\n\n<p>Jedenfalls, sobald wir den Juwelier auf diese Weise freigeschaltet haben steht er uns in den meisten (befriedeten) Orten zur Verf\u00fcgung wie die anderen n\u00fctzlichen NPCs auch.<\/p>\n\n\n\n<h2 class=\"wp-block-heading\" id=\"itemup\">Aufwerten von Gegenst\u00e4nden<\/h2>\n\n\n\n<p>Beim Juwelier lassen sich Geschmeide, also Amulette und Ringe aufwerten. Das hat nat\u00fcrlich seinen Preis und insgesamt ist Vorsicht geboten:<br>Seltene Gegenst\u00e4nde lassen sich 3x aufwerten.<br>Legend\u00e4re Gegenst\u00e4nde lassen sich 4x aufwerten.<br><br>Dieser zum Schmied vergleichbare Mechanismus kommt uns recht teuer uns sollte nur bei den besten Items verwendet werden.<\/p>\n\n\n\n<h2 class=\"wp-block-heading\" id=\"gemup\">Aufwerten von Edelsteinen<\/h2>\n\n\n\n<p>Wie in den beiden vorherigen Spielen der Diablo-Reiche auch, k\u00f6nnen wir Edelsteine zu einer n\u00e4chsth\u00f6heren Stufe aufwerten bis das &#8222;nat\u00fcrliche&#8220; Ende, meistens bei der Stufe &#8222;Perfekt&#8220;, erreicht ist. Hierzu werden wieder drei Edelsteine ben\u00f6tigt sowie Gold um beim Juwelier die drei Steine in einen Stein der n\u00e4chsth\u00f6heren Stufe aufzuwerten.<br>Durch das Aufwerten werden die Eigenschaften der Edelsteine verbessert was sie n\u00fctzlicher macht.<\/p>\n\n\n\n<h2 class=\"wp-block-heading\" id=\"itemup\">Auswirkungen und Eigenschaften der Edelsteine<\/h2>\n\n\n\n<p>Die Edelsteine, in Diablo sind damit auch <em>Sch\u00e4del <\/em>gemeint,  verf\u00fcgen \u00fcber bestimmte Eigenschaften die sie dem Gegenstand in den sie gesockelt werden, verleihen. Diese Edelsteine sind derzeit im Spiel verf\u00fcgbar und haben folgende Anfangseigenschaften:<br><\/p>\n\n\n\n<figure class=\"wp-block-table\"><table><thead><tr><th>Edelstein<\/th><th>Waffe<\/th><th>R\u00fcstung<\/th><th>Geschmeide<\/th><\/tr><\/thead><tbody><tr><td>Amethyst<\/td><td>+ 4% <a href=\"https:\/\/planetdiablo.eu\/d2dbneu\/itemdb\/d2-lexikon.php#dlink\">DoT<\/a><\/td><td>+ 6.6% DoT<br>Reduktion<\/td><td>+11.5% Schatten- Resistenz<\/td><\/tr><tr><td>Diamant<\/td><td>+4% zu <br>Ultimativer Schaden<\/td><td>+4 % Barriere-Potential<\/td><td>+4 % <a href=\"https:\/\/planetdiablo.eu\/d2dbneu\/itemdb\/d2-lexikon.php#alink\">AllRes<\/a><\/td><\/tr><tr><td>Rubin<\/td><td>+6% Ressourcen-generation<\/td><td>+5% Leben<\/td><td>+11.5% Feuer-Resistenz<\/td><\/tr><tr><td>Saphir<\/td><td>+6% Kritischer-Treffer-Schaden zu <a href=\"https:\/\/planetdiablo.eu\/d2dbneu\/itemdb\/d2-lexikon.php#clink\">CC<\/a> kontrollierten Feinden<\/td><td>+4% Schadens-Reduktion sofern &#8222;fortified&#8220; (Passiv)<\/td><td>+11.5% K\u00e4lte-Resistenz<\/td><\/tr><tr><td>Sch\u00e4del<\/td><td>+6 Leben on Kill<\/td><td>+4% Heilung<br>erhalten<\/td><td>+100 R\u00fcstung (Armor)<\/td><\/tr><tr><td>Smaragd<\/td><td>+6.7% Schaden gegen Elitegegner<\/td><td>+19 Dornen<\/td><td>+11.5% Gift-Resistenz<\/td><\/tr><tr><td>Topas<\/td><td>+3% Lucky Hit Chance<\/td><td>+6.6% Schadens-Reduktion wenn unter <a href=\"https:\/\/planetdiablo.eu\/d2dbneu\/itemdb\/d2-lexikon.php#clink\">CI<\/a>-Einfluss<\/td><td>+11% Blitz-Resistenz<\/td><\/tr><\/tbody><\/table><figcaption class=\"wp-element-caption\">Liste der Eigenschaften der Edelsteine in Diablo 4<\/figcaption><\/figure>\n\n\n\n<h2 class=\"wp-block-heading\" id=\"sockeln\">Sockeln und Entsockeln<\/h2>\n\n\n\n<p>Mit &#8222;<strong>Sockeln<\/strong>&#8220; sind eigentlich zwei Vorg\u00e4nge gemeint:  Der erste Vorgang ist trivial: Der Charakter <strong>steckt <\/strong>ein geeignetes Item wie z.B. einen Edelstein <strong>in einen vorhandenen Sockel<\/strong> in einem anderen Gegenstand.<\/p>\n\n\n\n<p>Der zweite Vorgang wird vom Juwelier durchgef\u00fchrt und zwar das <strong>Hinzuf\u00fcgen <\/strong>einer <strong>Sockelfassung <\/strong>zu einem Gegenstand. Der Preis f\u00fcr diese Dienstleistung ist immer gleich: Es muss ein &#8222;Zerschmettertes Prisma&#8220; (scattered prism) an den Juwelier gezahlt werden. Schlechte Nachricht: Diese Ressource gibt es nur bei Weltboss-Events zu finden. <br><br>Allerdings sind nicht endlos viele Sockelfassungen pro Item m\u00f6glich.<br>Folgende Anzahl von Sockeln lassen sich den Gegenst\u00e4nden hinzuf\u00fcgen:<\/p>\n\n\n\n<figure class=\"wp-block-table\"><table><thead><tr><th>Ausr\u00fcstungsteil<\/th><th>Anzahl Sockel<\/th><\/tr><\/thead><tbody><tr><td>Kopfbedeckung<\/td><td>1<\/td><\/tr><tr><td>Torso<\/td><td>2<\/td><\/tr><tr><td>Beinschutz<\/td><td>2<\/td><\/tr><tr><td>Amulett<\/td><td>1<\/td><\/tr><tr><td>Ring<\/td><td>1<\/td><\/tr><tr><td>1H Waffe<\/td><td>1<\/td><\/tr><tr><td>2H Waffe<\/td><td>2<\/td><\/tr><tr><td>Bogen<\/td><td>2<\/td><\/tr><tr><td>Fokus<\/td><td>1<\/td><\/tr><\/tbody><\/table><figcaption class=\"wp-element-caption\">Anzahl m\u00f6glicher Sockel in Gegenst\u00e4nden in Diablo 4<\/figcaption><\/figure>\n\n\n\n<p>Die Sockelfassungen selbst lassen sich nicht mehr entfernen, aber Gegenst\u00e4nde die in Sockel gesteckt wurden. Auch das erledigt der Juwelier gegen einen Goldbetrag. Die auf diese Weise entfernten Gegenst\u00e4nde wie z.B. Edelsteine werden nicht zerst\u00f6rt und k\u00f6nnen weiter verwendet werden.<\/p>\n\n\n\n<p><a href=\"https:\/\/planetdiablo.eu\/de\/diablo-4-2\/diablo-4-npcs\/\">Zur\u00fcck zur Diablo 4 NPC \u00dcbersicht<\/a><\/p>\n","protected":false},"excerpt":{"rendered":"<p>Was w\u00e4re die Welt ohne Glitter und Glanz? Nun, der Juwelier bedient unsere viel bodenst\u00e4ndigeren Bed\u00fcrfnisse nach st\u00e4rkeren Waffen und Schmuck &#8211; auf seine Weise. Freischaltung Aufwerten von Gegenst\u00e4ndenAufwerten von EdelsteinenEigenschaften von EdelsteinenSockeln und Entsockeln Freischaltung Wenn unser CharCLvl 20 erreicht hat bekommen wir wieder eine Aufgabe und reisen deswegen nach Kyovashad. Dort verwenden wir&hellip; <a class=\"more-link\" href=\"https:\/\/planetdiablo.eu\/de\/diablo-4-2\/diablo-4-npcs\/der-juwelier\/\"><span class=\"screen-reader-text\">Der Juwelier<\/span> weiterlesen<\/a><\/p>\n","protected":false},"author":762,"featured_media":587242,"parent":587151,"menu_order":0,"comment_status":"closed","ping_status":"closed","template":"","meta":{"footnotes":""},"class_list":["post-587226","page","type-page","status-publish","has-post-thumbnail","hentry","entry"],"_links":{"self":[{"href":"https:\/\/planetdiablo.eu\/de\/wp-json\/wp\/v2\/pages\/587226","targetHints":{"allow":["GET"]}}],"collection":[{"href":"https:\/\/planetdiablo.eu\/de\/wp-json\/wp\/v2\/pages"}],"about":[{"href":"https:\/\/planetdiablo.eu\/de\/wp-json\/wp\/v2\/types\/page"}],"author":[{"embeddable":true,"href":"https:\/\/planetdiablo.eu\/de\/wp-json\/wp\/v2\/users\/762"}],"replies":[{"embeddable":true,"href":"https:\/\/planetdiablo.eu\/de\/wp-json\/wp\/v2\/comments?post=587226"}],"version-history":[{"count":18,"href":"https:\/\/planetdiablo.eu\/de\/wp-json\/wp\/v2\/pages\/587226\/revisions"}],"predecessor-version":[{"id":587305,"href":"https:\/\/planetdiablo.eu\/de\/wp-json\/wp\/v2\/pages\/587226\/revisions\/587305"}],"up":[{"embeddable":true,"href":"https:\/\/planetdiablo.eu\/de\/wp-json\/wp\/v2\/pages\/587151"}],"wp:featuredmedia":[{"embeddable":true,"href":"https:\/\/planetdiablo.eu\/de\/wp-json\/wp\/v2\/media\/587242"}],"wp:attachment":[{"href":"https:\/\/planetdiablo.eu\/de\/wp-json\/wp\/v2\/media?parent=587226"}],"curies":[{"name":"wp","href":"https:\/\/api.w.org\/{rel}","templated":true}]}}