{"id":587245,"date":"2023-03-16T15:30:53","date_gmt":"2023-03-16T13:30:53","guid":{"rendered":"https:\/\/planetdiablo.eu\/de\/?page_id=587245"},"modified":"2023-03-21T19:14:51","modified_gmt":"2023-03-21T17:14:51","slug":"der-okkultist","status":"publish","type":"page","link":"https:\/\/planetdiablo.eu\/de\/diablo-4-2\/diablo-4-npcs\/der-okkultist\/","title":{"rendered":"Der Okkultist"},"content":{"rendered":"\n<p>Der Okkultist zeigt sich nicht gerne, ist aber eine sehr wichtige Person in Diablo 4.<br>Es gibt einiges was er f\u00fcr uns tun kann, also z\u00f6gern wir nicht.<\/p>\n\n\n\n<p><a href=\"#frei\">Freischalten des Okkultisten<\/a><br><a href=\"#roll\">Umrollen von Stats \/ Verzaubern<\/a><br><a href=\"#entz\">Entziehen von Legend\u00e4ren Eigensch<\/a><a href=\"http:\/\/entz\">aften<\/a> +<br><a href=\"#einp\">Einpr\u00e4gen von Legend\u00e4ren Aspekten<\/a><br><a href=\"#siegel1\">Herstellen von Siegeln<\/a><br><a href=\"#siegel2\">Verwerten von Siegeln<\/a><br><a href=\"#wo\">Wo ist der Okkultist?<\/a><\/p>\n\n\n\n<h2 class=\"wp-block-heading\" id=\"frei\">Freischalten des Okkultisten<\/h2>\n\n\n\n<p>Der Okkultist muss durch eine Handlung oder eine Ma\u00dfnahme freigeschaltet werden. Jedenfalls wird eine Freischaltung nicht erfolgen bevor der Charakter nicht eine gewisse St\u00e4rke erreicht hat. Das ist insoweit sinnvoll als ein Anf\u00e4ngerchar kaum Waffen oder \u00e4hnliches verzaubern will welche er nach ein paar Leveln wieder wegwirft. Andererseits heisst das dass man bis dahin mit gefundenen Legend\u00e4ren Gegenst\u00e4nden keinen Schindluder betreiben sollte- im HInblick auf ihre Legend\u00e4ren Inhalte k\u00f6nnen diese noch wertvoll werden!<\/p>\n\n\n\n<h2 class=\"wp-block-heading\" id=\"roll\">Umrollen von Stats<\/h2>\n\n\n\n<p>Nicht mit allen Eigenschaften auf einem Item ist man gl\u00fccklich. Hier bietet sich an, ein ansonsten gutes Item beim Okkultisten umrollen zu lassen. Dabei l\u00e4sst sich genau eine Eigenschaft des Items \u00e4ndern: Indem etwa ein h\u00f6herer Wert des gleichen Stats gerollt und gew\u00e4hlt wird oder ein neuer <a href=\"https:\/\/planetdiablo.eu\/d2dbneu\/itemdb\/d2-lexikon.php#slink\">Stat <\/a> genommen wird der besser zu den eigenen Anforderungen passt. Im Laufe des Umrollens werden dem Spieler immer mindestens zwei Auswahlm\u00f6glichkeiten pr\u00e4sentiert der\/die SpielerIn kann aber auch beim alten Stat bleiben wenn ihm oder ihr das Ergebnis nicht gef\u00e4llt.<\/p>\n\n\n\n<p>Vorteile:<br>Man kann aus einem eher durchschnittlichen Item ein deutlich besseres machen.<br><br>Nachteile:<br>Das Umrollen wird zunehmend teurer.<br>Das Item wird account-bound wenn man es verzaubert.<br>Nicht jede gew\u00fcnschte Eigenschaft gibt es in Kombination mit anderen gew\u00fcnschten Eigenschaften.<br><br>Das Umrollen wird stetig teurer was die Goldkosten angeht. F\u00fcr seltene Items ( die man, wenn wir mal ehrlich sind, eher selten umgerollt werden, werden ausserdem zus\u00e4tzlich Tr\u00fcbe Kristalle ben\u00f6tigt, f\u00fcr Legend\u00e4re Items das Material Teufelsrose.<\/p>\n\n\n\n<h2 class=\"wp-block-heading\" id=\"entz\">Entziehen von Legend\u00e4ren Eigenschaften<\/h2>\n\n\n\n<p>Einer der Neuigkeiten in Diablo 4 ist die M\u00f6glichkeit Legend\u00e4re Eigenschaften von Items zu entziehen. Diese Items werden dabei zerst\u00f6rt, aber die Legend\u00e4ren Eigenschaften kann man separat speichern und sp\u00e4ter auf andere Items &#8211; selten oder auch Legend\u00e4r- einpr\u00e4gen. Sollte bereits eine Legend\u00e4re Eigenschaft vorhanden gewesen sein, wird diese \u00fcberschrieben.<br><br>Die Legend\u00e4ren Eigenschaften werden in Form von <strong>Aspekten<\/strong> gespeichert. Die Aspekte zeigen an wo man sie einpr\u00e4gen kann und welche Boni sie auf welchem Itemtyp gew\u00e4hren &#8211; das ist durchaus unterschiedlich!<\/p>\n\n\n\n<p>\u00c4lteres Bild ( Name noch Essenz:)<\/p>\n\n\n\n<figure class=\"wp-block-image size-full\"><img loading=\"lazy\" decoding=\"async\" width=\"350\" height=\"396\" src=\"https:\/\/planetdiablo.eu\/de\/wp-content\/uploads\/2023\/03\/aspect-essence.webp\" alt=\"\" class=\"wp-image-587262\"\/><figcaption class=\"wp-element-caption\">Als Aspekte noch Essenzen waren &#8230;<\/figcaption><\/figure>\n\n\n\n<p>Der Okkultist gibt eine kleine Vorschau auf das was man zu erwarten hat &#8211; es ist wenig spektakul\u00e4r:<\/p>\n\n\n\n<figure class=\"wp-block-image size-full\"><img loading=\"lazy\" decoding=\"async\" width=\"688\" height=\"947\" src=\"https:\/\/planetdiablo.eu\/de\/wp-content\/uploads\/2023\/03\/d4-okkultist-extract-1.webp\" alt=\"Vorschau Diablo 4 Okkultist Extract aspect\n\" class=\"wp-image-587338\" srcset=\"https:\/\/planetdiablo.eu\/de\/wp-content\/uploads\/2023\/03\/d4-okkultist-extract-1.webp 688w, https:\/\/planetdiablo.eu\/de\/wp-content\/uploads\/2023\/03\/d4-okkultist-extract-1-294x405.webp 294w\" sizes=\"auto, (max-width: 688px) 100vw, 688px\" \/><\/figure>\n\n\n\n<h2 class=\"wp-block-heading\" id=\"einp\">Einpr\u00e4gen von Legend\u00e4ren Eigenschaften<\/h2>\n\n\n\n<p>Das ist eine hervorragende Methode um seine Items weiter zu verbessern. Aber auch hier ist Vorsicht geboten: Nicht alles ist machbar und teuer ist es auch noch. Legend\u00e4re Aspekte kann man auf seltene oder legend\u00e4re Items einpr\u00e4gen. Die entsprechend versorgten Items bekommen eine Kennzeichnung und k\u00f6nnen nicht mehr weiter mit einem legend\u00e4ren Aspekt versorgt werden. F\u00fcr jedes Item gibt es daher genau eine M\u00f6glichkeit des Einpr\u00e4gens.  Evtl. bereits bestehende legend\u00e4re Aspekte werden \u00fcberschrieben.<br><br>Dagegen gibt es zwei M\u00f6glichkeiten Legend\u00e4re Aspekte zu verwenden: Einmal wenn man die Legend\u00e4re Eigenschaft selbst entzieht (siehe oben) oder indem man den Kodex der Macht (dazu ein andermal mehr) benutzt welcher freigeschaltet wird wenn man ein Dungeon cleart. Dortige legend\u00e4re Aspekte rollen aber immer nur mit niedrigst m\u00f6glichen Roll- nicht erste Wahl wenn man ein Top-Item vebessern m\u00f6chte.<\/p>\n\n\n\n<p>Wenn Ihr es genauer wissen wollt: Hier gibt es  eine kleine Galerie welche es hoffentlich erkl\u00e4rt \ud83d\ude42 Mit Rechtsklick k\u00f6nnt ihr die einzelnen Bilder in ganzer Gr\u00f6sse ansehen.<br><\/p>\n\n\n\n<figure class=\"wp-block-gallery has-nested-images columns-default is-cropped wp-block-gallery-1 is-layout-flex wp-block-gallery-is-layout-flex\">\n<figure class=\"wp-block-image size-full\"><img loading=\"lazy\" decoding=\"async\" width=\"694\" height=\"977\" data-id=\"587347\" src=\"https:\/\/planetdiablo.eu\/de\/wp-content\/uploads\/2023\/03\/d4-okkultist-extract-3.webp\" alt=\"\" class=\"wp-image-587347\" srcset=\"https:\/\/planetdiablo.eu\/de\/wp-content\/uploads\/2023\/03\/d4-okkultist-extract-3.webp 694w, https:\/\/planetdiablo.eu\/de\/wp-content\/uploads\/2023\/03\/d4-okkultist-extract-3-288x405.webp 288w\" sizes=\"auto, (max-width: 694px) 100vw, 694px\" \/><figcaption class=\"wp-element-caption\">Kodex oder selbst extrahiert?<\/figcaption><\/figure>\n\n\n\n<figure class=\"wp-block-image size-full\"><img loading=\"lazy\" decoding=\"async\" width=\"707\" height=\"821\" data-id=\"587348\" src=\"https:\/\/planetdiablo.eu\/de\/wp-content\/uploads\/2023\/03\/d4-okkultist-extract-4.webp\" alt=\"\" class=\"wp-image-587348\" srcset=\"https:\/\/planetdiablo.eu\/de\/wp-content\/uploads\/2023\/03\/d4-okkultist-extract-4.webp 707w, https:\/\/planetdiablo.eu\/de\/wp-content\/uploads\/2023\/03\/d4-okkultist-extract-4-349x405.webp 349w\" sizes=\"auto, (max-width: 707px) 100vw, 707px\" \/><figcaption class=\"wp-element-caption\">Vorher<\/figcaption><\/figure>\n\n\n\n<figure class=\"wp-block-image size-full\"><img loading=\"lazy\" decoding=\"async\" width=\"417\" height=\"994\" data-id=\"587344\" src=\"https:\/\/planetdiablo.eu\/de\/wp-content\/uploads\/2023\/03\/d4-alchemist-extract5-ergebnis.webp\" alt=\"\" class=\"wp-image-587344\" srcset=\"https:\/\/planetdiablo.eu\/de\/wp-content\/uploads\/2023\/03\/d4-alchemist-extract5-ergebnis.webp 417w, https:\/\/planetdiablo.eu\/de\/wp-content\/uploads\/2023\/03\/d4-alchemist-extract5-ergebnis-170x405.webp 170w\" sizes=\"auto, (max-width: 417px) 100vw, 417px\" \/><figcaption class=\"wp-element-caption\">Nachher<\/figcaption><\/figure>\n<\/figure>\n\n\n\n<p>Wie Ihr seht, das Ergebnis ist das alte rare Item mit einer neuen legend\u00e4ren Eigenschaft.<\/p>\n\n\n\n<h2 class=\"wp-block-heading\" id=\"siegel1\">Siegel herstellen<\/h2>\n\n\n\n<p>Siegel sind Verbrauchsgegenst\u00e4nde welche Dungeons mit erh\u00f6hten Schwierigkeiten modifizieren. Die Dungeons werden dann &#8222;Alptraum-Dungeons&#8220; genannt weil sie schwerer zu bew\u00e4ltigen sind als normale Dungeons.  Die Dungeons werden immer mit f\u00fcnf &#8222;Schwierigkeiten&#8220; modifiziert welche die SpielerInnen bew\u00e4ltigen m\u00fcssen.<\/p>\n\n\n\n<p>Um ein Siegel herzustellen verlangt der Okkultist eine steigende Anzahl an Siegelpuder wie auch an Gold. Diese Siegel k\u00f6nnen freilich nur verwendet werden wenn der Spieler bereits die Schwierigkeit &#8222;World Tier 5&#8220; erreicht hat.<\/p>\n\n\n\n<h2 class=\"wp-block-heading\" id=\"siegel2\">Siegel verwerten<\/h2>\n\n\n\n<p>Bisher ist noch unklar wie genau diese Funktion arbeitet.<\/p>\n\n\n\n<h2 class=\"wp-block-heading\" id=\"wo\">Standort des Okkultisten<\/h2>\n\n\n\n<p>Ehrlich: Wissen wir noch nicht genau. Der Okkultist hat F\u00e4higkeiten \u00e4hnlich jener von Kadala aus Diablo 3. Gleichzeitig verf\u00fcgt er \u00fcber F\u00e4higkeiten wie jenen des Essenz (Aspekt-)transfers welcher dem NPC Zamina in Diablo:Immortal vorbehalten ist. Letzterer ist jedoch nur in der Stadt Westmark zu finden.<\/p>\n\n\n\n<p>Vermutlich wird sich der Okkultist lediglich in Zonenhauptst\u00e4dten aufhalten &#8211; oder gar nur in Kyovashad- und nicht an jedem befriedeten etwas gr\u00f6sseren Ort. Nach der Beta wissen wir vielleicht etwas mehr.<\/p>\n\n\n\n<p><a href=\"https:\/\/planetdiablo.eu\/de\/diablo-4-2\/diablo-4-npcs\/\">Zur\u00fcck zur Diablo 4 NPC \u00dcbersicht<\/a><\/p>\n\n\n\n<p><br><\/p>\n","protected":false},"excerpt":{"rendered":"<p>Der Okkultist zeigt sich nicht gerne, ist aber eine sehr wichtige Person in Diablo 4.Es gibt einiges was er f\u00fcr uns tun kann, also z\u00f6gern wir nicht. Freischalten des OkkultistenUmrollen von Stats \/ VerzaubernEntziehen von Legend\u00e4ren Eigenschaften +Einpr\u00e4gen von Legend\u00e4ren AspektenHerstellen von SiegelnVerwerten von SiegelnWo ist der Okkultist? Freischalten des Okkultisten Der Okkultist muss durch&hellip; <a class=\"more-link\" href=\"https:\/\/planetdiablo.eu\/de\/diablo-4-2\/diablo-4-npcs\/der-okkultist\/\"><span class=\"screen-reader-text\">Der Okkultist<\/span> weiterlesen<\/a><\/p>\n","protected":false},"author":762,"featured_media":587336,"parent":587151,"menu_order":0,"comment_status":"closed","ping_status":"closed","template":"","meta":{"footnotes":""},"class_list":["post-587245","page","type-page","status-publish","has-post-thumbnail","hentry","entry"],"_links":{"self":[{"href":"https:\/\/planetdiablo.eu\/de\/wp-json\/wp\/v2\/pages\/587245","targetHints":{"allow":["GET"]}}],"collection":[{"href":"https:\/\/planetdiablo.eu\/de\/wp-json\/wp\/v2\/pages"}],"about":[{"href":"https:\/\/planetdiablo.eu\/de\/wp-json\/wp\/v2\/types\/page"}],"author":[{"embeddable":true,"href":"https:\/\/planetdiablo.eu\/de\/wp-json\/wp\/v2\/users\/762"}],"replies":[{"embeddable":true,"href":"https:\/\/planetdiablo.eu\/de\/wp-json\/wp\/v2\/comments?post=587245"}],"version-history":[{"count":30,"href":"https:\/\/planetdiablo.eu\/de\/wp-json\/wp\/v2\/pages\/587245\/revisions"}],"predecessor-version":[{"id":587354,"href":"https:\/\/planetdiablo.eu\/de\/wp-json\/wp\/v2\/pages\/587245\/revisions\/587354"}],"up":[{"embeddable":true,"href":"https:\/\/planetdiablo.eu\/de\/wp-json\/wp\/v2\/pages\/587151"}],"wp:featuredmedia":[{"embeddable":true,"href":"https:\/\/planetdiablo.eu\/de\/wp-json\/wp\/v2\/media\/587336"}],"wp:attachment":[{"href":"https:\/\/planetdiablo.eu\/de\/wp-json\/wp\/v2\/media?parent=587245"}],"curies":[{"name":"wp","href":"https:\/\/api.w.org\/{rel}","templated":true}]}}