{"id":587281,"date":"2023-03-16T15:30:41","date_gmt":"2023-03-16T13:30:41","guid":{"rendered":"https:\/\/planetdiablo.eu\/de\/?page_id=587281"},"modified":"2023-03-16T15:34:21","modified_gmt":"2023-03-16T13:34:21","slug":"der-lieferant-der-kuriositaeten","status":"publish","type":"page","link":"https:\/\/planetdiablo.eu\/de\/diablo-4-2\/diablo-4-npcs\/der-lieferant-der-kuriositaeten\/","title":{"rendered":"Der Lieferant der Kuriosit\u00e4ten"},"content":{"rendered":"\n<p>In Diablo 4 \u00fcbernimmt die Person mit der etwas merkw\u00fcrdigen Bezeichnung (vielleicht f\u00e4llt ihnen f\u00fcr &#8222;Purveyor&#8220; noch was besseres ein) die Aufgabe von Gheed aus D2 oder von Kadala aus D3. Einer der beliebtesten Methoden weltweit sein Gold auf garantiert fast randomisierte Weise loszuwerden.<\/p>\n\n\n\n<p>Nat\u00fcrlich geht es um das Gl\u00fccksspiel.<\/p>\n\n\n\n<p>Um daran teilzunehmen ben\u00f6tigt es &#8211; kein Gold, sondern so genannte Obol &#8211; die einzige W\u00e4hrung die der Purveyor akzeptiert. Dies bekommt man wenn man Ereignisse abschlie\u00dft oder aus verfluchten Truhen oder Schreinen in Dungeons. Also steckt Euch Euer Gold sonstwo hin \ud83d\ude09 Immerhin, die Kuriosit\u00e4ten skalieren in etwa mit eurem Charlevel.<\/p>\n\n\n\n<p>Aber Achtung: Sein Titel weist Euch ebenso darauf hin dass Ihr mehr Kurioses als N\u00fctzliches finden k\u00f6nntet &#8230; ob ein Legend\u00e4res oder ein Unique Item drinsteckt ist vermutlich kaum individuell berechenbar, h\u00f6chstens statistisch. Mehr als 1000 Obol solltet Ihr auch nicht speichern k\u00f6nnen -daf\u00fcr den Lieferanten trefft Ihr so ziemlich an jedem gr\u00f6sseren Ort an damit Euer Obol-Beutel nicht zu schwer wird.<\/p>\n\n\n\n<p>Was das Zeug kostet scheint f\u00fcr die erste Zeit gekl\u00e4rt zu sein .. denkt daran dass h\u00f6here Level oder andere Items sp\u00e4ter mehr Gold kosten k\u00f6nnen! Hier die bisher bekannte Kostenstruktur von Klein bis Gr\u00f6sser.<\/p>\n\n\n<table cellpadding=\"5\">\n<thead>\n<tr>\n<th>Item<\/th>\n<th>Gambling Kosten<\/th>\n<\/tr>\n<\/thead>\n<tbody>\n<tr>\n<td>Fl\u00fcsternde Schl\u00fcssel<\/td>\n<td>20 Obol<\/td>\n<\/tr>\n<tr>\n<td>Handschuhe<\/td>\n<td>25 Obol<\/td>\n<\/tr>\n<tr>\n<td>Schuhe \/ Stiefel<\/td>\n<td>25 Obol<\/td>\n<\/tr>\n<tr>\n<td>Beinschutz<\/td>\n<td>40 Obol<\/td>\n<\/tr>\n<tr>\n<td>Brustschutz<\/td>\n<td>40 Obol<\/td>\n<\/tr>\n<tr>\n<td>Fokus<\/td>\n<td>40 Obol<\/td>\n<\/tr>\n<tr>\n<td>Kopfbedeckung<\/td>\n<td>40 Obol<\/td>\n<\/tr>\n<tr>\n<td>Ring<\/td>\n<td>40 Obol<\/td>\n<\/tr>\n<tr>\n<td>Axt<\/td>\n<td>50 Obol<\/td>\n<\/tr>\n<tr>\n<td>Keule<\/td>\n<td>50 Obol<\/td>\n<\/tr>\n<tr>\n<td>1H-Schwert<\/td>\n<td>50 Obol<\/td>\n<\/tr>\n<tr>\n<td>Zauberstab<\/td>\n<td>50 Obol<\/td>\n<\/tr>\n<tr>\n<td>Amulett<\/td>\n<td>60 Obol<\/td>\n<\/tr>\n<tr>\n<td>2H-Axt<\/td>\n<td>75 Obol<\/td>\n<\/tr>\n<tr>\n<td>2H-Hammer<\/td>\n<td>75 Obol<\/td>\n<\/tr>\n<tr>\n<td>2H-Schwert<\/td>\n<td>75 Obol<\/td>\n<\/tr>\n<tr>\n<td>Armbrust<\/td>\n<td>75 Obol<\/td>\n<\/tr>\n<tr>\n<td>Bogen<\/td>\n<td>75 Obol<\/td>\n<\/tr>\n<tr>\n<td>Stab<\/td>\n<td>75 Obol<\/td>\n<\/tr>\n<tr>\n<td>Stangenwaffe<\/td>\n<td>75 Obol<\/td>\n<\/tr>\n<\/tbody>\n<\/table>\n\n\n<p><a href=\"https:\/\/planetdiablo.eu\/de\/diablo-4-2\/diablo-4-npcs\/\">Zur\u00fcck zur Diablo 4 NPC \u00dcbersicht<\/a><\/p>\n","protected":false},"excerpt":{"rendered":"<p>In Diablo 4 \u00fcbernimmt die Person mit der etwas merkw\u00fcrdigen Bezeichnung (vielleicht f\u00e4llt ihnen f\u00fcr &#8222;Purveyor&#8220; noch was besseres ein) die Aufgabe von Gheed aus D2 oder von Kadala aus D3. Einer der beliebtesten Methoden weltweit sein Gold auf garantiert fast randomisierte Weise loszuwerden. Nat\u00fcrlich geht es um das Gl\u00fccksspiel. Um daran teilzunehmen ben\u00f6tigt es&hellip; <a class=\"more-link\" href=\"https:\/\/planetdiablo.eu\/de\/diablo-4-2\/diablo-4-npcs\/der-lieferant-der-kuriositaeten\/\"><span class=\"screen-reader-text\">Der Lieferant der Kuriosit\u00e4ten<\/span> weiterlesen<\/a><\/p>\n","protected":false},"author":762,"featured_media":586921,"parent":587151,"menu_order":0,"comment_status":"closed","ping_status":"closed","template":"","meta":{"footnotes":""},"class_list":["post-587281","page","type-page","status-publish","has-post-thumbnail","hentry","entry"],"_links":{"self":[{"href":"https:\/\/planetdiablo.eu\/de\/wp-json\/wp\/v2\/pages\/587281","targetHints":{"allow":["GET"]}}],"collection":[{"href":"https:\/\/planetdiablo.eu\/de\/wp-json\/wp\/v2\/pages"}],"about":[{"href":"https:\/\/planetdiablo.eu\/de\/wp-json\/wp\/v2\/types\/page"}],"author":[{"embeddable":true,"href":"https:\/\/planetdiablo.eu\/de\/wp-json\/wp\/v2\/users\/762"}],"replies":[{"embeddable":true,"href":"https:\/\/planetdiablo.eu\/de\/wp-json\/wp\/v2\/comments?post=587281"}],"version-history":[{"count":12,"href":"https:\/\/planetdiablo.eu\/de\/wp-json\/wp\/v2\/pages\/587281\/revisions"}],"predecessor-version":[{"id":587304,"href":"https:\/\/planetdiablo.eu\/de\/wp-json\/wp\/v2\/pages\/587281\/revisions\/587304"}],"up":[{"embeddable":true,"href":"https:\/\/planetdiablo.eu\/de\/wp-json\/wp\/v2\/pages\/587151"}],"wp:featuredmedia":[{"embeddable":true,"href":"https:\/\/planetdiablo.eu\/de\/wp-json\/wp\/v2\/media\/586921"}],"wp:attachment":[{"href":"https:\/\/planetdiablo.eu\/de\/wp-json\/wp\/v2\/media?parent=587281"}],"curies":[{"name":"wp","href":"https:\/\/api.w.org\/{rel}","templated":true}]}}