{"id":587293,"date":"2023-03-16T15:31:29","date_gmt":"2023-03-16T13:31:29","guid":{"rendered":"https:\/\/planetdiablo.eu\/de\/?page_id=587293"},"modified":"2023-03-16T15:31:29","modified_gmt":"2023-03-16T13:31:29","slug":"der-stallmeister","status":"publish","type":"page","link":"https:\/\/planetdiablo.eu\/de\/diablo-4-2\/diablo-4-npcs\/der-stallmeister\/","title":{"rendered":"Der Stallmeister"},"content":{"rendered":"\n<p>Wie der Name schon sagt finden wir ihn in einem Stall &#8211; und zwar genau dort wo wir unsere Reittiere finden. Was er genau tun k\u00f6nnen wird, wissen wir noch nicht.<br><br>Folgendes ist insoweit bekannt geworden: Er ist voraussichtlich nach Ende der Kampagne verf\u00fcgbar, also etwa mit CLvl 35-45. Er verleiht nicht nur die Reittiere, sondern verkauft auch Ausr\u00fcstung wie S\u00e4ttel und R\u00fcstung f\u00fcr die braven R\u00f6sser.<\/p>\n\n\n\n<p>Unklar ist ob man entsprechende Items dort auch upgraden oder anpassen kann. Das liegt freilich nahe.<\/p>\n\n\n\n<p><a href=\"https:\/\/planetdiablo.eu\/de\/diablo-4-2\/diablo-4-npcs\/\">Zur Diablo 4 NPC \u00dcbersicht<\/a><\/p>\n","protected":false},"excerpt":{"rendered":"<p>Wie der Name schon sagt finden wir ihn in einem Stall &#8211; und zwar genau dort wo wir unsere Reittiere finden. Was er genau tun k\u00f6nnen wird, wissen wir noch nicht. Folgendes ist insoweit bekannt geworden: Er ist voraussichtlich nach Ende der Kampagne verf\u00fcgbar, also etwa mit CLvl 35-45. Er verleiht nicht nur die Reittiere,&hellip; <a class=\"more-link\" href=\"https:\/\/planetdiablo.eu\/de\/diablo-4-2\/diablo-4-npcs\/der-stallmeister\/\"><span class=\"screen-reader-text\">Der Stallmeister<\/span> weiterlesen<\/a><\/p>\n","protected":false},"author":762,"featured_media":587297,"parent":587151,"menu_order":0,"comment_status":"closed","ping_status":"closed","template":"","meta":{"footnotes":""},"class_list":["post-587293","page","type-page","status-publish","has-post-thumbnail","hentry","entry"],"_links":{"self":[{"href":"https:\/\/planetdiablo.eu\/de\/wp-json\/wp\/v2\/pages\/587293","targetHints":{"allow":["GET"]}}],"collection":[{"href":"https:\/\/planetdiablo.eu\/de\/wp-json\/wp\/v2\/pages"}],"about":[{"href":"https:\/\/planetdiablo.eu\/de\/wp-json\/wp\/v2\/types\/page"}],"author":[{"embeddable":true,"href":"https:\/\/planetdiablo.eu\/de\/wp-json\/wp\/v2\/users\/762"}],"replies":[{"embeddable":true,"href":"https:\/\/planetdiablo.eu\/de\/wp-json\/wp\/v2\/comments?post=587293"}],"version-history":[{"count":3,"href":"https:\/\/planetdiablo.eu\/de\/wp-json\/wp\/v2\/pages\/587293\/revisions"}],"predecessor-version":[{"id":587306,"href":"https:\/\/planetdiablo.eu\/de\/wp-json\/wp\/v2\/pages\/587293\/revisions\/587306"}],"up":[{"embeddable":true,"href":"https:\/\/planetdiablo.eu\/de\/wp-json\/wp\/v2\/pages\/587151"}],"wp:featuredmedia":[{"embeddable":true,"href":"https:\/\/planetdiablo.eu\/de\/wp-json\/wp\/v2\/media\/587297"}],"wp:attachment":[{"href":"https:\/\/planetdiablo.eu\/de\/wp-json\/wp\/v2\/media?parent=587293"}],"curies":[{"name":"wp","href":"https:\/\/api.w.org\/{rel}","templated":true}]}}