{"id":587355,"date":"2023-03-23T12:40:25","date_gmt":"2023-03-23T10:40:25","guid":{"rendered":"https:\/\/planetdiablo.eu\/de\/?page_id=587355"},"modified":"2023-03-23T18:50:03","modified_gmt":"2023-03-23T16:50:03","slug":"strongholds","status":"publish","type":"page","link":"https:\/\/planetdiablo.eu\/de\/diablo-4-2\/strongholds\/","title":{"rendered":"Strongholds"},"content":{"rendered":"\n<p>Mit den Strongholds bzw. St\u00fctzpunkten wird in Diablo IV ein Feature Einzug halten, welches es in Diablo bisher noch nicht gab. Dem Blizzard Blog ist dazu folgendes zu entnehmen:<\/p>\n\n\n\n<blockquote class=\"wp-block-quote is-layout-flow wp-block-quote-is-layout-flow\">\n<p>Auf eurer Reise werden euch die Wunden auffallen, die Liliths R\u00fcckkehr dem Land zugef\u00fcgt haben, und eine neue Art des B\u00f6sen: <strong>St\u00fctzpunkte<\/strong>. Diese Orte haben die Diener der Brennenden H\u00f6llen f\u00fcr sich beansprucht und werfen einen finsteren Schatten \u00fcber das Land, den ihr vertreiben m\u00fcsst. Wenn ihr St\u00fctzpunkte s\u00e4ubert, werden sich diese Orte dauerhaft ver\u00e4ndern, wieder mit nicht-d\u00e4monischem Leben bev\u00f6lkert und euch mit Beute belohnen. Au\u00dferdem werden dadurch vielleicht neue Dungeons und andere verborgene Erfahrungen enth\u00fcllt.<\/p>\n<cite>Quelle: <a href=\"https:\/\/news.blizzard.com\/de-de\/diablo4\/23816540\/die-holle-bricht-2023-los-diablo-iv-kommt\">Die H\u00f6lle bricht 2023 los: Diablo IV kommt<\/a><\/cite><\/blockquote>\n\n\n\n<h2 class=\"wp-block-heading\">Belohnungen<\/h2>\n\n\n\n<p>Es k\u00f6nnte sich somit lohnen, die St\u00fctzpunkte vom B\u00f6sen zu s\u00e4ubern. Denn als Belohnungen steht folgendes im Raum:<\/p>\n\n\n\n<ul class=\"wp-block-list\">\n<li>ein neuer Wegpunkt, der einem die Reise erleichtert<\/li>\n\n\n\n<li>neue NPCs, die ihre Dienste anbieten<\/li>\n\n\n\n<li>neue Nebenquests, die durch die neuen NPC gestartet werden k\u00f6nnen<\/li>\n\n\n\n<li>Zug\u00e4nge zu neuen Dungeons<\/li>\n\n\n\n<li>Renown- bzw. Rufpunkte f\u00fcr die entsprechende Region<\/li>\n\n\n\n<li>und man sammelt Erfahrung und Gold f\u00fcr die Befreiung der St\u00fctzpunkte<\/li>\n<\/ul>\n\n\n\n<p>Und nat\u00fcrlich befreit man die Strongholds \/ St\u00fctzpunkte, weil es sich f\u00fcr den Helden so geh\u00f6rt \ud83d\ude42<\/p>\n\n\n\n<h2 class=\"wp-block-heading\">Wo findet man die St\u00fctzpunkte in der Beta?<\/h2>\n\n\n\n<p>Die St\u00fctzpunkte befinden sich an festen Positionen der Karte, sind aber f\u00fcr gew\u00f6hnlich etwas abseits gelegen, so dass man sie nicht so schnell findet und erst beim Erkunden der Karte auf solche St\u00fctzpunkte trifft. Die St\u00fctzpunkte sind zun\u00e4chst private Gebiete, in denen man nicht auf andere Spieler ausserhalb der Gruppe sto\u00dfen kann.<\/p>\n\n\n\n<p>Die St\u00fctzpunkte haben ein festes Mindestmonsterlevel. Man kann die St\u00fctzpunkte zwar auch mit einem darunter liegenden Charlevel befreien, empfehlenswert ist es aber, das Mindestlevel abzuwarten, da man sich dann deutlich leichter tut.<\/p>\n\n\n\n<p>In der Beta, die auf das Gebiet &#8222;Fractured Peaks&#8220; begrenzt ist, sollten folgende St\u00fctzpunkte erreichbar sein:<br>&#8211; Nostrava (in der N\u00e4he des Startplatzes; lvl 15)<br>&#8211; Malnok (\u00f6stlich von Kyovashad, der Hauptstadt der Fractured Peaks; lvl 15)<br>&#8211; Kor Dragan (n\u00f6rdlich von Kyovashad; lvl 25)<\/p>\n\n\n\n<figure class=\"wp-block-image size-large\"><img loading=\"lazy\" decoding=\"async\" width=\"1024\" height=\"712\" src=\"https:\/\/planetdiablo.eu\/de\/wp-content\/uploads\/2023\/03\/Karte-Stronghods-1024x712.jpg\" alt=\"\" class=\"wp-image-587357\" srcset=\"https:\/\/planetdiablo.eu\/de\/wp-content\/uploads\/2023\/03\/Karte-Stronghods-1024x712.jpg 1024w, https:\/\/planetdiablo.eu\/de\/wp-content\/uploads\/2023\/03\/Karte-Stronghods-582x405.jpg 582w, https:\/\/planetdiablo.eu\/de\/wp-content\/uploads\/2023\/03\/Karte-Stronghods-768x534.jpg 768w, https:\/\/planetdiablo.eu\/de\/wp-content\/uploads\/2023\/03\/Karte-Stronghods.jpg 1212w\" sizes=\"auto, (max-width: 1024px) 100vw, 1024px\" \/><\/figure>\n\n\n\n<h2 class=\"wp-block-heading\">Bleiben St\u00fctzpunkte befreit?<\/h2>\n\n\n\n<p>Ein St\u00fctzpunkt bleibt so lange vom B\u00f6sen besetzt, bis man ihn solo oder in der Gruppe befreit hat. Danach bleibt er dauerhaft befreit. Ist man solo unterwegs ist das relativ einfach, in der Gruppe wird es komplizierter:<br>Dabei ist entscheidend, wer der Gruppenf\u00fchrer ist. Hat dieser den St\u00fctzpunkt bereits befreit, ist er auch f\u00fcr alle anderen Gruppenmitglieder bereits befreit. Und hat der Gruppenf\u00fchrer den St\u00fctzpunkt noch nicht befreit, so ist er f\u00fcr die Dauer der Gruppenzusammensetzung auch f\u00fcr Spieler vom B\u00f6sen belagert, die den St\u00fctzpunkt bereits befreit haben.<\/p>\n\n\n\n<hr class=\"wp-block-separator has-alpha-channel-opacity\"\/>\n\n\n\n<p class=\"has-text-color\" style=\"color:#ff0000\">Hinweis: Wir haben die Infos aus offiziell zug\u00e4nglichem Material von Blizzard sowie aus Netzfunden gewonnen. Blizzard kann das Spiel am Ende durch \u00c4nderungen im Detail oder im Ganzen anders gestalten.<br>Status: Pre-Beta, Pre-Release<\/p>\n","protected":false},"excerpt":{"rendered":"<p>Mit den Strongholds bzw. St\u00fctzpunkten wird in Diablo IV ein Feature Einzug halten, welches es in Diablo bisher noch nicht gab. Dem Blizzard Blog ist dazu folgendes zu entnehmen: Auf eurer Reise werden euch die Wunden auffallen, die Liliths R\u00fcckkehr dem Land zugef\u00fcgt haben, und eine neue Art des B\u00f6sen: St\u00fctzpunkte. Diese Orte haben die&hellip; <a class=\"more-link\" href=\"https:\/\/planetdiablo.eu\/de\/diablo-4-2\/strongholds\/\"><span class=\"screen-reader-text\">Strongholds<\/span> weiterlesen<\/a><\/p>\n","protected":false},"author":847,"featured_media":587369,"parent":580439,"menu_order":0,"comment_status":"closed","ping_status":"closed","template":"","meta":{"footnotes":""},"class_list":["post-587355","page","type-page","status-publish","has-post-thumbnail","hentry","entry"],"_links":{"self":[{"href":"https:\/\/planetdiablo.eu\/de\/wp-json\/wp\/v2\/pages\/587355","targetHints":{"allow":["GET"]}}],"collection":[{"href":"https:\/\/planetdiablo.eu\/de\/wp-json\/wp\/v2\/pages"}],"about":[{"href":"https:\/\/planetdiablo.eu\/de\/wp-json\/wp\/v2\/types\/page"}],"author":[{"embeddable":true,"href":"https:\/\/planetdiablo.eu\/de\/wp-json\/wp\/v2\/users\/847"}],"replies":[{"embeddable":true,"href":"https:\/\/planetdiablo.eu\/de\/wp-json\/wp\/v2\/comments?post=587355"}],"version-history":[{"count":3,"href":"https:\/\/planetdiablo.eu\/de\/wp-json\/wp\/v2\/pages\/587355\/revisions"}],"predecessor-version":[{"id":587359,"href":"https:\/\/planetdiablo.eu\/de\/wp-json\/wp\/v2\/pages\/587355\/revisions\/587359"}],"up":[{"embeddable":true,"href":"https:\/\/planetdiablo.eu\/de\/wp-json\/wp\/v2\/pages\/580439"}],"wp:featuredmedia":[{"embeddable":true,"href":"https:\/\/planetdiablo.eu\/de\/wp-json\/wp\/v2\/media\/587369"}],"wp:attachment":[{"href":"https:\/\/planetdiablo.eu\/de\/wp-json\/wp\/v2\/media?parent=587355"}],"curies":[{"name":"wp","href":"https:\/\/api.w.org\/{rel}","templated":true}]}}