{"id":588167,"date":"2023-06-25T21:22:12","date_gmt":"2023-06-25T19:22:12","guid":{"rendered":"https:\/\/planetdiablo.eu\/de\/?page_id=588167"},"modified":"2024-05-02T17:09:36","modified_gmt":"2024-05-02T15:09:36","slug":"nebenquests","status":"publish","type":"page","link":"https:\/\/planetdiablo.eu\/de\/nebenquests\/","title":{"rendered":"Nebenquests"},"content":{"rendered":"\n<h2 class=\"wp-block-heading\">Inhalt<\/h2>\n\n\n\n<ul class=\"wp-block-list\">\n<li>Nebenquests der einzelnen Gebiete<\/li>\n\n\n\n<li>Allgemeines<\/li>\n\n\n\n<li>Herausforderungen<\/li>\n<\/ul>\n\n\n\n<h2 class=\"wp-block-heading\">Nebenquests der einzelnen Gebiete<\/h2>\n\n\n\n<p>Zu den Quests der einzelnen Gebiete geht es hier lang:<\/p>\n\n\n\n<ul class=\"wp-block-list\">\n<li><a href=\"https:\/\/planetdiablo.eu\/de\/nebenquests-zersplitterte-gipfel\/\" target=\"_blank\" rel=\"noreferrer noopener\">Zersplitterten Gipfeln \/ Fractured Peaks<\/a><\/li>\n\n\n\n<li><a href=\"https:\/\/planetdiablo.eu\/de\/nebenquests\/nebenquests-scosglen\/\" target=\"_blank\" rel=\"noreferrer noopener\">Scosglen<\/a><\/li>\n\n\n\n<li><a href=\"https:\/\/planetdiablo.eu\/de\/nebenquests-trockensteppe\/\" target=\"_blank\" rel=\"noreferrer noopener\">Trockensteppe<\/a><\/li>\n\n\n\n<li><a href=\"https:\/\/planetdiablo.eu\/de\/nebenquests-kehjistan\/\" target=\"_blank\" rel=\"noreferrer noopener\">Kehjistan<\/a><\/li>\n\n\n\n<li><a href=\"https:\/\/planetdiablo.eu\/de\/nebenquests-havezar\/\">Havezar<\/a><\/li>\n<\/ul>\n\n\n\n<p>Die Reihenfolge, in der die Nebenquests dort aufgef\u00fchrt werden, ist die Reihenfolge, in der die Nebenquests f\u00fcr das Erstellen der Videos absolviert wurden; bis auf ein paar Ausnahmen, wenn ein Video verloren ging oder sich eine Weile versteckte ;-).<\/p>\n\n\n\n<h2 class=\"wp-block-heading\">Allgemeines<\/h2>\n\n\n\n<p>Die meisten Nebenquests werden durch das Ansprechen eines NPCs mit einem blauen Ausrufezeichen gestartet. Die blauen Ausrufezeichen sind sichtbar, sobald man sich im gleichen Gebiet wie der NPC aufh\u00e4lt.<br>Andere Nebenquests k\u00f6nnen erst gestartet werden, wenn ein bestimmter Gegenstand gefunden wird, der nach dem T\u00f6ten eines Gegners oder dem Looten einer Leiche droppt.<br>Einige Quests haben bestimmte Voraussetzungen wie ein Mindestlevel, den Abschluss einer vorhergehenden Quest oder \u00e4hnliches.<\/p>\n\n\n\n<p>Nebenquests werden in blauer Farbe gehalten.<br>Questziele werden auf der Minimap \/ der Weltkarte als blaue Raute oder als blauer Bereich markiert.<br>Questgegenst\u00e4nde werden in einem separaten Tab im Inventar gelagert.<br>Es k\u00f6nnen maximal 20 Nebenquests zeitgleich aktiv sein. Um dann weitere Nebenquests anzunehmen, muss eine andere abgeschlossen oder abgebrochen werden.<\/p>\n\n\n\n<h2 class=\"wp-block-heading\">Herausforderungen<\/h2>\n\n\n\n<p>Es gibt f\u00fcr jedes der f\u00fcnf Gebiete ein paar Herausforderungen zu den Nebenquests.<br>Diese kann man sich anschauen, indem man die Sammlung \u00f6ffnet (Standard: Y), dort Herausforderungen aufruft, links zu Quests scrollt und dort dann Nebenquests ausw\u00e4hlt.<br>Anhand dieser kann man zumindest bei einigen Nebenquests nachschauen, ob man sie bereits abgeschlossen hat.<br>Folgende Herausforderungen gilt es abzuschlie\u00dfen:<\/p>\n\n\n\n<p>Zersplitterte Gipfel:<\/p>\n\n\n\n<figure class=\"wp-block-image size-full\"><img loading=\"lazy\" decoding=\"async\" width=\"888\" height=\"363\" src=\"https:\/\/planetdiablo.eu\/de\/wp-content\/uploads\/2023\/07\/Verbuendete-des-Baerenstammes.jpg\" alt=\"\" class=\"wp-image-588263\" srcset=\"https:\/\/planetdiablo.eu\/de\/wp-content\/uploads\/2023\/07\/Verbuendete-des-Baerenstammes.jpg 888w, https:\/\/planetdiablo.eu\/de\/wp-content\/uploads\/2023\/07\/Verbuendete-des-Baerenstammes-720x294.jpg 720w, https:\/\/planetdiablo.eu\/de\/wp-content\/uploads\/2023\/07\/Verbuendete-des-Baerenstammes-768x314.jpg 768w\" sizes=\"auto, (max-width: 888px) 100vw, 888px\" \/><\/figure>\n\n\n\n<figure class=\"wp-block-image size-full\"><img loading=\"lazy\" decoding=\"async\" width=\"886\" height=\"326\" src=\"https:\/\/planetdiablo.eu\/de\/wp-content\/uploads\/2023\/07\/Seelenleiden.jpg\" alt=\"\" class=\"wp-image-588262\" srcset=\"https:\/\/planetdiablo.eu\/de\/wp-content\/uploads\/2023\/07\/Seelenleiden.jpg 886w, https:\/\/planetdiablo.eu\/de\/wp-content\/uploads\/2023\/07\/Seelenleiden-720x265.jpg 720w, https:\/\/planetdiablo.eu\/de\/wp-content\/uploads\/2023\/07\/Seelenleiden-768x283.jpg 768w\" sizes=\"auto, (max-width: 886px) 100vw, 886px\" \/><\/figure>\n\n\n\n<figure class=\"wp-block-image size-full\"><img loading=\"lazy\" decoding=\"async\" width=\"885\" height=\"326\" src=\"https:\/\/planetdiablo.eu\/de\/wp-content\/uploads\/2023\/07\/Der-Holzfaeller-von-Nevesk.jpg\" alt=\"\" class=\"wp-image-588261\" srcset=\"https:\/\/planetdiablo.eu\/de\/wp-content\/uploads\/2023\/07\/Der-Holzfaeller-von-Nevesk.jpg 885w, https:\/\/planetdiablo.eu\/de\/wp-content\/uploads\/2023\/07\/Der-Holzfaeller-von-Nevesk-720x265.jpg 720w, https:\/\/planetdiablo.eu\/de\/wp-content\/uploads\/2023\/07\/Der-Holzfaeller-von-Nevesk-768x283.jpg 768w\" sizes=\"auto, (max-width: 885px) 100vw, 885px\" \/><\/figure>\n\n\n\n<figure class=\"wp-block-image size-full\"><img loading=\"lazy\" decoding=\"async\" width=\"887\" height=\"231\" src=\"https:\/\/planetdiablo.eu\/de\/wp-content\/uploads\/2023\/07\/Verbunden-im-Blute.jpg\" alt=\"\" class=\"wp-image-588283\" srcset=\"https:\/\/planetdiablo.eu\/de\/wp-content\/uploads\/2023\/07\/Verbunden-im-Blute.jpg 887w, https:\/\/planetdiablo.eu\/de\/wp-content\/uploads\/2023\/07\/Verbunden-im-Blute-720x188.jpg 720w, https:\/\/planetdiablo.eu\/de\/wp-content\/uploads\/2023\/07\/Verbunden-im-Blute-768x200.jpg 768w\" sizes=\"auto, (max-width: 887px) 100vw, 887px\" \/><\/figure>\n\n\n\n<hr class=\"wp-block-separator has-alpha-channel-opacity\"\/>\n\n\n\n<p>Scosglen:<\/p>\n\n\n\n<figure class=\"wp-block-image size-full is-resized\"><img loading=\"lazy\" decoding=\"async\" width=\"886\" height=\"326\" src=\"https:\/\/planetdiablo.eu\/de\/wp-content\/uploads\/2023\/07\/Der-erste-Wolf.jpg\" alt=\"\" class=\"wp-image-588266\" style=\"width:610px;height:224px\" srcset=\"https:\/\/planetdiablo.eu\/de\/wp-content\/uploads\/2023\/07\/Der-erste-Wolf.jpg 886w, https:\/\/planetdiablo.eu\/de\/wp-content\/uploads\/2023\/07\/Der-erste-Wolf-720x265.jpg 720w, https:\/\/planetdiablo.eu\/de\/wp-content\/uploads\/2023\/07\/Der-erste-Wolf-768x283.jpg 768w\" sizes=\"auto, (max-width: 886px) 100vw, 886px\" \/><\/figure>\n\n\n\n<figure class=\"wp-block-image size-full\"><img loading=\"lazy\" decoding=\"async\" width=\"885\" height=\"326\" src=\"https:\/\/planetdiablo.eu\/de\/wp-content\/uploads\/2023\/07\/Ein-durchtraenkter-Pakt.jpg\" alt=\"\" class=\"wp-image-588267\" srcset=\"https:\/\/planetdiablo.eu\/de\/wp-content\/uploads\/2023\/07\/Ein-durchtraenkter-Pakt.jpg 885w, https:\/\/planetdiablo.eu\/de\/wp-content\/uploads\/2023\/07\/Ein-durchtraenkter-Pakt-720x265.jpg 720w, https:\/\/planetdiablo.eu\/de\/wp-content\/uploads\/2023\/07\/Ein-durchtraenkter-Pakt-768x283.jpg 768w\" sizes=\"auto, (max-width: 885px) 100vw, 885px\" \/><\/figure>\n\n\n\n<figure class=\"wp-block-image size-full\"><img loading=\"lazy\" decoding=\"async\" width=\"886\" height=\"326\" src=\"https:\/\/planetdiablo.eu\/de\/wp-content\/uploads\/2023\/07\/Ein-sich-verdichtender-Schatten.jpg\" alt=\"\" class=\"wp-image-588268\" srcset=\"https:\/\/planetdiablo.eu\/de\/wp-content\/uploads\/2023\/07\/Ein-sich-verdichtender-Schatten.jpg 886w, https:\/\/planetdiablo.eu\/de\/wp-content\/uploads\/2023\/07\/Ein-sich-verdichtender-Schatten-720x265.jpg 720w, https:\/\/planetdiablo.eu\/de\/wp-content\/uploads\/2023\/07\/Ein-sich-verdichtender-Schatten-768x283.jpg 768w\" sizes=\"auto, (max-width: 886px) 100vw, 886px\" \/><\/figure>\n\n\n\n<figure class=\"wp-block-image size-full is-resized\"><img loading=\"lazy\" decoding=\"async\" width=\"887\" height=\"327\" src=\"https:\/\/planetdiablo.eu\/de\/wp-content\/uploads\/2023\/07\/Klauen-an-der-Kehle.jpg\" alt=\"\" class=\"wp-image-588269\" style=\"width:610px;height:224px\" srcset=\"https:\/\/planetdiablo.eu\/de\/wp-content\/uploads\/2023\/07\/Klauen-an-der-Kehle.jpg 887w, https:\/\/planetdiablo.eu\/de\/wp-content\/uploads\/2023\/07\/Klauen-an-der-Kehle-720x265.jpg 720w, https:\/\/planetdiablo.eu\/de\/wp-content\/uploads\/2023\/07\/Klauen-an-der-Kehle-768x283.jpg 768w\" sizes=\"auto, (max-width: 887px) 100vw, 887px\" \/><\/figure>\n\n\n\n<hr class=\"wp-block-separator has-alpha-channel-opacity\"\/>\n\n\n\n<p>Trockensteppe:<\/p>\n\n\n\n<figure class=\"wp-block-image size-full\"><img loading=\"lazy\" decoding=\"async\" width=\"885\" height=\"326\" src=\"https:\/\/planetdiablo.eu\/de\/wp-content\/uploads\/2023\/07\/Gebieter-der-Steppe.jpg\" alt=\"\" class=\"wp-image-588270\" srcset=\"https:\/\/planetdiablo.eu\/de\/wp-content\/uploads\/2023\/07\/Gebieter-der-Steppe.jpg 885w, https:\/\/planetdiablo.eu\/de\/wp-content\/uploads\/2023\/07\/Gebieter-der-Steppe-720x265.jpg 720w, https:\/\/planetdiablo.eu\/de\/wp-content\/uploads\/2023\/07\/Gebieter-der-Steppe-768x283.jpg 768w\" sizes=\"auto, (max-width: 885px) 100vw, 885px\" \/><\/figure>\n\n\n\n<figure class=\"wp-block-image size-full\"><img loading=\"lazy\" decoding=\"async\" width=\"885\" height=\"325\" src=\"https:\/\/planetdiablo.eu\/de\/wp-content\/uploads\/2023\/07\/Kuriose-Kuriositaeten.jpg\" alt=\"\" class=\"wp-image-588272\" srcset=\"https:\/\/planetdiablo.eu\/de\/wp-content\/uploads\/2023\/07\/Kuriose-Kuriositaeten.jpg 885w, https:\/\/planetdiablo.eu\/de\/wp-content\/uploads\/2023\/07\/Kuriose-Kuriositaeten-720x264.jpg 720w, https:\/\/planetdiablo.eu\/de\/wp-content\/uploads\/2023\/07\/Kuriose-Kuriositaeten-768x282.jpg 768w\" sizes=\"auto, (max-width: 885px) 100vw, 885px\" \/><\/figure>\n\n\n\n<figure class=\"wp-block-image size-full\"><img loading=\"lazy\" decoding=\"async\" width=\"887\" height=\"272\" src=\"https:\/\/planetdiablo.eu\/de\/wp-content\/uploads\/2023\/07\/Hybris-laechelt-zurueck.jpg\" alt=\"\" class=\"wp-image-588271\" srcset=\"https:\/\/planetdiablo.eu\/de\/wp-content\/uploads\/2023\/07\/Hybris-laechelt-zurueck.jpg 887w, https:\/\/planetdiablo.eu\/de\/wp-content\/uploads\/2023\/07\/Hybris-laechelt-zurueck-720x221.jpg 720w, https:\/\/planetdiablo.eu\/de\/wp-content\/uploads\/2023\/07\/Hybris-laechelt-zurueck-768x236.jpg 768w\" sizes=\"auto, (max-width: 887px) 100vw, 887px\" \/><\/figure>\n\n\n\n<figure class=\"wp-block-image size-full\"><img loading=\"lazy\" decoding=\"async\" width=\"885\" height=\"325\" src=\"https:\/\/planetdiablo.eu\/de\/wp-content\/uploads\/2023\/07\/Zorn-gegen-das-Schicksal.jpg\" alt=\"\" class=\"wp-image-588273\" srcset=\"https:\/\/planetdiablo.eu\/de\/wp-content\/uploads\/2023\/07\/Zorn-gegen-das-Schicksal.jpg 885w, https:\/\/planetdiablo.eu\/de\/wp-content\/uploads\/2023\/07\/Zorn-gegen-das-Schicksal-720x264.jpg 720w, https:\/\/planetdiablo.eu\/de\/wp-content\/uploads\/2023\/07\/Zorn-gegen-das-Schicksal-768x282.jpg 768w\" sizes=\"auto, (max-width: 885px) 100vw, 885px\" \/><\/figure>\n\n\n\n<hr class=\"wp-block-separator has-alpha-channel-opacity\"\/>\n\n\n\n<p>Kehjistan:<\/p>\n\n\n\n<figure class=\"wp-block-image size-full\"><img loading=\"lazy\" decoding=\"async\" width=\"885\" height=\"326\" src=\"https:\/\/planetdiablo.eu\/de\/wp-content\/uploads\/2023\/07\/Gefaehrliche-Reise.jpg\" alt=\"\" class=\"wp-image-588277\" srcset=\"https:\/\/planetdiablo.eu\/de\/wp-content\/uploads\/2023\/07\/Gefaehrliche-Reise.jpg 885w, https:\/\/planetdiablo.eu\/de\/wp-content\/uploads\/2023\/07\/Gefaehrliche-Reise-720x265.jpg 720w, https:\/\/planetdiablo.eu\/de\/wp-content\/uploads\/2023\/07\/Gefaehrliche-Reise-768x283.jpg 768w\" sizes=\"auto, (max-width: 885px) 100vw, 885px\" \/><\/figure>\n\n\n\n<figure class=\"wp-block-image size-full\"><img loading=\"lazy\" decoding=\"async\" width=\"887\" height=\"382\" src=\"https:\/\/planetdiablo.eu\/de\/wp-content\/uploads\/2023\/07\/Die-Ehre-eines-Wolfes.jpg\" alt=\"\" class=\"wp-image-588275\" srcset=\"https:\/\/planetdiablo.eu\/de\/wp-content\/uploads\/2023\/07\/Die-Ehre-eines-Wolfes.jpg 887w, https:\/\/planetdiablo.eu\/de\/wp-content\/uploads\/2023\/07\/Die-Ehre-eines-Wolfes-720x310.jpg 720w, https:\/\/planetdiablo.eu\/de\/wp-content\/uploads\/2023\/07\/Die-Ehre-eines-Wolfes-768x331.jpg 768w\" sizes=\"auto, (max-width: 887px) 100vw, 887px\" \/><\/figure>\n\n\n\n<figure class=\"wp-block-image size-full\"><img loading=\"lazy\" decoding=\"async\" width=\"886\" height=\"291\" src=\"https:\/\/planetdiablo.eu\/de\/wp-content\/uploads\/2023\/07\/Eine-Stimme-aus-der-Vergangenheit.jpg\" alt=\"\" class=\"wp-image-588276\" srcset=\"https:\/\/planetdiablo.eu\/de\/wp-content\/uploads\/2023\/07\/Eine-Stimme-aus-der-Vergangenheit.jpg 886w, https:\/\/planetdiablo.eu\/de\/wp-content\/uploads\/2023\/07\/Eine-Stimme-aus-der-Vergangenheit-720x236.jpg 720w, https:\/\/planetdiablo.eu\/de\/wp-content\/uploads\/2023\/07\/Eine-Stimme-aus-der-Vergangenheit-768x252.jpg 768w\" sizes=\"auto, (max-width: 886px) 100vw, 886px\" \/><\/figure>\n\n\n\n<figure class=\"wp-block-image size-full\"><img loading=\"lazy\" decoding=\"async\" width=\"885\" height=\"325\" src=\"https:\/\/planetdiablo.eu\/de\/wp-content\/uploads\/2023\/07\/Akte-der-Suehne.jpg\" alt=\"\" class=\"wp-image-588274\" srcset=\"https:\/\/planetdiablo.eu\/de\/wp-content\/uploads\/2023\/07\/Akte-der-Suehne.jpg 885w, https:\/\/planetdiablo.eu\/de\/wp-content\/uploads\/2023\/07\/Akte-der-Suehne-720x264.jpg 720w, https:\/\/planetdiablo.eu\/de\/wp-content\/uploads\/2023\/07\/Akte-der-Suehne-768x282.jpg 768w\" sizes=\"auto, (max-width: 885px) 100vw, 885px\" \/><\/figure>\n\n\n\n<figure class=\"wp-block-image size-full\"><img loading=\"lazy\" decoding=\"async\" width=\"888\" height=\"232\" src=\"https:\/\/planetdiablo.eu\/de\/wp-content\/uploads\/2023\/07\/Der-Weg-der-drei.jpg\" alt=\"\" class=\"wp-image-588278\"\/><\/figure>\n\n\n\n<hr class=\"wp-block-separator has-alpha-channel-opacity\"\/>\n\n\n\n<p>Hawezar:<\/p>\n\n\n\n<figure class=\"wp-block-image size-full\"><img loading=\"lazy\" decoding=\"async\" width=\"886\" height=\"362\" src=\"https:\/\/planetdiablo.eu\/de\/wp-content\/uploads\/2023\/07\/Auf-duesteren-Pfaden.jpg\" alt=\"\" class=\"wp-image-588279\"\/><\/figure>\n\n\n\n<figure class=\"wp-block-image size-full\"><img loading=\"lazy\" decoding=\"async\" width=\"886\" height=\"230\" src=\"https:\/\/planetdiablo.eu\/de\/wp-content\/uploads\/2023\/07\/Verlorenes-Vermaechtnis.jpg\" alt=\"\" class=\"wp-image-588282\"\/><\/figure>\n\n\n\n<figure class=\"wp-block-image size-full\"><img loading=\"lazy\" decoding=\"async\" width=\"885\" height=\"325\" src=\"https:\/\/planetdiablo.eu\/de\/wp-content\/uploads\/2023\/07\/Ermessensausgaben.jpg\" alt=\"\" class=\"wp-image-588281\" srcset=\"https:\/\/planetdiablo.eu\/de\/wp-content\/uploads\/2023\/07\/Ermessensausgaben.jpg 885w, https:\/\/planetdiablo.eu\/de\/wp-content\/uploads\/2023\/07\/Ermessensausgaben-720x264.jpg 720w, https:\/\/planetdiablo.eu\/de\/wp-content\/uploads\/2023\/07\/Ermessensausgaben-768x282.jpg 768w\" sizes=\"auto, (max-width: 885px) 100vw, 885px\" \/><\/figure>\n\n\n\n<figure class=\"wp-block-image size-full\"><img loading=\"lazy\" decoding=\"async\" width=\"885\" height=\"346\" src=\"https:\/\/planetdiablo.eu\/de\/wp-content\/uploads\/2023\/07\/Die-Ketzerin.jpg\" alt=\"\" class=\"wp-image-588280\" srcset=\"https:\/\/planetdiablo.eu\/de\/wp-content\/uploads\/2023\/07\/Die-Ketzerin.jpg 885w, https:\/\/planetdiablo.eu\/de\/wp-content\/uploads\/2023\/07\/Die-Ketzerin-720x281.jpg 720w, https:\/\/planetdiablo.eu\/de\/wp-content\/uploads\/2023\/07\/Die-Ketzerin-768x300.jpg 768w\" sizes=\"auto, (max-width: 885px) 100vw, 885px\" \/><\/figure>\n","protected":false},"excerpt":{"rendered":"<p>Inhalt Nebenquests der einzelnen Gebiete Zu den Quests der einzelnen Gebiete geht es hier lang: Die Reihenfolge, in der die Nebenquests dort aufgef\u00fchrt werden, ist die Reihenfolge, in der die Nebenquests f\u00fcr das Erstellen der Videos absolviert wurden; bis auf ein paar Ausnahmen, wenn ein Video verloren ging oder sich eine Weile versteckte ;-). Allgemeines&hellip; <a class=\"more-link\" href=\"https:\/\/planetdiablo.eu\/de\/nebenquests\/\"><span class=\"screen-reader-text\">Nebenquests<\/span> weiterlesen<\/a><\/p>\n","protected":false},"author":847,"featured_media":0,"parent":0,"menu_order":0,"comment_status":"closed","ping_status":"closed","template":"","meta":{"footnotes":""},"class_list":["post-588167","page","type-page","status-publish","hentry","entry"],"_links":{"self":[{"href":"https:\/\/planetdiablo.eu\/de\/wp-json\/wp\/v2\/pages\/588167","targetHints":{"allow":["GET"]}}],"collection":[{"href":"https:\/\/planetdiablo.eu\/de\/wp-json\/wp\/v2\/pages"}],"about":[{"href":"https:\/\/planetdiablo.eu\/de\/wp-json\/wp\/v2\/types\/page"}],"author":[{"embeddable":true,"href":"https:\/\/planetdiablo.eu\/de\/wp-json\/wp\/v2\/users\/847"}],"replies":[{"embeddable":true,"href":"https:\/\/planetdiablo.eu\/de\/wp-json\/wp\/v2\/comments?post=588167"}],"version-history":[{"count":13,"href":"https:\/\/planetdiablo.eu\/de\/wp-json\/wp\/v2\/pages\/588167\/revisions"}],"predecessor-version":[{"id":589350,"href":"https:\/\/planetdiablo.eu\/de\/wp-json\/wp\/v2\/pages\/588167\/revisions\/589350"}],"wp:attachment":[{"href":"https:\/\/planetdiablo.eu\/de\/wp-json\/wp\/v2\/media?parent=588167"}],"curies":[{"name":"wp","href":"https:\/\/api.w.org\/{rel}","templated":true}]}}