{"id":589629,"date":"2026-05-17T09:13:39","date_gmt":"2026-05-17T07:13:39","guid":{"rendered":"https:\/\/planetdiablo.eu\/de\/?page_id=589629"},"modified":"2026-05-17T09:25:56","modified_gmt":"2026-05-17T07:25:56","slug":"welt-npcs-charaktere","status":"publish","type":"page","link":"https:\/\/planetdiablo.eu\/de\/diablo-2\/welt-npcs-charaktere\/","title":{"rendered":"Welt, NPC&#8217;s, Charaktere"},"content":{"rendered":"\n<p>Die Welt von Diablo 2 ist vielf\u00e4ltig. Nun, auch ein wenig gef\u00e4hrlich, aber wenn Ihr unsere Erkl\u00e4rungen gelesen habt k\u00f6nnt Ihr wenigstens nicht sagen ihr h\u00e4ttet nicht gewu\u00dft auf was Ihr Euch eingelassen habt &#8230;<\/p>\n\n\n\n<ul class=\"wp-block-list\">\n<li><a href=\"\/diablo-2\/die-story\/\">Die Story<\/a><\/li>\n\n\n\n<li><a href=\"\/diablo-2\/die-akte\/\">Die Akte<\/a><\/li>\n\n\n\n<li><a href=\"\/diablo-2\/die-charaktere\/\">Die Charaktere<\/a><\/li>\n\n\n\n<li><a href=\"\/diablo-2\/npcs-nicht-spieler-charaktere\/\">NPC&#8217;s &#8211; Nichtspielercharaktere und S\u00f6ldner<\/a><\/li>\n\n\n\n<li><a href=\"\/diablo-2\/quests\/\">Quests<\/a><\/li>\n\n\n\n<li>Schreine<\/li>\n\n\n\n<li><a href=\"\/diablo-2\/das-world-event\/\">\u00dcber Diablo &#8211; Das World Event<\/a><\/li>\n\n\n\n<li><a href=\"\/diablo-2\/diablo-2-zeichen-der-absolution\/\">Respec &#8211; Zeichen der Absolution<\/a><\/li>\n<\/ul>\n\n\n\n<p><\/p>\n","protected":false},"excerpt":{"rendered":"<p>Die Welt von Diablo 2 ist vielf\u00e4ltig. Nun, auch ein wenig gef\u00e4hrlich, aber wenn Ihr unsere Erkl\u00e4rungen gelesen habt k\u00f6nnt Ihr wenigstens nicht sagen ihr h\u00e4ttet nicht gewu\u00dft auf was Ihr Euch eingelassen habt &#8230;<\/p>\n","protected":false},"author":762,"featured_media":582041,"parent":71,"menu_order":0,"comment_status":"closed","ping_status":"closed","template":"","meta":{"footnotes":""},"class_list":["post-589629","page","type-page","status-publish","has-post-thumbnail","hentry","entry"],"_links":{"self":[{"href":"https:\/\/planetdiablo.eu\/de\/wp-json\/wp\/v2\/pages\/589629","targetHints":{"allow":["GET"]}}],"collection":[{"href":"https:\/\/planetdiablo.eu\/de\/wp-json\/wp\/v2\/pages"}],"about":[{"href":"https:\/\/planetdiablo.eu\/de\/wp-json\/wp\/v2\/types\/page"}],"author":[{"embeddable":true,"href":"https:\/\/planetdiablo.eu\/de\/wp-json\/wp\/v2\/users\/762"}],"replies":[{"embeddable":true,"href":"https:\/\/planetdiablo.eu\/de\/wp-json\/wp\/v2\/comments?post=589629"}],"version-history":[{"count":6,"href":"https:\/\/planetdiablo.eu\/de\/wp-json\/wp\/v2\/pages\/589629\/revisions"}],"predecessor-version":[{"id":589640,"href":"https:\/\/planetdiablo.eu\/de\/wp-json\/wp\/v2\/pages\/589629\/revisions\/589640"}],"up":[{"embeddable":true,"href":"https:\/\/planetdiablo.eu\/de\/wp-json\/wp\/v2\/pages\/71"}],"wp:featuredmedia":[{"embeddable":true,"href":"https:\/\/planetdiablo.eu\/de\/wp-json\/wp\/v2\/media\/582041"}],"wp:attachment":[{"href":"https:\/\/planetdiablo.eu\/de\/wp-json\/wp\/v2\/media?parent=589629"}],"curies":[{"name":"wp","href":"https:\/\/api.w.org\/{rel}","templated":true}]}}