{"id":71,"date":"2011-05-22T16:13:57","date_gmt":"2011-05-22T14:13:57","guid":{"rendered":"http:\/\/diablo3.ingame.de\/?page_id=71"},"modified":"2026-04-22T10:29:40","modified_gmt":"2026-04-22T08:29:40","slug":"diablo-2","status":"publish","type":"page","link":"https:\/\/planetdiablo.eu\/de\/diablo-2\/","title":{"rendered":"Willkommen in der Diablo-2-Sektion!"},"content":{"rendered":"<p>Hier findet ihr s\u00e4mtliche Grundinformationen zu Diablo 2 (Jahr 2000) und zu Diablo2:Resurrected (Jahr 2021). Hinsichtlich der spielbaren Inhalte waren beide Spiele zu Release von D2R nahezu identisch.<\/p>\n<p>Mittlerweile hat D2R eine neue Klasse &#8211; den Hexenmeister &#8211; spendiert bekommen, sowie einige Items und neue Funktionen.<\/p>\n<p>Man kann also grob unterscheiden:<\/p>\n<p>Diablo 2 Classic &#8211; Die Zeit vor LoD<br \/>\nDiablo 2 Mit Lod (Lord of Destruction, 2001)<br \/>\nDiablo 2 Resurrected (2021)<br \/>\nDiablo 2 Resurrected DLC Patch 3.0+ (2026) &#8211; mit Hexenmeister<\/p>\n<p>Einige Links werdet Ihr im Lauf der Zeit mehrfach vorfinden &#8211; nicht jeder w\u00e4hlt den gleichen Einstiegspunkt f\u00fcr eigene Recherchen, so dass gleiche Inhalte auf verschiedenen Seiten verlinkt sein k\u00f6nnen.<\/p>\n<p>Hier f\u00fcttern wir euch wirklich mit jeder Information, die ihr ben\u00f6tigt, um das Spiel sicher und erfolgreich zu Ende bringen zu k\u00f6nnen. Angefangen bei den Charakteren bis hin zu den m\u00e4chtigen Gegenst\u00e4nden und deren Eigenschaften, die einem im Spiel in die H\u00e4nde fallen. Nat\u00fcrlich d\u00fcrfen auch eine Monsterkunde und eine Beschreibung der Lokalit\u00e4ten nicht fehlen. Folgende Bereiche sind zurzeit online und warten darauf von euch durchst\u00f6bert zu werden:<\/p>\n<p>Fangen wir zun\u00e4chst mit den Datenbanken an die wir f\u00fcr Euch vorhalten. Diese enthalten Calculatoren aller Art, Itemlisten, Runenw\u00f6rtertools und einiges an Info mehr.<\/p>\n<p><a href=\"https:\/\/planetdiablo.eu\/d2dbnext\/itemdb\/index.php\"><strong><strong>Datenbank Diablo 2 Resurrected<\/strong> DLC Warlock Patch 3.0+<\/strong><\/a><br \/>\n<a href=\"https:\/\/planetdiablo.eu\/d2dbneu\/itemdb\/index.php\"><strong>Datenbank Diablo 2 Resurrected (bis 2026)<\/strong><\/a><br \/>\n<a href=\"https:\/\/planetdiablo.eu\/diablo2\/itemdb\/index.php\"><strong>Datenbank Diablo 2 mit Lod (Legacy)<\/strong><\/a><br \/>\n<a href=\"https:\/\/planetdiablo.eu\/de\/diablo-2\/diablodb\/\">Itemklassen und Typen<\/a> (Erkl\u00e4rung \/ Einordnung)<\/p>\n<h2>Diablo II: LoD<\/h2>\n<p><img decoding=\"async\" class=\"wp-image\" src=\"\/wp-content\/uploads\/2011\/07\/d2x-logo.jpg\" alt=\"Diablo 2 Lord of Destruction\" align=\"absmiddle\" \/><\/p>\n<ul>\n<li><a href=\"diablo-1\/\">Diablo<\/a> Kleine Erinnerung gef\u00e4llig? Hier das Wichtigste aus dem legend\u00e4ren Vorg\u00e4nger von Diablo2.<\/li>\n<li><a href=\"die-story\/\">Die Story<\/a> Wie der Name schon vermuten l\u00e4sst, erfahrt ihr hier die ungemein heisse Story des Spiels.<\/li>\n<li><a href=\"calculatoren\/\">Calculatoren<\/a> Unsere Calculatoren helfen euch dabei, die wichtigsten Daten rund um Diablo 2 auszurechnen.<\/li>\n<li><a href=\"guides\/\">Guides<\/a> Unsere Umfangreiche Guidesammlung zu Diablo 2 beinhaltet zu jedem Charakter unz\u00e4hlige Guides, die euch das Leben leichter machen.<\/li>\n<li><a href=\"interface\/\">Das Interface<\/a> Mit dieser sehr leicht zu verstehenden Erkl\u00e4rung der Benutzerschnittstelle werden auch die Leute in der Lage sein, sofort in das Spiel einsteigen zu k\u00f6nnen, die nicht gerne Handb\u00fccher studieren.<\/li>\n<li><a href=\"die-akte\/\">Welten\/Akte<\/a> Erkundigt euch lieber zun\u00e4chst \u00fcber die Umgebung, bevor ihr euch ins Abenteuer st\u00fcrzt.<\/li>\n<li><a href=\"npcs-nicht-spieler-charaktere\/\">NPC&#8217;s<\/a> Findet heraus, wer genau die Nicht-Spieler-Charaktere sind, die euch in der Stadt aushelfen.<\/li>\n<li><a href=\"die-charaktere\/\">Charaktere<\/a> Jeder Charaktertyp hat seine Vor- und Nachteile. Bei der Wahl, wen ihr euch als euren Helden aussucht, k\u00f6nnte euch dieser Bereich behilflich werden.<\/li>\n<li><a href=\"skills\/\">Skills<\/a> Hier geht es um die besonderen Kr\u00e4fte, die jeder Charakter besitzt. Erfahrt alles \u00fcber ihre magischen F\u00e4higkeiten.<\/li>\n<li><a href=\"quests\/\">Quests<\/a> H\u00e4ngt ihr an der L\u00f6sung einer Aufgabe? Wo war nochmal die Spinnenh\u00f6hle? Ein Blick auf diese Seiten bringt Licht ins Dunkel.<\/li>\n<li>Itemdatenbank\u00a0 <a href=\"https:\/\/planetdiablo.eu\/diablo2\/itemdb\/index.php\">D2R<\/a> \/ <a href=\"https:\/\/planetdiablo.eu\/diablo2\/itemdb\/index.php\">D2 Legacy<\/a> In diesen Datenbanken sind detaillierte Informationen zu den Eigenschaften der einzelnen Items zu finden. PlanetDiablo.eu l\u00e4dt zum st\u00f6bern ein \ud83d\ude42<\/li>\n<li><a href=\"autostaffgut\/\">sonstige Item-Eigenschaften<\/a> Hier werden &#8222;gute&#8220; Gegenst\u00e4nde sowie die Automods und Staffmods erkl\u00e4rt, die zus\u00e4tzlich zu den magischen Eigenschaften und sogar auf nichtmagischen Items auftreten k\u00f6nnen.<\/li>\n<li><a href=\"schreine\/\">Schreine<\/a> Welche Arten dieser mystischen Kultst\u00e4tten gibt es und was bewirken sie? Diese Seite gibt Antwort!<\/li>\n<li><a href=\"bugs-loopholes\/\">Bugs\/Loopholes<\/a> Bugs und Loopholes sind die Schattenseite dieses gelungenen Spiels. Eine Auflistung dar\u00fcber findet ihr auf dieser Seite.<\/li>\n<li><a href=\"konsolenbefehle\/\">Konsolenbefehle<\/a> Wie schaffe ich es, dass sich Diablo2 direkt mit dem Battle.net verbindet? Wie fl\u00fcstere ich einen Mitspieler an? Anworten gibt es unter diesem Punkt.<\/li>\n<\/ul>\n<h2>Diablo II Classic<\/h2>\n<p><img decoding=\"async\" class=\"wp-image\" src=\"\/wp-content\/uploads\/\/2011\/07\/d2c-logo.jpg\" alt=\"Diablo 2 Classic\" align=\"absmiddle\" \/><\/p>\n<ul>\n<li><a href=\"\/de\/diablodb\/classic\/\">Itemdatenbank<\/a> (derzeit offline &#8230; )In dieser Datenbank sind detaillierte Informationen zu den Eigenschaften der einzelnen Items zu finden.<\/li>\n<\/ul>\n<h2>Tipps &amp; Tricks<\/h2>\n<p>Falls Ihr noch Tipps und Tricks zu Diablo 2 sucht, schaut auf der entsprechenden Seite nach:<br \/>\n<a href=\"tips\/\">Tipps &amp; Tricks<\/a><\/p>\n","protected":false},"excerpt":{"rendered":"<p>Hier findet ihr s\u00e4mtliche Grundinformationen zu Diablo 2 (Jahr 2000) und zu Diablo2:Resurrected (Jahr 2021). Hinsichtlich der spielbaren Inhalte waren beide Spiele zu Release von D2R nahezu identisch. Mittlerweile hat D2R eine neue Klasse &#8211; den Hexenmeister &#8211; spendiert bekommen, sowie einige Items und neue Funktionen. Man kann also grob unterscheiden: Diablo 2 Classic &#8211;&hellip; <a class=\"more-link\" href=\"https:\/\/planetdiablo.eu\/de\/diablo-2\/\"><span class=\"screen-reader-text\">Willkommen in der Diablo-2-Sektion!<\/span> weiterlesen<\/a><\/p>\n","protected":false},"author":747,"featured_media":581243,"parent":0,"menu_order":90,"comment_status":"closed","ping_status":"open","template":"","meta":{"footnotes":""},"class_list":["post-71","page","type-page","status-publish","has-post-thumbnail","hentry","entry"],"_links":{"self":[{"href":"https:\/\/planetdiablo.eu\/de\/wp-json\/wp\/v2\/pages\/71","targetHints":{"allow":["GET"]}}],"collection":[{"href":"https:\/\/planetdiablo.eu\/de\/wp-json\/wp\/v2\/pages"}],"about":[{"href":"https:\/\/planetdiablo.eu\/de\/wp-json\/wp\/v2\/types\/page"}],"author":[{"embeddable":true,"href":"https:\/\/planetdiablo.eu\/de\/wp-json\/wp\/v2\/users\/747"}],"replies":[{"embeddable":true,"href":"https:\/\/planetdiablo.eu\/de\/wp-json\/wp\/v2\/comments?post=71"}],"version-history":[{"count":26,"href":"https:\/\/planetdiablo.eu\/de\/wp-json\/wp\/v2\/pages\/71\/revisions"}],"predecessor-version":[{"id":589543,"href":"https:\/\/planetdiablo.eu\/de\/wp-json\/wp\/v2\/pages\/71\/revisions\/589543"}],"wp:featuredmedia":[{"embeddable":true,"href":"https:\/\/planetdiablo.eu\/de\/wp-json\/wp\/v2\/media\/581243"}],"wp:attachment":[{"href":"https:\/\/planetdiablo.eu\/de\/wp-json\/wp\/v2\/media?parent=71"}],"curies":[{"name":"wp","href":"https:\/\/api.w.org\/{rel}","templated":true}]}}