{"id":735,"date":"2011-06-17T17:20:44","date_gmt":"2011-06-17T15:20:44","guid":{"rendered":"http:\/\/diablo3.ingame.de\/?page_id=735"},"modified":"2011-06-17T17:20:44","modified_gmt":"2011-06-17T15:20:44","slug":"indiablo-de-im-irc","status":"publish","type":"page","link":"https:\/\/planetdiablo.eu\/de\/indiablo-de-im-irc\/","title":{"rendered":"inDiablo.de im IRC"},"content":{"rendered":"<p><strong>Die offiziellen inDiablo.de-Channels befinden sich im Quakenet<\/strong><br \/>\nUm Zugang zum Quakenet zu erhalten, k\u00f6nnt ihr euch einen Client wie z.B. mIRC oder XChat installieren, oder einfach unseren <a href=\"http:\/\/diablo3.ingame.de\/diablo-3-chat\/\">Webclient<\/a> nutzen.<\/p>\n<ul>\n<li><strong> #indiablo.de<\/strong>: Der Community-Channel f\u00fcr Unterhaltungen \u00fcber Diablo III und anderes<\/li>\n<li><strong> #indiablo.de.d3-trade<\/strong>: Der\u00a0Channel f\u00fcr Trades und Wertsch\u00e4tzungen von <strong>Diablo III (SC + HC)<\/strong><\/li>\n<li><strong> #diablo2.de<\/strong>: Der Community-Channel f\u00fcr Unterhaltungen \u00fcber Diablo II\/LoD und anderes<\/li>\n<li><strong> #diablo2.de.newbie-help<\/strong>: Der Channel der <a title=\"Anf\u00e4ngerhilfe\" href=\"http:\/\/diablo3.ingame.de\/forum\/die-anfaengerhilfe-1786\/\">inDiablo.de Anf\u00e4ngerhilfe<\/a><\/li>\n<li><strong> #diablo2.de.trade<\/strong>: Der Channel f\u00fcr Trades und Wertsch\u00e4tzungen f\u00fcr den Modus<strong> LoD SC Ladder<\/strong>.<\/li>\n<li><strong> #diablo2.de.trade.nonladder<\/strong>: Der Channel f\u00fcr Trades und Wertsch\u00e4tzungen f\u00fcr den Modus: <strong>LoD SC NonLadder<\/strong>.<\/li>\n<li><strong> #diablo2.de.open<\/strong>: Der Channel der Singleplayer-Community<\/li>\n<li><strong> #diablo2.de.classic<\/strong>: Hier treffen sich alle Classic-Spieler zum Chatten und Traden<\/li>\n<li><strong> #diablo2.de.hardcore<\/strong>: Hier treffen sich alle Hardcore-Spieler zum Chatten und Traden<\/li>\n<\/ul>\n<p>Dort finden sich praktisch rund um die Uhr Leute mit denen Ihr euch unterhalten k\u00f6nnt, ausserdem k\u00f6nnt ihr <strong>inDiablo.de<\/strong> Staff Mitglieder dort mit Euren Fragen l\u00f6chern. \ud83d\ude42<br \/>\n<strong>Wichtige Informationen:<\/strong><\/p>\n<ul>\n<li>Um unn\u00f6tigen \u00c4rger zu vermeiden solltet ihr euch vorher unsere (hoffentlich nicht zu langen) <a href=\"http:\/\/diablo3.ingame.de\/community\/indiablo-de-im-irc\/irc-chat-indiablo-de-channelregeln\/\">Channelregeln<\/a> durchlesen.<\/li>\n<li>Um in den Tradechannel traden zu d\u00fcrfen braucht man einen Forenaccount.<\/li>\n<\/ul>\n<p>Viel Spass beim Chatten!<\/p>\n","protected":false},"excerpt":{"rendered":"<p>Die offiziellen inDiablo.de-Channels befinden sich im Quakenet Um Zugang zum Quakenet zu erhalten, k\u00f6nnt ihr euch einen Client wie z.B. mIRC oder XChat installieren, oder einfach unseren Webclient nutzen. #indiablo.de: Der Community-Channel f\u00fcr Unterhaltungen \u00fcber Diablo III und anderes #indiablo.de.d3-trade: Der\u00a0Channel f\u00fcr Trades und Wertsch\u00e4tzungen von Diablo III (SC + HC) #diablo2.de: Der Community-Channel f\u00fcr&hellip; <a class=\"more-link\" href=\"https:\/\/planetdiablo.eu\/de\/indiablo-de-im-irc\/\"><span class=\"screen-reader-text\">inDiablo.de im IRC<\/span> weiterlesen<\/a><\/p>\n","protected":false},"author":747,"featured_media":0,"parent":0,"menu_order":33,"comment_status":"open","ping_status":"open","template":"","meta":{"footnotes":""},"class_list":["post-735","page","type-page","status-publish","hentry","entry"],"_links":{"self":[{"href":"https:\/\/planetdiablo.eu\/de\/wp-json\/wp\/v2\/pages\/735","targetHints":{"allow":["GET"]}}],"collection":[{"href":"https:\/\/planetdiablo.eu\/de\/wp-json\/wp\/v2\/pages"}],"about":[{"href":"https:\/\/planetdiablo.eu\/de\/wp-json\/wp\/v2\/types\/page"}],"author":[{"embeddable":true,"href":"https:\/\/planetdiablo.eu\/de\/wp-json\/wp\/v2\/users\/747"}],"replies":[{"embeddable":true,"href":"https:\/\/planetdiablo.eu\/de\/wp-json\/wp\/v2\/comments?post=735"}],"version-history":[{"count":0,"href":"https:\/\/planetdiablo.eu\/de\/wp-json\/wp\/v2\/pages\/735\/revisions"}],"wp:attachment":[{"href":"https:\/\/planetdiablo.eu\/de\/wp-json\/wp\/v2\/media?parent=735"}],"curies":[{"name":"wp","href":"https:\/\/api.w.org\/{rel}","templated":true}]}}